{"id":11072,"date":"2019-05-20T14:20:32","date_gmt":"2019-05-20T12:20:32","guid":{"rendered":"https:\/\/ts.at\/de\/?page_id=11072"},"modified":"2025-02-28T14:48:37","modified_gmt":"2025-02-28T13:48:37","slug":"online-terminbuchung","status":"publish","type":"page","link":"https:\/\/ts.at\/de\/terminbuchung\/","title":{"rendered":"Online-Terminbuchung"},"content":{"rendered":"<p><\/p>\n<p>Wir weisen darauf hin, dass eine Online-Terminbuchung bei Dr. Tonninger und Dr. Schermaier derzeit nicht m\u00f6glich, sondern ausschlie\u00dflich f\u00fcr Mag. Schmied, Mag. Dr. Albrecht und Mag. Gross verf\u00fcgbar ist. F\u00fcr einen Termin bei Dr. Tonninger und Dr. Schermaier kontaktieren Sie bitte unser Sekretariat telefonisch unter 01\/218 44 40 oder per E-Mail unter <a href=\"mailto:office@ts.at\">office@ts.at<\/a>.<\/p>\n<p>Termine k\u00f6nnen bis zu 24 Stunden vor dem jeweiligen Besprechungsbeginn und maximal 1 Woche im Voraus online gebucht werden. F\u00fcr weiter in der Zukunft liegende Termine ersuchen wir Sie, unser Sekretariat telefonisch unter 01\/218 44 40 oder per E-Mail unter <a href=\"mailto:office@ts.at\">office@ts.at <\/a>zu kontaktieren.<\/p>\n<p><\/p>","protected":false},"excerpt":{"rendered":"<p>Wir weisen darauf hin, dass eine Online-Terminbuchung bei Dr. Tonninger und Dr. Schermaier derzeit nicht m\u00f6glich, sondern ausschlie\u00dflich f\u00fcr Mag. Schmied, Mag. Dr. Albrecht und Mag. Gross verf\u00fcgbar ist. F\u00fcr einen Termin bei Dr. Tonninger und Dr. Schermaier kontaktieren Sie bitte unser Sekretariat telefonisch unter 01\/218 44 40 oder per E-Mail unter office@ts.at. Termine k\u00f6nnen<\/p>\n","protected":false},"author":7,"featured_media":0,"parent":0,"menu_order":0,"comment_status":"closed","ping_status":"closed","template":"template-terminbuchung.php","meta":{"_acf_changed":false,"footnotes":""},"class_list":["post-11072","page","type-page","status-publish","hentry"],"acf":[],"yoast_head":"<!-- This site is optimized with the Yoast SEO plugin v27.3 - https:\/\/yoast.com\/product\/yoast-seo-wordpress\/ -->\n<title>Online-Terminbuchung &#8211; TS&amp;P<\/title>\n<meta name=\"description\" content=\"Buchen Sie Ihren Wunschtermin f\u00fcr ein Beratungsbespr\u00e4ch bei TS&amp;P gleich online!\" \/>\n<meta name=\"robots\" content=\"index, follow, max-snippet:-1, max-image-preview:large, max-video-preview:-1\" \/>\n<link rel=\"canonical\" href=\"https:\/\/ts.at\/de\/terminbuchung\/\" \/>\n<meta property=\"og:locale\" content=\"de_DE\" \/>\n<meta property=\"og:type\" content=\"article\" \/>\n<meta property=\"og:title\" content=\"Online-Terminbuchung &#8211; TS&amp;P\" \/>\n<meta property=\"og:description\" content=\"Buchen Sie Ihren Wunschtermin f\u00fcr ein Beratungsbespr\u00e4ch bei TS&amp;P gleich online!\" \/>\n<meta property=\"og:url\" content=\"https:\/\/ts.at\/de\/terminbuchung\/\" \/>\n<meta property=\"og:site_name\" content=\"TS&amp;P\" \/>\n<meta property=\"article:modified_time\" content=\"2025-02-28T13:48:37+00:00\" \/>\n<meta name=\"twitter:card\" content=\"summary_large_image\" \/>\n<meta name=\"twitter:label1\" content=\"Gesch\u00e4tzte Lesezeit\" \/>\n\t<meta name=\"twitter:data1\" content=\"1\u00a0Minute\" \/>\n<script type=\"application\/ld+json\" class=\"yoast-schema-graph\">{\"@context\":\"https:\\\/\\\/schema.org\",\"@graph\":[{\"@type\":\"WebPage\",\"@id\":\"https:\\\/\\\/ts.at\\\/de\\\/terminbuchung\\\/\",\"url\":\"https:\\\/\\\/ts.at\\\/de\\\/terminbuchung\\\/\",\"name\":\"Online-Terminbuchung &#8211; TS&amp;P\",\"isPartOf\":{\"@id\":\"https:\\\/\\\/ts.at\\\/de\\\/#website\"},\"datePublished\":\"2019-05-20T12:20:32+00:00\",\"dateModified\":\"2025-02-28T13:48:37+00:00\",\"description\":\"Buchen Sie Ihren Wunschtermin f\u00fcr ein Beratungsbespr\u00e4ch bei TS&P gleich online!\",\"breadcrumb\":{\"@id\":\"https:\\\/\\\/ts.at\\\/de\\\/terminbuchung\\\/#breadcrumb\"},\"inLanguage\":\"de\",\"potentialAction\":[{\"@type\":\"ReadAction\",\"target\":[\"https:\\\/\\\/ts.at\\\/de\\\/terminbuchung\\\/\"]}]},{\"@type\":\"BreadcrumbList\",\"@id\":\"https:\\\/\\\/ts.at\\\/de\\\/terminbuchung\\\/#breadcrumb\",\"itemListElement\":[{\"@type\":\"ListItem\",\"position\":1,\"name\":\"Home\",\"item\":\"https:\\\/\\\/ts.at\\\/de\\\/\"},{\"@type\":\"ListItem\",\"position\":2,\"name\":\"Online-Terminbuchung\"}]},{\"@type\":\"WebSite\",\"@id\":\"https:\\\/\\\/ts.at\\\/de\\\/#website\",\"url\":\"https:\\\/\\\/ts.at\\\/de\\\/\",\"name\":\"Tonninger Schermaier & Partner\",\"description\":\"Rechtsanw\u00e4lte\",\"alternateName\":\"TS & P\",\"potentialAction\":[{\"@type\":\"SearchAction\",\"target\":{\"@type\":\"EntryPoint\",\"urlTemplate\":\"https:\\\/\\\/ts.at\\\/de\\\/?s={search_term_string}\"},\"query-input\":{\"@type\":\"PropertyValueSpecification\",\"valueRequired\":true,\"valueName\":\"search_term_string\"}}],\"inLanguage\":\"de\"}]}<\/script>\n<!-- \/ Yoast SEO plugin. -->","yoast_head_json":{"title":"Online-Terminbuchung &#8211; TS&amp;P","description":"Buchen Sie Ihren Wunschtermin f\u00fcr ein Beratungsbespr\u00e4ch bei TS&P gleich online!","robots":{"index":"index","follow":"follow","max-snippet":"max-snippet:-1","max-image-preview":"max-image-preview:large","max-video-preview":"max-video-preview:-1"},"canonical":"https:\/\/ts.at\/de\/terminbuchung\/","og_locale":"de_DE","og_type":"article","og_title":"Online-Terminbuchung &#8211; TS&amp;P","og_description":"Buchen Sie Ihren Wunschtermin f\u00fcr ein Beratungsbespr\u00e4ch bei TS&P gleich online!","og_url":"https:\/\/ts.at\/de\/terminbuchung\/","og_site_name":"TS&amp;P","article_modified_time":"2025-02-28T13:48:37+00:00","twitter_card":"summary_large_image","twitter_misc":{"Gesch\u00e4tzte Lesezeit":"1\u00a0Minute"},"schema":{"@context":"https:\/\/schema.org","@graph":[{"@type":"WebPage","@id":"https:\/\/ts.at\/de\/terminbuchung\/","url":"https:\/\/ts.at\/de\/terminbuchung\/","name":"Online-Terminbuchung &#8211; TS&amp;P","isPartOf":{"@id":"https:\/\/ts.at\/de\/#website"},"datePublished":"2019-05-20T12:20:32+00:00","dateModified":"2025-02-28T13:48:37+00:00","description":"Buchen Sie Ihren Wunschtermin f\u00fcr ein Beratungsbespr\u00e4ch bei TS&P gleich online!","breadcrumb":{"@id":"https:\/\/ts.at\/de\/terminbuchung\/#breadcrumb"},"inLanguage":"de","potentialAction":[{"@type":"ReadAction","target":["https:\/\/ts.at\/de\/terminbuchung\/"]}]},{"@type":"BreadcrumbList","@id":"https:\/\/ts.at\/de\/terminbuchung\/#breadcrumb","itemListElement":[{"@type":"ListItem","position":1,"name":"Home","item":"https:\/\/ts.at\/de\/"},{"@type":"ListItem","position":2,"name":"Online-Terminbuchung"}]},{"@type":"WebSite","@id":"https:\/\/ts.at\/de\/#website","url":"https:\/\/ts.at\/de\/","name":"Tonninger Schermaier & Partner","description":"Rechtsanw\u00e4lte","alternateName":"TS & P","potentialAction":[{"@type":"SearchAction","target":{"@type":"EntryPoint","urlTemplate":"https:\/\/ts.at\/de\/?s={search_term_string}"},"query-input":{"@type":"PropertyValueSpecification","valueRequired":true,"valueName":"search_term_string"}}],"inLanguage":"de"}]}},"_links":{"self":[{"href":"https:\/\/ts.at\/de\/wp-json\/wp\/v2\/pages\/11072","targetHints":{"allow":["GET"]}}],"collection":[{"href":"https:\/\/ts.at\/de\/wp-json\/wp\/v2\/pages"}],"about":[{"href":"https:\/\/ts.at\/de\/wp-json\/wp\/v2\/types\/page"}],"author":[{"embeddable":true,"href":"https:\/\/ts.at\/de\/wp-json\/wp\/v2\/users\/7"}],"replies":[{"embeddable":true,"href":"https:\/\/ts.at\/de\/wp-json\/wp\/v2\/comments?post=11072"}],"version-history":[{"count":12,"href":"https:\/\/ts.at\/de\/wp-json\/wp\/v2\/pages\/11072\/revisions"}],"predecessor-version":[{"id":12359,"href":"https:\/\/ts.at\/de\/wp-json\/wp\/v2\/pages\/11072\/revisions\/12359"}],"wp:attachment":[{"href":"https:\/\/ts.at\/de\/wp-json\/wp\/v2\/media?parent=11072"}],"curies":[{"name":"wp","href":"https:\/\/api.w.org\/{rel}","templated":true}]}}