{"id":11177,"date":"2019-12-10T09:31:28","date_gmt":"2019-12-10T08:31:28","guid":{"rendered":"https:\/\/ts.at\/de\/?page_id=11177"},"modified":"2024-09-04T14:37:08","modified_gmt":"2024-09-04T12:37:08","slug":"erwachsenenschutzrecht","status":"publish","type":"page","link":"https:\/\/ts.at\/de\/erwachsenenschutzrecht\/","title":{"rendered":"Erwachsenenschutzrecht"},"content":{"rendered":"<p><\/p>\n<p><script type=\"text\/javascript\" src=\"https:\/\/advocheck24.com\/widget\/richsnippet-localbusiness\/102.js\" ><\/script><\/p>\n<p>Mit der rechtzeitigen Erstellung einer Vorsorgevollmacht und\/oder Patientenverf\u00fcgung kann man auch f\u00fcr die Zeiten selbstbestimmt vorsorgen, in denen man nicht mehr entscheidungsf\u00e4hig und \u00e4u\u00dferungsf\u00e4hig ist. Man hat es damit selbst in der Hand zu entscheiden, wer einen als Vorsorgebevollm\u00e4chtiger vertreten soll und erspart sich und Angeh\u00f6rigen die gerichtliche Bestellung eines Erwachsenenvertreters (fr\u00fcher Sachwalter).<\/p>\n<h2>Ihr Ansprechpartner:<\/h2>\n<p><a href=\"https:\/\/ts.at\/de\/person\/mag-clemens-schmied\/\">RA Mag. Clemens Schmied<\/a>\u00a0 <a href=\"https:\/\/ts.at\/terminbuchung\" class=\"link-termin\">[zur Online-Terminbuchung]<\/a><\/p>\n<h2>Unsere Leistungen:<\/h2>\n<p>Wir beraten und vertreten Sie umfassend zu allen Fragen des Erwachsenenschutzrechts und bieten diesbez\u00fcglich insbesondere folgende Services an:<\/p>\n<ul>\n<li>Errichtung von Vorsorgevollmachten<\/li>\n<li>Errichtung von Patientenverf\u00fcgungen<\/li>\n<\/ul>\n<p>\n<script id=\"advocheck-rating-script\" src=\"https:\/\/advocheck24.com\/widget\/richsnippet-localbusiness-rating\/102.js\" type=\"text\/javascript\"><\/script>\n<\/p>\n<p><\/p>","protected":false},"excerpt":{"rendered":"<p>Mit der rechtzeitigen Erstellung einer Vorsorgevollmacht und\/oder Patientenverf\u00fcgung kann man auch f\u00fcr die Zeiten selbstbestimmt vorsorgen, in denen man nicht mehr entscheidungsf\u00e4hig und \u00e4u\u00dferungsf\u00e4hig ist. Man hat es damit selbst in der Hand zu entscheiden, wer einen als Vorsorgebevollm\u00e4chtiger vertreten soll und erspart sich und Angeh\u00f6rigen die gerichtliche Bestellung eines Erwachsenenvertreters (fr\u00fcher Sachwalter). Ihr Ansprechpartner:<\/p>\n","protected":false},"author":9,"featured_media":375,"parent":0,"menu_order":0,"comment_status":"closed","ping_status":"closed","template":"","meta":{"_acf_changed":false,"footnotes":""},"class_list":["post-11177","page","type-page","status-publish","has-post-thumbnail","hentry"],"acf":[],"yoast_head":"<!-- This site is optimized with the Yoast SEO plugin v27.3 - https:\/\/yoast.com\/product\/yoast-seo-wordpress\/ -->\n<title>Erwachsenenschutzrecht &#8211; TS&amp;P<\/title>\n<meta name=\"robots\" content=\"index, follow, max-snippet:-1, max-image-preview:large, max-video-preview:-1\" \/>\n<link rel=\"canonical\" href=\"https:\/\/ts.at\/de\/erwachsenenschutzrecht\/\" \/>\n<meta property=\"og:locale\" content=\"de_DE\" \/>\n<meta property=\"og:type\" content=\"article\" \/>\n<meta property=\"og:title\" content=\"Erwachsenenschutzrecht &#8211; TS&amp;P\" \/>\n<meta property=\"og:description\" content=\"Mit der rechtzeitigen Erstellung einer Vorsorgevollmacht und\/oder Patientenverf\u00fcgung kann man auch f\u00fcr die Zeiten selbstbestimmt vorsorgen, in denen man nicht mehr entscheidungsf\u00e4hig und \u00e4u\u00dferungsf\u00e4hig ist. Man hat es damit selbst in der Hand zu entscheiden, wer einen als Vorsorgebevollm\u00e4chtiger vertreten soll und erspart sich und Angeh\u00f6rigen die gerichtliche Bestellung eines Erwachsenenvertreters (fr\u00fcher Sachwalter). Ihr Ansprechpartner:\" \/>\n<meta property=\"og:url\" content=\"https:\/\/ts.at\/de\/erwachsenenschutzrecht\/\" \/>\n<meta property=\"og:site_name\" content=\"TS&amp;P\" \/>\n<meta property=\"article:modified_time\" content=\"2024-09-04T12:37:08+00:00\" \/>\n<meta property=\"og:image\" content=\"https:\/\/ts.at\/wp-content\/uploads\/2013\/05\/Network.jpg\" \/>\n\t<meta property=\"og:image:width\" content=\"1828\" \/>\n\t<meta property=\"og:image:height\" content=\"216\" \/>\n\t<meta property=\"og:image:type\" content=\"image\/jpeg\" \/>\n<meta name=\"twitter:card\" content=\"summary_large_image\" \/>\n<meta name=\"twitter:label1\" content=\"Gesch\u00e4tzte Lesezeit\" \/>\n\t<meta name=\"twitter:data1\" content=\"1\u00a0Minute\" \/>\n<script type=\"application\/ld+json\" class=\"yoast-schema-graph\">{\"@context\":\"https:\\\/\\\/schema.org\",\"@graph\":[{\"@type\":\"WebPage\",\"@id\":\"https:\\\/\\\/ts.at\\\/de\\\/erwachsenenschutzrecht\\\/\",\"url\":\"https:\\\/\\\/ts.at\\\/de\\\/erwachsenenschutzrecht\\\/\",\"name\":\"Erwachsenenschutzrecht &#8211; TS&amp;P\",\"isPartOf\":{\"@id\":\"https:\\\/\\\/ts.at\\\/de\\\/#website\"},\"primaryImageOfPage\":{\"@id\":\"https:\\\/\\\/ts.at\\\/de\\\/erwachsenenschutzrecht\\\/#primaryimage\"},\"image\":{\"@id\":\"https:\\\/\\\/ts.at\\\/de\\\/erwachsenenschutzrecht\\\/#primaryimage\"},\"thumbnailUrl\":\"https:\\\/\\\/ts.at\\\/wp-content\\\/uploads\\\/2013\\\/05\\\/Network.jpg\",\"datePublished\":\"2019-12-10T08:31:28+00:00\",\"dateModified\":\"2024-09-04T12:37:08+00:00\",\"breadcrumb\":{\"@id\":\"https:\\\/\\\/ts.at\\\/de\\\/erwachsenenschutzrecht\\\/#breadcrumb\"},\"inLanguage\":\"de\",\"potentialAction\":[{\"@type\":\"ReadAction\",\"target\":[\"https:\\\/\\\/ts.at\\\/de\\\/erwachsenenschutzrecht\\\/\"]}]},{\"@type\":\"ImageObject\",\"inLanguage\":\"de\",\"@id\":\"https:\\\/\\\/ts.at\\\/de\\\/erwachsenenschutzrecht\\\/#primaryimage\",\"url\":\"https:\\\/\\\/ts.at\\\/wp-content\\\/uploads\\\/2013\\\/05\\\/Network.jpg\",\"contentUrl\":\"https:\\\/\\\/ts.at\\\/wp-content\\\/uploads\\\/2013\\\/05\\\/Network.jpg\",\"width\":1828,\"height\":216},{\"@type\":\"BreadcrumbList\",\"@id\":\"https:\\\/\\\/ts.at\\\/de\\\/erwachsenenschutzrecht\\\/#breadcrumb\",\"itemListElement\":[{\"@type\":\"ListItem\",\"position\":1,\"name\":\"Home\",\"item\":\"https:\\\/\\\/ts.at\\\/de\\\/\"},{\"@type\":\"ListItem\",\"position\":2,\"name\":\"Erwachsenenschutzrecht\"}]},{\"@type\":\"WebSite\",\"@id\":\"https:\\\/\\\/ts.at\\\/de\\\/#website\",\"url\":\"https:\\\/\\\/ts.at\\\/de\\\/\",\"name\":\"Tonninger Schermaier & Partner\",\"description\":\"Rechtsanw\u00e4lte\",\"alternateName\":\"TS & P\",\"potentialAction\":[{\"@type\":\"SearchAction\",\"target\":{\"@type\":\"EntryPoint\",\"urlTemplate\":\"https:\\\/\\\/ts.at\\\/de\\\/?s={search_term_string}\"},\"query-input\":{\"@type\":\"PropertyValueSpecification\",\"valueRequired\":true,\"valueName\":\"search_term_string\"}}],\"inLanguage\":\"de\"}]}<\/script>\n<!-- \/ Yoast SEO plugin. -->","yoast_head_json":{"title":"Erwachsenenschutzrecht &#8211; TS&amp;P","robots":{"index":"index","follow":"follow","max-snippet":"max-snippet:-1","max-image-preview":"max-image-preview:large","max-video-preview":"max-video-preview:-1"},"canonical":"https:\/\/ts.at\/de\/erwachsenenschutzrecht\/","og_locale":"de_DE","og_type":"article","og_title":"Erwachsenenschutzrecht &#8211; TS&amp;P","og_description":"Mit der rechtzeitigen Erstellung einer Vorsorgevollmacht und\/oder Patientenverf\u00fcgung kann man auch f\u00fcr die Zeiten selbstbestimmt vorsorgen, in denen man nicht mehr entscheidungsf\u00e4hig und \u00e4u\u00dferungsf\u00e4hig ist. Man hat es damit selbst in der Hand zu entscheiden, wer einen als Vorsorgebevollm\u00e4chtiger vertreten soll und erspart sich und Angeh\u00f6rigen die gerichtliche Bestellung eines Erwachsenenvertreters (fr\u00fcher Sachwalter). Ihr Ansprechpartner:","og_url":"https:\/\/ts.at\/de\/erwachsenenschutzrecht\/","og_site_name":"TS&amp;P","article_modified_time":"2024-09-04T12:37:08+00:00","og_image":[{"width":1828,"height":216,"url":"https:\/\/ts.at\/wp-content\/uploads\/2013\/05\/Network.jpg","type":"image\/jpeg"}],"twitter_card":"summary_large_image","twitter_misc":{"Gesch\u00e4tzte Lesezeit":"1\u00a0Minute"},"schema":{"@context":"https:\/\/schema.org","@graph":[{"@type":"WebPage","@id":"https:\/\/ts.at\/de\/erwachsenenschutzrecht\/","url":"https:\/\/ts.at\/de\/erwachsenenschutzrecht\/","name":"Erwachsenenschutzrecht &#8211; TS&amp;P","isPartOf":{"@id":"https:\/\/ts.at\/de\/#website"},"primaryImageOfPage":{"@id":"https:\/\/ts.at\/de\/erwachsenenschutzrecht\/#primaryimage"},"image":{"@id":"https:\/\/ts.at\/de\/erwachsenenschutzrecht\/#primaryimage"},"thumbnailUrl":"https:\/\/ts.at\/wp-content\/uploads\/2013\/05\/Network.jpg","datePublished":"2019-12-10T08:31:28+00:00","dateModified":"2024-09-04T12:37:08+00:00","breadcrumb":{"@id":"https:\/\/ts.at\/de\/erwachsenenschutzrecht\/#breadcrumb"},"inLanguage":"de","potentialAction":[{"@type":"ReadAction","target":["https:\/\/ts.at\/de\/erwachsenenschutzrecht\/"]}]},{"@type":"ImageObject","inLanguage":"de","@id":"https:\/\/ts.at\/de\/erwachsenenschutzrecht\/#primaryimage","url":"https:\/\/ts.at\/wp-content\/uploads\/2013\/05\/Network.jpg","contentUrl":"https:\/\/ts.at\/wp-content\/uploads\/2013\/05\/Network.jpg","width":1828,"height":216},{"@type":"BreadcrumbList","@id":"https:\/\/ts.at\/de\/erwachsenenschutzrecht\/#breadcrumb","itemListElement":[{"@type":"ListItem","position":1,"name":"Home","item":"https:\/\/ts.at\/de\/"},{"@type":"ListItem","position":2,"name":"Erwachsenenschutzrecht"}]},{"@type":"WebSite","@id":"https:\/\/ts.at\/de\/#website","url":"https:\/\/ts.at\/de\/","name":"Tonninger Schermaier & Partner","description":"Rechtsanw\u00e4lte","alternateName":"TS & P","potentialAction":[{"@type":"SearchAction","target":{"@type":"EntryPoint","urlTemplate":"https:\/\/ts.at\/de\/?s={search_term_string}"},"query-input":{"@type":"PropertyValueSpecification","valueRequired":true,"valueName":"search_term_string"}}],"inLanguage":"de"}]}},"_links":{"self":[{"href":"https:\/\/ts.at\/de\/wp-json\/wp\/v2\/pages\/11177","targetHints":{"allow":["GET"]}}],"collection":[{"href":"https:\/\/ts.at\/de\/wp-json\/wp\/v2\/pages"}],"about":[{"href":"https:\/\/ts.at\/de\/wp-json\/wp\/v2\/types\/page"}],"author":[{"embeddable":true,"href":"https:\/\/ts.at\/de\/wp-json\/wp\/v2\/users\/9"}],"replies":[{"embeddable":true,"href":"https:\/\/ts.at\/de\/wp-json\/wp\/v2\/comments?post=11177"}],"version-history":[{"count":6,"href":"https:\/\/ts.at\/de\/wp-json\/wp\/v2\/pages\/11177\/revisions"}],"predecessor-version":[{"id":12283,"href":"https:\/\/ts.at\/de\/wp-json\/wp\/v2\/pages\/11177\/revisions\/12283"}],"wp:featuredmedia":[{"embeddable":true,"href":"https:\/\/ts.at\/de\/wp-json\/wp\/v2\/media\/375"}],"wp:attachment":[{"href":"https:\/\/ts.at\/de\/wp-json\/wp\/v2\/media?parent=11177"}],"curies":[{"name":"wp","href":"https:\/\/api.w.org\/{rel}","templated":true}]}}