{"id":11181,"date":"2019-12-10T09:36:20","date_gmt":"2019-12-10T08:36:20","guid":{"rendered":"https:\/\/ts.at\/de\/?page_id=11181"},"modified":"2024-09-04T14:37:30","modified_gmt":"2024-09-04T12:37:30","slug":"erbrecht","status":"publish","type":"page","link":"https:\/\/ts.at\/de\/erbrecht\/","title":{"rendered":"Erbrecht"},"content":{"rendered":"<p><\/p>\n<p><script type=\"text\/javascript\" src=\"https:\/\/advocheck24.com\/widget\/richsnippet-localbusiness\/102.js\" ><\/script><\/p>\n<p>Als Erbe oder Pflichtteilsberechtigter im Verlassenschaftsverfahren ist es zweckm\u00e4\u00dfig seine Rechte und Anspr\u00fcche zu kennen. Im Verlassenschaftsverfahren und bei der Durchsetzung erbrechtlicher Anspr\u00fcche erspart professionelle anwaltliche Beratung Nerven und Geld. Auch als Erblasser k\u00f6nnen schon unscheinbare Formm\u00e4ngel bei der Erstellung von letztwilligen Verf\u00fcgungen gro\u00dfe Auswirkungen haben. Eine professionelle Beratung hilft derartige Fehler zu vermeiden.<\/p>\n<h2>Ihr Ansprechpartner:<\/h2>\n<p><a href=\"https:\/\/ts.at\/de\/person\/mag-clemens-schmied\/\">RA Mag. Clemens Schmied<\/a>  <a href=\"https:\/\/ts.at\/terminbuchung\" class=\"link-termin\">[zur Online-Terminbuchung]<\/a><\/p>\n<h2>Unsere Leistungen:<\/h2>\n<p>Wir beraten und vertreten Sie umfassend zu allen Fragen des Erbrechts und bieten diesbez\u00fcglich insbesondere folgende Services an:<\/p>\n<ul>\n<li>Erstellung von letztwilligen Verf\u00fcgungen<\/li>\n<li>Vertretung im Verlassenschaftsverfahren<\/li>\n<li>Ermittlung von gesetzlichen Erb- und Pflichtteilsanspr\u00fcchen<\/li>\n<\/ul>\n<p>Durchsetzung von gesetzlichen Erb- und Pflichtteilsanspr\u00fcchen<\/p>\n<p><script id=\"advocheck-rating-script\" type=\"text\/javascript\" src=\"https:\/\/advocheck24.com\/widget\/richsnippet-localbusiness-rating\/102.js\" ><\/script><\/p>\n<p><\/p>","protected":false},"excerpt":{"rendered":"<p>Als Erbe oder Pflichtteilsberechtigter im Verlassenschaftsverfahren ist es zweckm\u00e4\u00dfig seine Rechte und Anspr\u00fcche zu kennen. Im Verlassenschaftsverfahren und bei der Durchsetzung erbrechtlicher Anspr\u00fcche erspart professionelle anwaltliche Beratung Nerven und Geld. Auch als Erblasser k\u00f6nnen schon unscheinbare Formm\u00e4ngel bei der Erstellung von letztwilligen Verf\u00fcgungen gro\u00dfe Auswirkungen haben. Eine professionelle Beratung hilft derartige Fehler zu vermeiden. Ihr<\/p>\n","protected":false},"author":9,"featured_media":375,"parent":0,"menu_order":0,"comment_status":"closed","ping_status":"closed","template":"","meta":{"_acf_changed":false,"footnotes":""},"class_list":["post-11181","page","type-page","status-publish","has-post-thumbnail","hentry"],"acf":[],"yoast_head":"<!-- This site is optimized with the Yoast SEO plugin v27.3 - https:\/\/yoast.com\/product\/yoast-seo-wordpress\/ -->\n<title>Erbrecht &#8211; TS&amp;P<\/title>\n<meta name=\"robots\" content=\"index, follow, max-snippet:-1, max-image-preview:large, max-video-preview:-1\" \/>\n<link rel=\"canonical\" href=\"https:\/\/ts.at\/de\/erbrecht\/\" \/>\n<meta property=\"og:locale\" content=\"de_DE\" \/>\n<meta property=\"og:type\" content=\"article\" \/>\n<meta property=\"og:title\" content=\"Erbrecht &#8211; TS&amp;P\" \/>\n<meta property=\"og:description\" content=\"Als Erbe oder Pflichtteilsberechtigter im Verlassenschaftsverfahren ist es zweckm\u00e4\u00dfig seine Rechte und Anspr\u00fcche zu kennen. Im Verlassenschaftsverfahren und bei der Durchsetzung erbrechtlicher Anspr\u00fcche erspart professionelle anwaltliche Beratung Nerven und Geld. Auch als Erblasser k\u00f6nnen schon unscheinbare Formm\u00e4ngel bei der Erstellung von letztwilligen Verf\u00fcgungen gro\u00dfe Auswirkungen haben. Eine professionelle Beratung hilft derartige Fehler zu vermeiden. Ihr\" \/>\n<meta property=\"og:url\" content=\"https:\/\/ts.at\/de\/erbrecht\/\" \/>\n<meta property=\"og:site_name\" content=\"TS&amp;P\" \/>\n<meta property=\"article:modified_time\" content=\"2024-09-04T12:37:30+00:00\" \/>\n<meta property=\"og:image\" content=\"https:\/\/ts.at\/wp-content\/uploads\/2013\/05\/Network.jpg\" \/>\n\t<meta property=\"og:image:width\" content=\"1828\" \/>\n\t<meta property=\"og:image:height\" content=\"216\" \/>\n\t<meta property=\"og:image:type\" content=\"image\/jpeg\" \/>\n<meta name=\"twitter:card\" content=\"summary_large_image\" \/>\n<meta name=\"twitter:label1\" content=\"Gesch\u00e4tzte Lesezeit\" \/>\n\t<meta name=\"twitter:data1\" content=\"1\u00a0Minute\" \/>\n<script type=\"application\/ld+json\" class=\"yoast-schema-graph\">{\"@context\":\"https:\\\/\\\/schema.org\",\"@graph\":[{\"@type\":\"WebPage\",\"@id\":\"https:\\\/\\\/ts.at\\\/de\\\/erbrecht\\\/\",\"url\":\"https:\\\/\\\/ts.at\\\/de\\\/erbrecht\\\/\",\"name\":\"Erbrecht &#8211; TS&amp;P\",\"isPartOf\":{\"@id\":\"https:\\\/\\\/ts.at\\\/de\\\/#website\"},\"primaryImageOfPage\":{\"@id\":\"https:\\\/\\\/ts.at\\\/de\\\/erbrecht\\\/#primaryimage\"},\"image\":{\"@id\":\"https:\\\/\\\/ts.at\\\/de\\\/erbrecht\\\/#primaryimage\"},\"thumbnailUrl\":\"https:\\\/\\\/ts.at\\\/wp-content\\\/uploads\\\/2013\\\/05\\\/Network.jpg\",\"datePublished\":\"2019-12-10T08:36:20+00:00\",\"dateModified\":\"2024-09-04T12:37:30+00:00\",\"breadcrumb\":{\"@id\":\"https:\\\/\\\/ts.at\\\/de\\\/erbrecht\\\/#breadcrumb\"},\"inLanguage\":\"de\",\"potentialAction\":[{\"@type\":\"ReadAction\",\"target\":[\"https:\\\/\\\/ts.at\\\/de\\\/erbrecht\\\/\"]}]},{\"@type\":\"ImageObject\",\"inLanguage\":\"de\",\"@id\":\"https:\\\/\\\/ts.at\\\/de\\\/erbrecht\\\/#primaryimage\",\"url\":\"https:\\\/\\\/ts.at\\\/wp-content\\\/uploads\\\/2013\\\/05\\\/Network.jpg\",\"contentUrl\":\"https:\\\/\\\/ts.at\\\/wp-content\\\/uploads\\\/2013\\\/05\\\/Network.jpg\",\"width\":1828,\"height\":216},{\"@type\":\"BreadcrumbList\",\"@id\":\"https:\\\/\\\/ts.at\\\/de\\\/erbrecht\\\/#breadcrumb\",\"itemListElement\":[{\"@type\":\"ListItem\",\"position\":1,\"name\":\"Home\",\"item\":\"https:\\\/\\\/ts.at\\\/de\\\/\"},{\"@type\":\"ListItem\",\"position\":2,\"name\":\"Erbrecht\"}]},{\"@type\":\"WebSite\",\"@id\":\"https:\\\/\\\/ts.at\\\/de\\\/#website\",\"url\":\"https:\\\/\\\/ts.at\\\/de\\\/\",\"name\":\"Tonninger Schermaier & Partner\",\"description\":\"Rechtsanw\u00e4lte\",\"alternateName\":\"TS & P\",\"potentialAction\":[{\"@type\":\"SearchAction\",\"target\":{\"@type\":\"EntryPoint\",\"urlTemplate\":\"https:\\\/\\\/ts.at\\\/de\\\/?s={search_term_string}\"},\"query-input\":{\"@type\":\"PropertyValueSpecification\",\"valueRequired\":true,\"valueName\":\"search_term_string\"}}],\"inLanguage\":\"de\"}]}<\/script>\n<!-- \/ Yoast SEO plugin. -->","yoast_head_json":{"title":"Erbrecht &#8211; TS&amp;P","robots":{"index":"index","follow":"follow","max-snippet":"max-snippet:-1","max-image-preview":"max-image-preview:large","max-video-preview":"max-video-preview:-1"},"canonical":"https:\/\/ts.at\/de\/erbrecht\/","og_locale":"de_DE","og_type":"article","og_title":"Erbrecht &#8211; TS&amp;P","og_description":"Als Erbe oder Pflichtteilsberechtigter im Verlassenschaftsverfahren ist es zweckm\u00e4\u00dfig seine Rechte und Anspr\u00fcche zu kennen. Im Verlassenschaftsverfahren und bei der Durchsetzung erbrechtlicher Anspr\u00fcche erspart professionelle anwaltliche Beratung Nerven und Geld. Auch als Erblasser k\u00f6nnen schon unscheinbare Formm\u00e4ngel bei der Erstellung von letztwilligen Verf\u00fcgungen gro\u00dfe Auswirkungen haben. Eine professionelle Beratung hilft derartige Fehler zu vermeiden. Ihr","og_url":"https:\/\/ts.at\/de\/erbrecht\/","og_site_name":"TS&amp;P","article_modified_time":"2024-09-04T12:37:30+00:00","og_image":[{"width":1828,"height":216,"url":"https:\/\/ts.at\/wp-content\/uploads\/2013\/05\/Network.jpg","type":"image\/jpeg"}],"twitter_card":"summary_large_image","twitter_misc":{"Gesch\u00e4tzte Lesezeit":"1\u00a0Minute"},"schema":{"@context":"https:\/\/schema.org","@graph":[{"@type":"WebPage","@id":"https:\/\/ts.at\/de\/erbrecht\/","url":"https:\/\/ts.at\/de\/erbrecht\/","name":"Erbrecht &#8211; TS&amp;P","isPartOf":{"@id":"https:\/\/ts.at\/de\/#website"},"primaryImageOfPage":{"@id":"https:\/\/ts.at\/de\/erbrecht\/#primaryimage"},"image":{"@id":"https:\/\/ts.at\/de\/erbrecht\/#primaryimage"},"thumbnailUrl":"https:\/\/ts.at\/wp-content\/uploads\/2013\/05\/Network.jpg","datePublished":"2019-12-10T08:36:20+00:00","dateModified":"2024-09-04T12:37:30+00:00","breadcrumb":{"@id":"https:\/\/ts.at\/de\/erbrecht\/#breadcrumb"},"inLanguage":"de","potentialAction":[{"@type":"ReadAction","target":["https:\/\/ts.at\/de\/erbrecht\/"]}]},{"@type":"ImageObject","inLanguage":"de","@id":"https:\/\/ts.at\/de\/erbrecht\/#primaryimage","url":"https:\/\/ts.at\/wp-content\/uploads\/2013\/05\/Network.jpg","contentUrl":"https:\/\/ts.at\/wp-content\/uploads\/2013\/05\/Network.jpg","width":1828,"height":216},{"@type":"BreadcrumbList","@id":"https:\/\/ts.at\/de\/erbrecht\/#breadcrumb","itemListElement":[{"@type":"ListItem","position":1,"name":"Home","item":"https:\/\/ts.at\/de\/"},{"@type":"ListItem","position":2,"name":"Erbrecht"}]},{"@type":"WebSite","@id":"https:\/\/ts.at\/de\/#website","url":"https:\/\/ts.at\/de\/","name":"Tonninger Schermaier & Partner","description":"Rechtsanw\u00e4lte","alternateName":"TS & P","potentialAction":[{"@type":"SearchAction","target":{"@type":"EntryPoint","urlTemplate":"https:\/\/ts.at\/de\/?s={search_term_string}"},"query-input":{"@type":"PropertyValueSpecification","valueRequired":true,"valueName":"search_term_string"}}],"inLanguage":"de"}]}},"_links":{"self":[{"href":"https:\/\/ts.at\/de\/wp-json\/wp\/v2\/pages\/11181","targetHints":{"allow":["GET"]}}],"collection":[{"href":"https:\/\/ts.at\/de\/wp-json\/wp\/v2\/pages"}],"about":[{"href":"https:\/\/ts.at\/de\/wp-json\/wp\/v2\/types\/page"}],"author":[{"embeddable":true,"href":"https:\/\/ts.at\/de\/wp-json\/wp\/v2\/users\/9"}],"replies":[{"embeddable":true,"href":"https:\/\/ts.at\/de\/wp-json\/wp\/v2\/comments?post=11181"}],"version-history":[{"count":5,"href":"https:\/\/ts.at\/de\/wp-json\/wp\/v2\/pages\/11181\/revisions"}],"predecessor-version":[{"id":12284,"href":"https:\/\/ts.at\/de\/wp-json\/wp\/v2\/pages\/11181\/revisions\/12284"}],"wp:featuredmedia":[{"embeddable":true,"href":"https:\/\/ts.at\/de\/wp-json\/wp\/v2\/media\/375"}],"wp:attachment":[{"href":"https:\/\/ts.at\/de\/wp-json\/wp\/v2\/media?parent=11181"}],"curies":[{"name":"wp","href":"https:\/\/api.w.org\/{rel}","templated":true}]}}