{"id":114,"date":"2013-05-29T11:39:13","date_gmt":"2013-05-29T09:39:13","guid":{"rendered":"https:\/\/ts.at\/de\/?page_id=114"},"modified":"2023-09-25T10:12:01","modified_gmt":"2023-09-25T08:12:01","slug":"partner-networks","status":"publish","type":"page","link":"https:\/\/ts.at\/de\/netzwerke\/","title":{"rendered":"Netzwerke"},"content":{"rendered":"<p><\/p>\n<p><img loading=\"lazy\" decoding=\"async\" class=\"alignnone\" src=\"https:\/\/ts.at\/wp-content\/uploads\/2013\/05\/Senat.gif\" alt=\"Senat\" width=\"172\" height=\"54\" \/><\/p>\n<p><a href=\"https:\/\/senat.at\/\" target=\"_blank\" rel=\"noopener\"><strong>Senat der Wirtschaft<\/strong> <\/a><\/p>\n<p>Tonninger Schermaier &amp; Partner wurde im Jahr 2011 als Mitglied in den Senat der Wirtschaft \u00d6sterreich (Senat) berufen. Dem Senat geh\u00f6ren f\u00fchrende Pers\u00f6nlichkeiten aus Wirtschaft, Wissenschaft, Medien und Kultur sowie Repr\u00e4sentanten aus Politik, Diplomatie und des \u00f6ffentlichen Lebens an und hat sich unter anderem zum Ziel gesetzt, die \u00f6kosoziale Marktwirtschaft sowie die Ethik in der Wirtschaft zu f\u00f6rdern. Als Mitglied des Senats bekennen wir uns zu diesen Grunds\u00e4tzen und verf\u00fcgen gleichzeitig \u00fcber hervorragende Netzwerkstrukturen in \u00d6sterreichs Wirtschaft und Politik.<\/p>\n<p>&nbsp;<\/p>\n<p><img loading=\"lazy\" decoding=\"async\" class=\"alignnone wp-image-837\" src=\"https:\/\/ts.at\/wp-content\/uploads\/2013\/05\/global.justice.network1.png\" alt=\"global.justice.network\" width=\"110\" height=\"60\" srcset=\"https:\/\/ts.at\/wp-content\/uploads\/2013\/05\/global.justice.network1.png 184w, https:\/\/ts.at\/wp-content\/uploads\/2013\/05\/global.justice.network1-164x89.png 164w\" sizes=\"auto, (max-width: 110px) 100vw, 110px\" \/><\/p>\n<p><strong><a href=\"http:\/\/www.globaljusticenetwork.com\" target=\"_blank\" rel=\"noopener\">Global Justice Network<\/a><\/strong><\/p>\n<p>Das Global Justice Network ist ein weltweiter Zusammenschluss von Prozessanw\u00e4lten, die sich regelm\u00e4\u00dfig bei sogenannten Global Justice Forums treffen. Noch unter TSRM organisierte die Kanzlei im Jahr 2009 eine internationale Konferenz in Wien mit Teilnehmern aus drei Kontinenten. Dr.\u00a0Tonninger nimmt seit 2005 regelm\u00e4\u00dfig auch als\u00a0 Vortragender und Moderator an Veranstaltungen des Global Justice Forums teil (so beispielsweise bei einer Veranstaltung an der Columbia Law School im Jahre 2011) und verf\u00fcgt dadurch \u00fcber pers\u00f6nliche weltweite Kontakte, von denen die Mandanten von Tonninger Schermaier &amp; Partner profitieren.<\/p>\n<p><\/p>","protected":false},"excerpt":{"rendered":"<p>Senat der Wirtschaft Tonninger Schermaier &amp; Partner wurde im Jahr 2011 als Mitglied in den Senat der Wirtschaft \u00d6sterreich (Senat) berufen. Dem Senat geh\u00f6ren f\u00fchrende Pers\u00f6nlichkeiten aus Wirtschaft, Wissenschaft, Medien und Kultur sowie Repr\u00e4sentanten aus Politik, Diplomatie und des \u00f6ffentlichen Lebens an und hat sich unter anderem zum Ziel gesetzt, die \u00f6kosoziale Marktwirtschaft sowie die<\/p>\n","protected":false},"author":7,"featured_media":375,"parent":0,"menu_order":0,"comment_status":"closed","ping_status":"closed","template":"","meta":{"_acf_changed":false,"footnotes":""},"class_list":["post-114","page","type-page","status-publish","has-post-thumbnail","hentry"],"acf":[],"yoast_head":"<!-- This site is optimized with the Yoast SEO plugin v27.4 - https:\/\/yoast.com\/product\/yoast-seo-wordpress\/ -->\n<title>Netzwerke &#8211; TS&amp;P<\/title>\n<meta name=\"robots\" content=\"index, follow, max-snippet:-1, max-image-preview:large, max-video-preview:-1\" \/>\n<link rel=\"canonical\" href=\"https:\/\/ts.at\/de\/netzwerke\/\" \/>\n<meta property=\"og:locale\" content=\"de_DE\" \/>\n<meta property=\"og:type\" content=\"article\" \/>\n<meta property=\"og:title\" content=\"Netzwerke &#8211; TS&amp;P\" \/>\n<meta property=\"og:description\" content=\"Senat der Wirtschaft Tonninger Schermaier &amp; Partner wurde im Jahr 2011 als Mitglied in den Senat der Wirtschaft \u00d6sterreich (Senat) berufen. Dem Senat geh\u00f6ren f\u00fchrende Pers\u00f6nlichkeiten aus Wirtschaft, Wissenschaft, Medien und Kultur sowie Repr\u00e4sentanten aus Politik, Diplomatie und des \u00f6ffentlichen Lebens an und hat sich unter anderem zum Ziel gesetzt, die \u00f6kosoziale Marktwirtschaft sowie die\" \/>\n<meta property=\"og:url\" content=\"https:\/\/ts.at\/de\/netzwerke\/\" \/>\n<meta property=\"og:site_name\" content=\"TS&amp;P\" \/>\n<meta property=\"article:modified_time\" content=\"2023-09-25T08:12:01+00:00\" \/>\n<meta property=\"og:image\" content=\"https:\/\/ts.at\/wp-content\/uploads\/2013\/05\/Network.jpg\" \/>\n\t<meta property=\"og:image:width\" content=\"1828\" \/>\n\t<meta property=\"og:image:height\" content=\"216\" \/>\n\t<meta property=\"og:image:type\" content=\"image\/jpeg\" \/>\n<meta name=\"twitter:card\" content=\"summary_large_image\" \/>\n<meta name=\"twitter:label1\" content=\"Gesch\u00e4tzte Lesezeit\" \/>\n\t<meta name=\"twitter:data1\" content=\"4\u00a0Minuten\" \/>\n<script type=\"application\/ld+json\" class=\"yoast-schema-graph\">{\"@context\":\"https:\\\/\\\/schema.org\",\"@graph\":[{\"@type\":\"WebPage\",\"@id\":\"https:\\\/\\\/ts.at\\\/de\\\/netzwerke\\\/\",\"url\":\"https:\\\/\\\/ts.at\\\/de\\\/netzwerke\\\/\",\"name\":\"Netzwerke &#8211; TS&amp;P\",\"isPartOf\":{\"@id\":\"https:\\\/\\\/ts.at\\\/de\\\/#website\"},\"primaryImageOfPage\":{\"@id\":\"https:\\\/\\\/ts.at\\\/de\\\/netzwerke\\\/#primaryimage\"},\"image\":{\"@id\":\"https:\\\/\\\/ts.at\\\/de\\\/netzwerke\\\/#primaryimage\"},\"thumbnailUrl\":\"https:\\\/\\\/ts.at\\\/wp-content\\\/uploads\\\/2013\\\/05\\\/Network.jpg\",\"datePublished\":\"2013-05-29T09:39:13+00:00\",\"dateModified\":\"2023-09-25T08:12:01+00:00\",\"breadcrumb\":{\"@id\":\"https:\\\/\\\/ts.at\\\/de\\\/netzwerke\\\/#breadcrumb\"},\"inLanguage\":\"de\",\"potentialAction\":[{\"@type\":\"ReadAction\",\"target\":[\"https:\\\/\\\/ts.at\\\/de\\\/netzwerke\\\/\"]}]},{\"@type\":\"ImageObject\",\"inLanguage\":\"de\",\"@id\":\"https:\\\/\\\/ts.at\\\/de\\\/netzwerke\\\/#primaryimage\",\"url\":\"https:\\\/\\\/ts.at\\\/wp-content\\\/uploads\\\/2013\\\/05\\\/Network.jpg\",\"contentUrl\":\"https:\\\/\\\/ts.at\\\/wp-content\\\/uploads\\\/2013\\\/05\\\/Network.jpg\",\"width\":1828,\"height\":216},{\"@type\":\"BreadcrumbList\",\"@id\":\"https:\\\/\\\/ts.at\\\/de\\\/netzwerke\\\/#breadcrumb\",\"itemListElement\":[{\"@type\":\"ListItem\",\"position\":1,\"name\":\"Home\",\"item\":\"https:\\\/\\\/ts.at\\\/de\\\/\"},{\"@type\":\"ListItem\",\"position\":2,\"name\":\"Netzwerke\"}]},{\"@type\":\"WebSite\",\"@id\":\"https:\\\/\\\/ts.at\\\/de\\\/#website\",\"url\":\"https:\\\/\\\/ts.at\\\/de\\\/\",\"name\":\"Tonninger Schermaier & Partner\",\"description\":\"Rechtsanw\u00e4lte\",\"alternateName\":\"TS & P\",\"potentialAction\":[{\"@type\":\"SearchAction\",\"target\":{\"@type\":\"EntryPoint\",\"urlTemplate\":\"https:\\\/\\\/ts.at\\\/de\\\/?s={search_term_string}\"},\"query-input\":{\"@type\":\"PropertyValueSpecification\",\"valueRequired\":true,\"valueName\":\"search_term_string\"}}],\"inLanguage\":\"de\"}]}<\/script>\n<!-- \/ Yoast SEO plugin. -->","yoast_head_json":{"title":"Netzwerke &#8211; TS&amp;P","robots":{"index":"index","follow":"follow","max-snippet":"max-snippet:-1","max-image-preview":"max-image-preview:large","max-video-preview":"max-video-preview:-1"},"canonical":"https:\/\/ts.at\/de\/netzwerke\/","og_locale":"de_DE","og_type":"article","og_title":"Netzwerke &#8211; TS&amp;P","og_description":"Senat der Wirtschaft Tonninger Schermaier &amp; Partner wurde im Jahr 2011 als Mitglied in den Senat der Wirtschaft \u00d6sterreich (Senat) berufen. Dem Senat geh\u00f6ren f\u00fchrende Pers\u00f6nlichkeiten aus Wirtschaft, Wissenschaft, Medien und Kultur sowie Repr\u00e4sentanten aus Politik, Diplomatie und des \u00f6ffentlichen Lebens an und hat sich unter anderem zum Ziel gesetzt, die \u00f6kosoziale Marktwirtschaft sowie die","og_url":"https:\/\/ts.at\/de\/netzwerke\/","og_site_name":"TS&amp;P","article_modified_time":"2023-09-25T08:12:01+00:00","og_image":[{"width":1828,"height":216,"url":"https:\/\/ts.at\/wp-content\/uploads\/2013\/05\/Network.jpg","type":"image\/jpeg"}],"twitter_card":"summary_large_image","twitter_misc":{"Gesch\u00e4tzte Lesezeit":"4\u00a0Minuten"},"schema":{"@context":"https:\/\/schema.org","@graph":[{"@type":"WebPage","@id":"https:\/\/ts.at\/de\/netzwerke\/","url":"https:\/\/ts.at\/de\/netzwerke\/","name":"Netzwerke &#8211; TS&amp;P","isPartOf":{"@id":"https:\/\/ts.at\/de\/#website"},"primaryImageOfPage":{"@id":"https:\/\/ts.at\/de\/netzwerke\/#primaryimage"},"image":{"@id":"https:\/\/ts.at\/de\/netzwerke\/#primaryimage"},"thumbnailUrl":"https:\/\/ts.at\/wp-content\/uploads\/2013\/05\/Network.jpg","datePublished":"2013-05-29T09:39:13+00:00","dateModified":"2023-09-25T08:12:01+00:00","breadcrumb":{"@id":"https:\/\/ts.at\/de\/netzwerke\/#breadcrumb"},"inLanguage":"de","potentialAction":[{"@type":"ReadAction","target":["https:\/\/ts.at\/de\/netzwerke\/"]}]},{"@type":"ImageObject","inLanguage":"de","@id":"https:\/\/ts.at\/de\/netzwerke\/#primaryimage","url":"https:\/\/ts.at\/wp-content\/uploads\/2013\/05\/Network.jpg","contentUrl":"https:\/\/ts.at\/wp-content\/uploads\/2013\/05\/Network.jpg","width":1828,"height":216},{"@type":"BreadcrumbList","@id":"https:\/\/ts.at\/de\/netzwerke\/#breadcrumb","itemListElement":[{"@type":"ListItem","position":1,"name":"Home","item":"https:\/\/ts.at\/de\/"},{"@type":"ListItem","position":2,"name":"Netzwerke"}]},{"@type":"WebSite","@id":"https:\/\/ts.at\/de\/#website","url":"https:\/\/ts.at\/de\/","name":"Tonninger Schermaier & Partner","description":"Rechtsanw\u00e4lte","alternateName":"TS & P","potentialAction":[{"@type":"SearchAction","target":{"@type":"EntryPoint","urlTemplate":"https:\/\/ts.at\/de\/?s={search_term_string}"},"query-input":{"@type":"PropertyValueSpecification","valueRequired":true,"valueName":"search_term_string"}}],"inLanguage":"de"}]}},"_links":{"self":[{"href":"https:\/\/ts.at\/de\/wp-json\/wp\/v2\/pages\/114","targetHints":{"allow":["GET"]}}],"collection":[{"href":"https:\/\/ts.at\/de\/wp-json\/wp\/v2\/pages"}],"about":[{"href":"https:\/\/ts.at\/de\/wp-json\/wp\/v2\/types\/page"}],"author":[{"embeddable":true,"href":"https:\/\/ts.at\/de\/wp-json\/wp\/v2\/users\/7"}],"replies":[{"embeddable":true,"href":"https:\/\/ts.at\/de\/wp-json\/wp\/v2\/comments?post=114"}],"version-history":[{"count":6,"href":"https:\/\/ts.at\/de\/wp-json\/wp\/v2\/pages\/114\/revisions"}],"predecessor-version":[{"id":11848,"href":"https:\/\/ts.at\/de\/wp-json\/wp\/v2\/pages\/114\/revisions\/11848"}],"wp:featuredmedia":[{"embeddable":true,"href":"https:\/\/ts.at\/de\/wp-json\/wp\/v2\/media\/375"}],"wp:attachment":[{"href":"https:\/\/ts.at\/de\/wp-json\/wp\/v2\/media?parent=114"}],"curies":[{"name":"wp","href":"https:\/\/api.w.org\/{rel}","templated":true}]}}