{"id":11563,"date":"2022-03-22T16:39:52","date_gmt":"2022-03-22T15:39:52","guid":{"rendered":"https:\/\/ts.at\/de\/?page_id=11563"},"modified":"2026-01-07T16:06:56","modified_gmt":"2026-01-07T15:06:56","slug":"marke-anmelden","status":"publish","type":"page","link":"https:\/\/ts.at\/de\/lp-markenanmeldung\/","title":{"rendered":"Markenanmeldung"},"content":{"rendered":"<p><\/p>\n<p>&nbsp;<\/p>\n<p>&nbsp;<\/p>\n<h2>Markenanmeldung mit anwaltlicher Unterst\u00fctzung?<\/h2>\n<p>Durch unsere langj\u00e4hrige Erfahrung wissen wir, worauf es ankommt, um eine Markenanmeldung so auszugestalten, dass diese letztlich in der Eintragung im Markenregister m\u00fcndet. Wir sind stolz auf hunderte zufriedene Kunden.<\/p>\n<p style=\"text-align: center;\"><a class=\"maxbutton-1 maxbutton maxbutton-typeform-formular-markenanmeldung\" target=\"_blank\" title=\"Markenanmeldung Formular\" rel=\"nofollow noopener\" href=\"https:\/\/ts.at\/de\/kontaktformular-markenanmeldung\/\"><span class='mb-text'>Gratis R\u00fcckruf<\/span><\/a><\/p>\n<h2>Welche Marken k\u00f6nnen Sie mit unserer Unterst\u00fctzung anmelden?<\/h2>\n<ul>\n<li>Wortmarken<\/li>\n<li>Bildmarken<\/li>\n<li>Wort-Bild-Marken<\/li>\n<\/ul>\n<h2>Wo\u00a0k\u00f6nnen wir f\u00fcr Sie Markenschutz beantragen?<\/h2>\n<ul>\n<li>\u00d6sterreich (\u00d6sterreichisches Patentamt in Wien)<\/li>\n<li>EU (Amt der Europ\u00e4ischen Union f\u00fcr geistiges Eigentum in Alicante)<\/li>\n<li>International (World Intellectual Property Office in Genf)<\/li>\n<\/ul>\n<h2 id=\"h-ablauf-einer-markenanmeldung\">Ablauf einer Markenanmeldung<\/h2>\n<ol>\n<li>Markenrechtliches Erstberatungsgespr\u00e4ch zur Festlegung der Markenstrategie (bei uns in der Kanzlei, per Telefon oder via &#8222;Zoom&#8220;)<\/li>\n<li>Markenrechtliche \u00c4hnlichkeitsrecherche<\/li>\n<li>Entwurf eines Waren- und Dienstleistungsverzeichnisses<\/li>\n<li>Markenanmeldung<\/li>\n<li>Internationalisierung der Marke nach erfolgter Eintragung (optional)<\/li>\n<\/ol>\n<h2>Was kostet eine Markenanmeldung?<\/h2>\n<p>Der Schutz einer eingetragenen Marke gilt zun\u00e4chst f\u00fcr 10 Jahre und kann in weiterer Folge beliebig oft &#8211; kostenpflichtig &#8211; um weitere 10 Jahre verl\u00e4ngert werden. Wir bieten Markenanmeldungen zu Pauschalhonoraren an, die Sie <a href=\"https:\/\/ts.at\/wp-content\/uploads\/2026\/01\/Preisliste-Markenschutz-TS-P-01_01_2026.pdf\" target=\"_blank\" rel=\"noopener\">hier<\/a> ersehen k\u00f6nnen. Eine Markenanmeldung in \u00d6sterreich bieten wir inkl. der Geb\u00fchren des Patentamtes ab netto \u20ac 894,- an. F\u00fcr Unternehmer sind diese Kosten voll steuerlich absetzbar.<\/p>\n<h2>Was ist zu tun?<\/h2>\n<p>Rufen Sie uns an oder f\u00fcllen Sie unser Kontaktformular aus. Im Anschluss erhalten Sie einen kostenlosen R\u00fcckruf samt unverbindlicher Preisauskunft.\u00a0<\/p>\n<p style=\"text-align: center;\"><a class=\"maxbutton-1 maxbutton maxbutton-typeform-formular-markenanmeldung\" target=\"_blank\" title=\"Markenanmeldung Formular\" rel=\"nofollow noopener\" href=\"https:\/\/ts.at\/de\/kontaktformular-markenanmeldung\/\"><span class='mb-text'>Gratis R\u00fcckruf<\/span><\/a><a class=\"maxbutton-2 maxbutton maxbutton-anruf-button\" title=\"Jetzt anrufen\" href=\"tel:+4312184440\"><span class='mb-text'>\u260e +43 1 218 44 40<\/span><\/a><\/p>\n<p>Wir freuen uns auf Ihre Kontaktaufnahme!<\/p>\n<p><a href=\"https:\/\/ts.at\/wp-content\/uploads\/2022\/03\/tonninger-albrecht-grafik.png\"><img loading=\"lazy\" decoding=\"async\" class=\"alignnone size-medium wp-image-11615\" src=\"https:\/\/ts.at\/wp-content\/uploads\/2022\/03\/tonninger-albrecht-grafik-300x85.png\" alt=\"\" width=\"300\" height=\"85\" srcset=\"https:\/\/ts.at\/wp-content\/uploads\/2022\/03\/tonninger-albrecht-grafik-300x85.png 300w, https:\/\/ts.at\/wp-content\/uploads\/2022\/03\/tonninger-albrecht-grafik-768x217.png 768w, https:\/\/ts.at\/wp-content\/uploads\/2022\/03\/tonninger-albrecht-grafik-566x160.png 566w, https:\/\/ts.at\/wp-content\/uploads\/2022\/03\/tonninger-albrecht-grafik-260x74.png 260w, https:\/\/ts.at\/wp-content\/uploads\/2022\/03\/tonninger-albrecht-grafik-908x257.png 908w, https:\/\/ts.at\/wp-content\/uploads\/2022\/03\/tonninger-albrecht-grafik-296x84.png 296w, https:\/\/ts.at\/wp-content\/uploads\/2022\/03\/tonninger-albrecht-grafik-164x46.png 164w, https:\/\/ts.at\/wp-content\/uploads\/2022\/03\/tonninger-albrecht-grafik-602x170.png 602w, https:\/\/ts.at\/wp-content\/uploads\/2022\/03\/tonninger-albrecht-grafik.png 948w\" sizes=\"auto, (max-width: 300px) 100vw, 300px\" \/><\/a><\/p>\n<p><strong>Dr. Bernhard Tonninger &amp; Mag. Dr. Markus Albrecht<\/strong><\/p>\n<p>&nbsp;<\/p>\n<p style=\"text-align: center;\">\u00a0<\/p>\n<p>&nbsp;<\/p>\n<p>&nbsp;<\/p>\n<p>&nbsp;<\/p>\n<p>&nbsp;<\/p>\n<p><\/p>","protected":false},"excerpt":{"rendered":"<p>&nbsp; &nbsp; Markenanmeldung mit anwaltlicher Unterst\u00fctzung? Durch unsere langj\u00e4hrige Erfahrung wissen wir, worauf es ankommt, um eine Markenanmeldung so auszugestalten, dass diese letztlich in der Eintragung im Markenregister m\u00fcndet. Wir sind stolz auf hunderte zufriedene Kunden. Welche Marken k\u00f6nnen Sie mit unserer Unterst\u00fctzung anmelden? Wortmarken Bildmarken Wort-Bild-Marken Wo\u00a0k\u00f6nnen wir f\u00fcr Sie Markenschutz beantragen? \u00d6sterreich (\u00d6sterreichisches<\/p>\n","protected":false},"author":9,"featured_media":375,"parent":0,"menu_order":0,"comment_status":"closed","ping_status":"closed","template":"","meta":{"_acf_changed":false,"footnotes":""},"class_list":["post-11563","page","type-page","status-publish","has-post-thumbnail","hentry"],"acf":[],"yoast_head":"<!-- This site is optimized with the Yoast SEO plugin v27.4 - https:\/\/yoast.com\/product\/yoast-seo-wordpress\/ -->\n<title>Markenanmeldung &#8211; TS&amp;P<\/title>\n<meta name=\"description\" content=\"Anmeldung Ihrer Marke in \u00d6sterreich, EU und international mit anwaltlicher Unterst\u00fctzung zu Pauschalhonoraren.\" \/>\n<meta name=\"robots\" content=\"index, follow, max-snippet:-1, max-image-preview:large, max-video-preview:-1\" \/>\n<link rel=\"canonical\" href=\"https:\/\/ts.at\/de\/lp-markenanmeldung\/\" \/>\n<meta property=\"og:locale\" content=\"de_DE\" \/>\n<meta property=\"og:type\" content=\"article\" \/>\n<meta property=\"og:title\" content=\"Markenanmeldung &#8211; TS&amp;P\" \/>\n<meta property=\"og:description\" content=\"{:de}Anmeldung Ihrer Marke in \u00d6sterreich, EU und international mit anwaltlicher Unterst\u00fctzung zu Pauschalhonoraren.{:}\" \/>\n<meta property=\"og:url\" content=\"https:\/\/ts.at\/de\/lp-markenanmeldung\/\" \/>\n<meta property=\"og:site_name\" content=\"TS&amp;P\" \/>\n<meta property=\"article:modified_time\" content=\"2026-01-07T15:06:56+00:00\" \/>\n<meta property=\"og:image\" content=\"https:\/\/ts.at\/wp-content\/uploads\/2013\/05\/Network.jpg\" \/>\n\t<meta property=\"og:image:width\" content=\"1828\" \/>\n\t<meta property=\"og:image:height\" content=\"216\" \/>\n\t<meta property=\"og:image:type\" content=\"image\/jpeg\" \/>\n<meta name=\"twitter:card\" content=\"summary_large_image\" \/>\n<meta name=\"twitter:label1\" content=\"Gesch\u00e4tzte Lesezeit\" \/>\n\t<meta name=\"twitter:data1\" content=\"2\u00a0Minuten\" \/>\n<script type=\"application\/ld+json\" class=\"yoast-schema-graph\">{\"@context\":\"https:\\\/\\\/schema.org\",\"@graph\":[{\"@type\":\"WebPage\",\"@id\":\"https:\\\/\\\/ts.at\\\/de\\\/lp-markenanmeldung\\\/\",\"url\":\"https:\\\/\\\/ts.at\\\/de\\\/lp-markenanmeldung\\\/\",\"name\":\"Markenanmeldung &#8211; TS&amp;P\",\"isPartOf\":{\"@id\":\"https:\\\/\\\/ts.at\\\/de\\\/#website\"},\"primaryImageOfPage\":{\"@id\":\"https:\\\/\\\/ts.at\\\/de\\\/lp-markenanmeldung\\\/#primaryimage\"},\"image\":{\"@id\":\"https:\\\/\\\/ts.at\\\/de\\\/lp-markenanmeldung\\\/#primaryimage\"},\"thumbnailUrl\":\"https:\\\/\\\/ts.at\\\/wp-content\\\/uploads\\\/2013\\\/05\\\/Network.jpg\",\"datePublished\":\"2022-03-22T15:39:52+00:00\",\"dateModified\":\"2026-01-07T15:06:56+00:00\",\"description\":\"{:de}Anmeldung Ihrer Marke in \u00d6sterreich, EU und international mit anwaltlicher Unterst\u00fctzung zu Pauschalhonoraren.{:}\",\"breadcrumb\":{\"@id\":\"https:\\\/\\\/ts.at\\\/de\\\/lp-markenanmeldung\\\/#breadcrumb\"},\"inLanguage\":\"de\",\"potentialAction\":[{\"@type\":\"ReadAction\",\"target\":[\"https:\\\/\\\/ts.at\\\/de\\\/lp-markenanmeldung\\\/\"]}]},{\"@type\":\"ImageObject\",\"inLanguage\":\"de\",\"@id\":\"https:\\\/\\\/ts.at\\\/de\\\/lp-markenanmeldung\\\/#primaryimage\",\"url\":\"https:\\\/\\\/ts.at\\\/wp-content\\\/uploads\\\/2013\\\/05\\\/Network.jpg\",\"contentUrl\":\"https:\\\/\\\/ts.at\\\/wp-content\\\/uploads\\\/2013\\\/05\\\/Network.jpg\",\"width\":1828,\"height\":216},{\"@type\":\"BreadcrumbList\",\"@id\":\"https:\\\/\\\/ts.at\\\/de\\\/lp-markenanmeldung\\\/#breadcrumb\",\"itemListElement\":[{\"@type\":\"ListItem\",\"position\":1,\"name\":\"Home\",\"item\":\"https:\\\/\\\/ts.at\\\/de\\\/\"},{\"@type\":\"ListItem\",\"position\":2,\"name\":\"Markenanmeldung\"}]},{\"@type\":\"WebSite\",\"@id\":\"https:\\\/\\\/ts.at\\\/de\\\/#website\",\"url\":\"https:\\\/\\\/ts.at\\\/de\\\/\",\"name\":\"Tonninger Schermaier & Partner\",\"description\":\"Rechtsanw\u00e4lte\",\"alternateName\":\"TS & P\",\"potentialAction\":[{\"@type\":\"SearchAction\",\"target\":{\"@type\":\"EntryPoint\",\"urlTemplate\":\"https:\\\/\\\/ts.at\\\/de\\\/?s={search_term_string}\"},\"query-input\":{\"@type\":\"PropertyValueSpecification\",\"valueRequired\":true,\"valueName\":\"search_term_string\"}}],\"inLanguage\":\"de\"}]}<\/script>\n<!-- \/ Yoast SEO plugin. -->","yoast_head_json":{"title":"Markenanmeldung &#8211; TS&amp;P","description":"Anmeldung Ihrer Marke in \u00d6sterreich, EU und international mit anwaltlicher Unterst\u00fctzung zu Pauschalhonoraren.","robots":{"index":"index","follow":"follow","max-snippet":"max-snippet:-1","max-image-preview":"max-image-preview:large","max-video-preview":"max-video-preview:-1"},"canonical":"https:\/\/ts.at\/de\/lp-markenanmeldung\/","og_locale":"de_DE","og_type":"article","og_title":"Markenanmeldung &#8211; TS&amp;P","og_description":"{:de}Anmeldung Ihrer Marke in \u00d6sterreich, EU und international mit anwaltlicher Unterst\u00fctzung zu Pauschalhonoraren.{:}","og_url":"https:\/\/ts.at\/de\/lp-markenanmeldung\/","og_site_name":"TS&amp;P","article_modified_time":"2026-01-07T15:06:56+00:00","og_image":[{"width":1828,"height":216,"url":"https:\/\/ts.at\/wp-content\/uploads\/2013\/05\/Network.jpg","type":"image\/jpeg"}],"twitter_card":"summary_large_image","twitter_misc":{"Gesch\u00e4tzte Lesezeit":"2\u00a0Minuten"},"schema":{"@context":"https:\/\/schema.org","@graph":[{"@type":"WebPage","@id":"https:\/\/ts.at\/de\/lp-markenanmeldung\/","url":"https:\/\/ts.at\/de\/lp-markenanmeldung\/","name":"Markenanmeldung &#8211; TS&amp;P","isPartOf":{"@id":"https:\/\/ts.at\/de\/#website"},"primaryImageOfPage":{"@id":"https:\/\/ts.at\/de\/lp-markenanmeldung\/#primaryimage"},"image":{"@id":"https:\/\/ts.at\/de\/lp-markenanmeldung\/#primaryimage"},"thumbnailUrl":"https:\/\/ts.at\/wp-content\/uploads\/2013\/05\/Network.jpg","datePublished":"2022-03-22T15:39:52+00:00","dateModified":"2026-01-07T15:06:56+00:00","description":"{:de}Anmeldung Ihrer Marke in \u00d6sterreich, EU und international mit anwaltlicher Unterst\u00fctzung zu Pauschalhonoraren.{:}","breadcrumb":{"@id":"https:\/\/ts.at\/de\/lp-markenanmeldung\/#breadcrumb"},"inLanguage":"de","potentialAction":[{"@type":"ReadAction","target":["https:\/\/ts.at\/de\/lp-markenanmeldung\/"]}]},{"@type":"ImageObject","inLanguage":"de","@id":"https:\/\/ts.at\/de\/lp-markenanmeldung\/#primaryimage","url":"https:\/\/ts.at\/wp-content\/uploads\/2013\/05\/Network.jpg","contentUrl":"https:\/\/ts.at\/wp-content\/uploads\/2013\/05\/Network.jpg","width":1828,"height":216},{"@type":"BreadcrumbList","@id":"https:\/\/ts.at\/de\/lp-markenanmeldung\/#breadcrumb","itemListElement":[{"@type":"ListItem","position":1,"name":"Home","item":"https:\/\/ts.at\/de\/"},{"@type":"ListItem","position":2,"name":"Markenanmeldung"}]},{"@type":"WebSite","@id":"https:\/\/ts.at\/de\/#website","url":"https:\/\/ts.at\/de\/","name":"Tonninger Schermaier & Partner","description":"Rechtsanw\u00e4lte","alternateName":"TS & P","potentialAction":[{"@type":"SearchAction","target":{"@type":"EntryPoint","urlTemplate":"https:\/\/ts.at\/de\/?s={search_term_string}"},"query-input":{"@type":"PropertyValueSpecification","valueRequired":true,"valueName":"search_term_string"}}],"inLanguage":"de"}]}},"_links":{"self":[{"href":"https:\/\/ts.at\/de\/wp-json\/wp\/v2\/pages\/11563","targetHints":{"allow":["GET"]}}],"collection":[{"href":"https:\/\/ts.at\/de\/wp-json\/wp\/v2\/pages"}],"about":[{"href":"https:\/\/ts.at\/de\/wp-json\/wp\/v2\/types\/page"}],"author":[{"embeddable":true,"href":"https:\/\/ts.at\/de\/wp-json\/wp\/v2\/users\/9"}],"replies":[{"embeddable":true,"href":"https:\/\/ts.at\/de\/wp-json\/wp\/v2\/comments?post=11563"}],"version-history":[{"count":56,"href":"https:\/\/ts.at\/de\/wp-json\/wp\/v2\/pages\/11563\/revisions"}],"predecessor-version":[{"id":12554,"href":"https:\/\/ts.at\/de\/wp-json\/wp\/v2\/pages\/11563\/revisions\/12554"}],"wp:featuredmedia":[{"embeddable":true,"href":"https:\/\/ts.at\/de\/wp-json\/wp\/v2\/media\/375"}],"wp:attachment":[{"href":"https:\/\/ts.at\/de\/wp-json\/wp\/v2\/media?parent=11563"}],"curies":[{"name":"wp","href":"https:\/\/api.w.org\/{rel}","templated":true}]}}