{"id":11626,"date":"2022-03-29T23:14:55","date_gmt":"2022-03-29T21:14:55","guid":{"rendered":"https:\/\/ts.at\/de\/?page_id=11626"},"modified":"2025-09-30T08:07:46","modified_gmt":"2025-09-30T06:07:46","slug":"lp-urheberrecht-vertraege","status":"publish","type":"page","link":"https:\/\/ts.at\/de\/lp-urheberrecht-vertraege\/","title":{"rendered":"Urhebervertr\u00e4ge von Experten"},"content":{"rendered":"<p><\/p>\n<p>&nbsp;<\/p>\n<h2><strong>Ma\u00dfgeschneiderte Urhebervertr\u00e4ge oder urheberrechtliche Vertragsklauseln vom Anwalt?<\/strong><\/h2>\n<p>Durch unsere langj\u00e4hrige Erfahrung wissen wir, worauf es ankommt, um ma\u00dfgeschneiderte Urhebervertr\u00e4ge oder urheberrechtliche Vertragsklauseln zu entwerfen, die Ihre wirtschaftlichen und pers\u00f6nlichkeitsrechtlichen Interessen optimal sch\u00fctzen.<\/p>\n<p style=\"text-align: center;\"><a class=\"maxbutton-10 maxbutton maxbutton-urheberrecht-fomular\" href=\"https:\/\/ts.at\/de\/gratis-rueckruf-urheberrecht\/\"><span class='mb-text'>GRATIS R\u00dcCKRUF<\/span><\/a><\/p>\n<h2><strong>Bei welchen Urhebervertr\u00e4gen und urheberrechtlichen Vertragsklauseln wir Sie unterst\u00fctzen?<\/strong><\/h2>\n<ul>\n<li>urheberrechtliche Lizenzvertr\u00e4ge aller Art (exklusiv\/nicht exklusiv)<\/li>\n<li>Verlagsvertr\u00e4ge<\/li>\n<li>Band\u00fcbernahmevertr\u00e4ge<\/li>\n<li>Auff\u00fchrungsvertr\u00e4ge<\/li>\n<li>urheberrechtliche Vertragsklauseln aller Art (zB Arbeitsvertr\u00e4ge, AGB)<\/li>\n<\/ul>\n<h2><strong>Welche Leistungen bieten wir an?<\/strong><\/h2>\n<ul>\n<li>Erstellen von Urhebervertr\u00e4gen und urheberrechtlichen Vertragsklauseln<\/li>\n<li>Pr\u00fcfen von bestehenden Urhebervertr\u00e4gen und urheberrechtlichen Vertragsklauseln<\/li>\n<\/ul>\n<h2><strong>Was kosten ma\u00dfgeschneiderte Urhebervertr\u00e4ge oder urheberrechtliche Vertragsklauseln vom Anwalt?<\/strong><\/h2>\n<p>Wir erbringen unsere Leistungen auf Basis eines Stundensatzes von netto \u20ac 380,-. Nachdem wir mit Ihnen in einem kostenlosen und unverbindlichen Erstgespr\u00e4ch er\u00f6rtert haben, welchen Bedarf an einem Urhebervertrag oder einer urheberrechtlichen Vertragsklausel Sie haben, werden wir Ihnen eine Sch\u00e4tzung unseres ungef\u00e4hren Zeitaufwandes bekanntgeben.<\/p>\n<h2><strong>Was ist zu tun?<\/strong><\/h2>\n<p>Rufen Sie uns an oder f\u00fcllen Sie unser Kontaktformular aus. Im Anschluss erhalten Sie einen kostenlosen R\u00fcckruf samt unverbindlicher Preisauskunft.<\/p>\n<p style=\"text-align: center;\"><a class=\"maxbutton-10 maxbutton maxbutton-urheberrecht-fomular\" href=\"https:\/\/ts.at\/de\/gratis-rueckruf-urheberrecht\/\"><span class='mb-text'>GRATIS R\u00dcCKRUF<\/span><\/a><a class=\"maxbutton-2 maxbutton maxbutton-anruf-button\" title=\"Jetzt anrufen\" href=\"tel:+4312184440\"><span class='mb-text'>\u260e +43 1 218 44 40<\/span><\/a><\/p>\n<p>Wir freuen uns auf Ihre Kontaktaufnahme!<\/p>\n<p><a href=\"https:\/\/ts.at\/wp-content\/uploads\/2022\/03\/tonninger-albrecht-grafik.png\"><img loading=\"lazy\" decoding=\"async\" class=\"alignnone size-medium wp-image-11615\" src=\"https:\/\/ts.at\/wp-content\/uploads\/2022\/03\/tonninger-albrecht-grafik-300x85.png\" alt=\"\" width=\"300\" height=\"85\" srcset=\"https:\/\/ts.at\/wp-content\/uploads\/2022\/03\/tonninger-albrecht-grafik-300x85.png 300w, https:\/\/ts.at\/wp-content\/uploads\/2022\/03\/tonninger-albrecht-grafik-768x217.png 768w, https:\/\/ts.at\/wp-content\/uploads\/2022\/03\/tonninger-albrecht-grafik-566x160.png 566w, https:\/\/ts.at\/wp-content\/uploads\/2022\/03\/tonninger-albrecht-grafik-260x74.png 260w, https:\/\/ts.at\/wp-content\/uploads\/2022\/03\/tonninger-albrecht-grafik-908x257.png 908w, https:\/\/ts.at\/wp-content\/uploads\/2022\/03\/tonninger-albrecht-grafik-296x84.png 296w, https:\/\/ts.at\/wp-content\/uploads\/2022\/03\/tonninger-albrecht-grafik-164x46.png 164w, https:\/\/ts.at\/wp-content\/uploads\/2022\/03\/tonninger-albrecht-grafik-602x170.png 602w, https:\/\/ts.at\/wp-content\/uploads\/2022\/03\/tonninger-albrecht-grafik.png 948w\" sizes=\"auto, (max-width: 300px) 100vw, 300px\" \/><\/a><\/p>\n<p><strong>Dr. Bernhard Tonninger &amp; Mag. Dr. Markus Albrecht<\/strong><\/p>\n<p style=\"text-align: center;\">\u00a0<\/p>\n<p>&nbsp;<\/p>\n<p>&nbsp;<\/p>\n<p><\/p>","protected":false},"excerpt":{"rendered":"<p>&nbsp; Ma\u00dfgeschneiderte Urhebervertr\u00e4ge oder urheberrechtliche Vertragsklauseln vom Anwalt? Durch unsere langj\u00e4hrige Erfahrung wissen wir, worauf es ankommt, um ma\u00dfgeschneiderte Urhebervertr\u00e4ge oder urheberrechtliche Vertragsklauseln zu entwerfen, die Ihre wirtschaftlichen und pers\u00f6nlichkeitsrechtlichen Interessen optimal sch\u00fctzen. Bei welchen Urhebervertr\u00e4gen und urheberrechtlichen Vertragsklauseln wir Sie unterst\u00fctzen? urheberrechtliche Lizenzvertr\u00e4ge aller Art (exklusiv\/nicht exklusiv) Verlagsvertr\u00e4ge Band\u00fcbernahmevertr\u00e4ge Auff\u00fchrungsvertr\u00e4ge urheberrechtliche Vertragsklauseln aller Art<\/p>\n","protected":false},"author":9,"featured_media":296,"parent":0,"menu_order":0,"comment_status":"closed","ping_status":"closed","template":"","meta":{"_acf_changed":false,"footnotes":""},"class_list":["post-11626","page","type-page","status-publish","has-post-thumbnail","hentry"],"acf":[],"yoast_head":"<!-- This site is optimized with the Yoast SEO plugin v27.3 - https:\/\/yoast.com\/product\/yoast-seo-wordpress\/ -->\n<title>Urhebervertr\u00e4ge von Experten &#8211; TS&amp;P<\/title>\n<meta name=\"description\" content=\"Bei welchen Urhebervertr\u00e4gen und urheberrechtlichen Vertragsklauseln k\u00f6nnen wir Sie unterst\u00fctzen? Wir bieten Ihnen ma\u00dfgeschneiderte L\u00f6sungen an!\" \/>\n<meta name=\"robots\" content=\"index, follow, max-snippet:-1, max-image-preview:large, max-video-preview:-1\" \/>\n<link rel=\"canonical\" href=\"https:\/\/ts.at\/de\/lp-urheberrecht-vertraege\/\" \/>\n<meta property=\"og:locale\" content=\"de_DE\" \/>\n<meta property=\"og:type\" content=\"article\" \/>\n<meta property=\"og:title\" content=\"Urhebervertr\u00e4ge von Experten &#8211; TS&amp;P\" \/>\n<meta property=\"og:description\" content=\"{:de}Bei welchen Urhebervertr\u00e4gen und urheberrechtlichen Vertragsklauseln k\u00f6nnen wir Sie unterst\u00fctzen? Wir bieten Ihnen ma\u00dfgeschneiderte L\u00f6sungen an!{:}\" \/>\n<meta property=\"og:url\" content=\"https:\/\/ts.at\/de\/lp-urheberrecht-vertraege\/\" \/>\n<meta property=\"og:site_name\" content=\"TS&amp;P\" \/>\n<meta property=\"article:modified_time\" content=\"2025-09-30T06:07:46+00:00\" \/>\n<meta property=\"og:image\" content=\"https:\/\/ts.at\/wp-content\/uploads\/2013\/05\/headerblank.jpg\" \/>\n\t<meta property=\"og:image:width\" content=\"914\" \/>\n\t<meta property=\"og:image:height\" content=\"108\" \/>\n\t<meta property=\"og:image:type\" content=\"image\/jpeg\" \/>\n<meta name=\"twitter:card\" content=\"summary_large_image\" \/>\n<meta name=\"twitter:label1\" content=\"Gesch\u00e4tzte Lesezeit\" \/>\n\t<meta name=\"twitter:data1\" content=\"2\u00a0Minuten\" \/>\n<script type=\"application\/ld+json\" class=\"yoast-schema-graph\">{\"@context\":\"https:\\\/\\\/schema.org\",\"@graph\":[{\"@type\":\"WebPage\",\"@id\":\"https:\\\/\\\/ts.at\\\/de\\\/lp-urheberrecht-vertraege\\\/\",\"url\":\"https:\\\/\\\/ts.at\\\/de\\\/lp-urheberrecht-vertraege\\\/\",\"name\":\"Urhebervertr\u00e4ge von Experten &#8211; TS&amp;P\",\"isPartOf\":{\"@id\":\"https:\\\/\\\/ts.at\\\/de\\\/#website\"},\"primaryImageOfPage\":{\"@id\":\"https:\\\/\\\/ts.at\\\/de\\\/lp-urheberrecht-vertraege\\\/#primaryimage\"},\"image\":{\"@id\":\"https:\\\/\\\/ts.at\\\/de\\\/lp-urheberrecht-vertraege\\\/#primaryimage\"},\"thumbnailUrl\":\"https:\\\/\\\/ts.at\\\/wp-content\\\/uploads\\\/2013\\\/05\\\/headerblank.jpg\",\"datePublished\":\"2022-03-29T21:14:55+00:00\",\"dateModified\":\"2025-09-30T06:07:46+00:00\",\"description\":\"{:de}Bei welchen Urhebervertr\u00e4gen und urheberrechtlichen Vertragsklauseln k\u00f6nnen wir Sie unterst\u00fctzen? Wir bieten Ihnen ma\u00dfgeschneiderte L\u00f6sungen an!{:}\",\"breadcrumb\":{\"@id\":\"https:\\\/\\\/ts.at\\\/de\\\/lp-urheberrecht-vertraege\\\/#breadcrumb\"},\"inLanguage\":\"de\",\"potentialAction\":[{\"@type\":\"ReadAction\",\"target\":[\"https:\\\/\\\/ts.at\\\/de\\\/lp-urheberrecht-vertraege\\\/\"]}]},{\"@type\":\"ImageObject\",\"inLanguage\":\"de\",\"@id\":\"https:\\\/\\\/ts.at\\\/de\\\/lp-urheberrecht-vertraege\\\/#primaryimage\",\"url\":\"https:\\\/\\\/ts.at\\\/wp-content\\\/uploads\\\/2013\\\/05\\\/headerblank.jpg\",\"contentUrl\":\"https:\\\/\\\/ts.at\\\/wp-content\\\/uploads\\\/2013\\\/05\\\/headerblank.jpg\",\"width\":914,\"height\":108},{\"@type\":\"BreadcrumbList\",\"@id\":\"https:\\\/\\\/ts.at\\\/de\\\/lp-urheberrecht-vertraege\\\/#breadcrumb\",\"itemListElement\":[{\"@type\":\"ListItem\",\"position\":1,\"name\":\"Home\",\"item\":\"https:\\\/\\\/ts.at\\\/de\\\/\"},{\"@type\":\"ListItem\",\"position\":2,\"name\":\"Urhebervertr\u00e4ge von Experten\"}]},{\"@type\":\"WebSite\",\"@id\":\"https:\\\/\\\/ts.at\\\/de\\\/#website\",\"url\":\"https:\\\/\\\/ts.at\\\/de\\\/\",\"name\":\"Tonninger Schermaier & Partner\",\"description\":\"Rechtsanw\u00e4lte\",\"alternateName\":\"TS & P\",\"potentialAction\":[{\"@type\":\"SearchAction\",\"target\":{\"@type\":\"EntryPoint\",\"urlTemplate\":\"https:\\\/\\\/ts.at\\\/de\\\/?s={search_term_string}\"},\"query-input\":{\"@type\":\"PropertyValueSpecification\",\"valueRequired\":true,\"valueName\":\"search_term_string\"}}],\"inLanguage\":\"de\"}]}<\/script>\n<!-- \/ Yoast SEO plugin. -->","yoast_head_json":{"title":"Urhebervertr\u00e4ge von Experten &#8211; TS&amp;P","description":"Bei welchen Urhebervertr\u00e4gen und urheberrechtlichen Vertragsklauseln k\u00f6nnen wir Sie unterst\u00fctzen? Wir bieten Ihnen ma\u00dfgeschneiderte L\u00f6sungen an!","robots":{"index":"index","follow":"follow","max-snippet":"max-snippet:-1","max-image-preview":"max-image-preview:large","max-video-preview":"max-video-preview:-1"},"canonical":"https:\/\/ts.at\/de\/lp-urheberrecht-vertraege\/","og_locale":"de_DE","og_type":"article","og_title":"Urhebervertr\u00e4ge von Experten &#8211; TS&amp;P","og_description":"{:de}Bei welchen Urhebervertr\u00e4gen und urheberrechtlichen Vertragsklauseln k\u00f6nnen wir Sie unterst\u00fctzen? Wir bieten Ihnen ma\u00dfgeschneiderte L\u00f6sungen an!{:}","og_url":"https:\/\/ts.at\/de\/lp-urheberrecht-vertraege\/","og_site_name":"TS&amp;P","article_modified_time":"2025-09-30T06:07:46+00:00","og_image":[{"width":914,"height":108,"url":"https:\/\/ts.at\/wp-content\/uploads\/2013\/05\/headerblank.jpg","type":"image\/jpeg"}],"twitter_card":"summary_large_image","twitter_misc":{"Gesch\u00e4tzte Lesezeit":"2\u00a0Minuten"},"schema":{"@context":"https:\/\/schema.org","@graph":[{"@type":"WebPage","@id":"https:\/\/ts.at\/de\/lp-urheberrecht-vertraege\/","url":"https:\/\/ts.at\/de\/lp-urheberrecht-vertraege\/","name":"Urhebervertr\u00e4ge von Experten &#8211; TS&amp;P","isPartOf":{"@id":"https:\/\/ts.at\/de\/#website"},"primaryImageOfPage":{"@id":"https:\/\/ts.at\/de\/lp-urheberrecht-vertraege\/#primaryimage"},"image":{"@id":"https:\/\/ts.at\/de\/lp-urheberrecht-vertraege\/#primaryimage"},"thumbnailUrl":"https:\/\/ts.at\/wp-content\/uploads\/2013\/05\/headerblank.jpg","datePublished":"2022-03-29T21:14:55+00:00","dateModified":"2025-09-30T06:07:46+00:00","description":"{:de}Bei welchen Urhebervertr\u00e4gen und urheberrechtlichen Vertragsklauseln k\u00f6nnen wir Sie unterst\u00fctzen? Wir bieten Ihnen ma\u00dfgeschneiderte L\u00f6sungen an!{:}","breadcrumb":{"@id":"https:\/\/ts.at\/de\/lp-urheberrecht-vertraege\/#breadcrumb"},"inLanguage":"de","potentialAction":[{"@type":"ReadAction","target":["https:\/\/ts.at\/de\/lp-urheberrecht-vertraege\/"]}]},{"@type":"ImageObject","inLanguage":"de","@id":"https:\/\/ts.at\/de\/lp-urheberrecht-vertraege\/#primaryimage","url":"https:\/\/ts.at\/wp-content\/uploads\/2013\/05\/headerblank.jpg","contentUrl":"https:\/\/ts.at\/wp-content\/uploads\/2013\/05\/headerblank.jpg","width":914,"height":108},{"@type":"BreadcrumbList","@id":"https:\/\/ts.at\/de\/lp-urheberrecht-vertraege\/#breadcrumb","itemListElement":[{"@type":"ListItem","position":1,"name":"Home","item":"https:\/\/ts.at\/de\/"},{"@type":"ListItem","position":2,"name":"Urhebervertr\u00e4ge von Experten"}]},{"@type":"WebSite","@id":"https:\/\/ts.at\/de\/#website","url":"https:\/\/ts.at\/de\/","name":"Tonninger Schermaier & Partner","description":"Rechtsanw\u00e4lte","alternateName":"TS & P","potentialAction":[{"@type":"SearchAction","target":{"@type":"EntryPoint","urlTemplate":"https:\/\/ts.at\/de\/?s={search_term_string}"},"query-input":{"@type":"PropertyValueSpecification","valueRequired":true,"valueName":"search_term_string"}}],"inLanguage":"de"}]}},"_links":{"self":[{"href":"https:\/\/ts.at\/de\/wp-json\/wp\/v2\/pages\/11626","targetHints":{"allow":["GET"]}}],"collection":[{"href":"https:\/\/ts.at\/de\/wp-json\/wp\/v2\/pages"}],"about":[{"href":"https:\/\/ts.at\/de\/wp-json\/wp\/v2\/types\/page"}],"author":[{"embeddable":true,"href":"https:\/\/ts.at\/de\/wp-json\/wp\/v2\/users\/9"}],"replies":[{"embeddable":true,"href":"https:\/\/ts.at\/de\/wp-json\/wp\/v2\/comments?post=11626"}],"version-history":[{"count":9,"href":"https:\/\/ts.at\/de\/wp-json\/wp\/v2\/pages\/11626\/revisions"}],"predecessor-version":[{"id":12521,"href":"https:\/\/ts.at\/de\/wp-json\/wp\/v2\/pages\/11626\/revisions\/12521"}],"wp:featuredmedia":[{"embeddable":true,"href":"https:\/\/ts.at\/de\/wp-json\/wp\/v2\/media\/296"}],"wp:attachment":[{"href":"https:\/\/ts.at\/de\/wp-json\/wp\/v2\/media?parent=11626"}],"curies":[{"name":"wp","href":"https:\/\/api.w.org\/{rel}","templated":true}]}}