{"id":11629,"date":"2022-03-29T23:17:12","date_gmt":"2022-03-29T21:17:12","guid":{"rendered":"https:\/\/ts.at\/de\/?page_id=11629"},"modified":"2025-09-30T08:08:11","modified_gmt":"2025-09-30T06:08:11","slug":"lp-urheberrecht-abmahnen","status":"publish","type":"page","link":"https:\/\/ts.at\/de\/lp-urheberrecht-abmahnen\/","title":{"rendered":"Urheberrechtsverletzung?"},"content":{"rendered":"<p><\/p>\n<p>&nbsp;<\/p>\n<h2><strong>Professionelle Abmahnung oder Klage vom Anwalt?<\/strong><\/h2>\n<p>Durch unsere langj\u00e4hrige Erfahrung wissen wir, worauf es ankommt, um Urheberrechtsverletzungen schnell und kosteneffizient abzustellen, um dadurch Ihre wirtschaftlichen und urheberpers\u00f6nlichkeitsrechtlichen Interessen optimal zu sch\u00fctzen.<\/p>\n<p style=\"text-align: center;\"><a class=\"maxbutton-10 maxbutton maxbutton-urheberrecht-fomular\" href=\"https:\/\/ts.at\/de\/gratis-rueckruf-urheberrecht\/\"><span class='mb-text'>GRATIS R\u00dcCKRUF<\/span><\/a><\/p>\n<h2><strong>Welche Werke sind typischerweise Gegenstand einer Urheberrechtsverletzung?<\/strong><\/h2>\n<ul>\n<li>Fotos<\/li>\n<li>Grafiken<\/li>\n<li>Texte<\/li>\n<li>Pl\u00e4ne<\/li>\n<li>Kompositionen<\/li>\n<li>Filme<\/li>\n<\/ul>\n<h2><strong>Wie k\u00f6nnen wir Sie unterst\u00fctzen, wenn Ihre Urheberrechte verletzt werden?<\/strong><\/h2>\n<ul>\n<li>Erstellen von ma\u00dfgeschneiderten Abmahnungen, um die Sache m\u00f6glichst rasch und au\u00dfergerichtlich beizulegen<\/li>\n<li>Erstellen von ma\u00dfgeschneiderten Klagen und Antr\u00e4gen auf Erlassung einer Einstweiligen Verf\u00fcgung, wenn au\u00dfergerichtlich keine Einigung erzielt werden konnte<\/li>\n<li>Vertretung in urheberrechtlichen Prozessen vor den Handelsgerichten in ganz \u00d6sterreich<\/li>\n<\/ul>\n<h2><strong>Was kostet eine professionelle urheberrechtliche Abmahnung oder eine Vertretung in einem urheberrechtlichen Prozess?<\/strong><\/h2>\n<p>Wir erbringen unsere Leistungen auf Basis eines Stundensatzes von netto \u20ac 380,-. Nachdem wir mit Ihnen in einem kostenlosen und unverbindlichen Erstgespr\u00e4ch er\u00f6rtert haben, welchen Vertretungsbedarf Sie haben und Ihnen aufgezeigt haben, was die typischen Schritte einer urheberrechtlichen Auseinandersetzung sind, werden wir Ihnen eine Sch\u00e4tzung unseres ungef\u00e4hren Zeitaufwandes f\u00fcr die ersten Schritte der Vertretung bekanntgeben.<\/p>\n<h2><strong>Was ist zu tun?<\/strong><\/h2>\n<p>Rufen Sie uns an oder f\u00fcllen Sie unser Kontaktformular aus. Im Anschluss erhalten Sie einen kostenlosen R\u00fcckruf samt unverbindlicher Preisauskunft.<\/p>\n<p style=\"text-align: center;\"><a class=\"maxbutton-10 maxbutton maxbutton-urheberrecht-fomular\" href=\"https:\/\/ts.at\/de\/gratis-rueckruf-urheberrecht\/\"><span class='mb-text'>GRATIS R\u00dcCKRUF<\/span><\/a><a class=\"maxbutton-2 maxbutton maxbutton-anruf-button\" title=\"Jetzt anrufen\" href=\"tel:+4312184440\"><span class='mb-text'>\u260e +43 1 218 44 40<\/span><\/a><\/p>\n<p>Wir freuen uns auf Ihre Kontaktaufnahme!<\/p>\n<p><a href=\"https:\/\/ts.at\/wp-content\/uploads\/2022\/03\/tonninger-albrecht-grafik.png\"><img loading=\"lazy\" decoding=\"async\" class=\"alignnone size-medium wp-image-11615\" src=\"https:\/\/ts.at\/wp-content\/uploads\/2022\/03\/tonninger-albrecht-grafik-300x85.png\" alt=\"\" width=\"300\" height=\"85\" srcset=\"https:\/\/ts.at\/wp-content\/uploads\/2022\/03\/tonninger-albrecht-grafik-300x85.png 300w, https:\/\/ts.at\/wp-content\/uploads\/2022\/03\/tonninger-albrecht-grafik-768x217.png 768w, https:\/\/ts.at\/wp-content\/uploads\/2022\/03\/tonninger-albrecht-grafik-566x160.png 566w, https:\/\/ts.at\/wp-content\/uploads\/2022\/03\/tonninger-albrecht-grafik-260x74.png 260w, https:\/\/ts.at\/wp-content\/uploads\/2022\/03\/tonninger-albrecht-grafik-908x257.png 908w, https:\/\/ts.at\/wp-content\/uploads\/2022\/03\/tonninger-albrecht-grafik-296x84.png 296w, https:\/\/ts.at\/wp-content\/uploads\/2022\/03\/tonninger-albrecht-grafik-164x46.png 164w, https:\/\/ts.at\/wp-content\/uploads\/2022\/03\/tonninger-albrecht-grafik-602x170.png 602w, https:\/\/ts.at\/wp-content\/uploads\/2022\/03\/tonninger-albrecht-grafik.png 948w\" sizes=\"auto, (max-width: 300px) 100vw, 300px\" \/><\/a><\/p>\n<p><strong>Dr. Bernhard Tonninger &amp; Mag. Dr. Markus Albrecht<\/strong><\/p>\n<p style=\"text-align: center;\">\u00a0<\/p>\n<p>&nbsp;<\/p>\n<p>&nbsp;<\/p>\n<p><\/p>","protected":false},"excerpt":{"rendered":"<p>&nbsp; Professionelle Abmahnung oder Klage vom Anwalt? Durch unsere langj\u00e4hrige Erfahrung wissen wir, worauf es ankommt, um Urheberrechtsverletzungen schnell und kosteneffizient abzustellen, um dadurch Ihre wirtschaftlichen und urheberpers\u00f6nlichkeitsrechtlichen Interessen optimal zu sch\u00fctzen. Welche Werke sind typischerweise Gegenstand einer Urheberrechtsverletzung? Fotos Grafiken Texte Pl\u00e4ne Kompositionen Filme Wie k\u00f6nnen wir Sie unterst\u00fctzen, wenn Ihre Urheberrechte verletzt werden?<\/p>\n","protected":false},"author":9,"featured_media":296,"parent":0,"menu_order":0,"comment_status":"closed","ping_status":"closed","template":"","meta":{"_acf_changed":false,"footnotes":""},"class_list":["post-11629","page","type-page","status-publish","has-post-thumbnail","hentry"],"acf":[],"yoast_head":"<!-- This site is optimized with the Yoast SEO plugin v27.4 - https:\/\/yoast.com\/product\/yoast-seo-wordpress\/ -->\n<title>Urheberrechtsverletzung? &#8211; TS&amp;P<\/title>\n<meta name=\"description\" content=\"Wir k\u00f6nnen Sie unterst\u00fctzen, wenn Ihre Urheberrechte verletzt wurden! Was ist zu tun und was kostet es? Wir vertreten Sie professionell!\" \/>\n<meta name=\"robots\" content=\"index, follow, max-snippet:-1, max-image-preview:large, max-video-preview:-1\" \/>\n<link rel=\"canonical\" href=\"https:\/\/ts.at\/de\/lp-urheberrecht-abmahnen\/\" \/>\n<meta property=\"og:locale\" content=\"de_DE\" \/>\n<meta property=\"og:type\" content=\"article\" \/>\n<meta property=\"og:title\" content=\"Urheberrechtsverletzung? &#8211; TS&amp;P\" \/>\n<meta property=\"og:description\" content=\"{:de}Wir k\u00f6nnen Sie unterst\u00fctzen, wenn Ihre Urheberrechte verletzt wurden! Was ist zu tun und was kostet es? Wir vertreten Sie professionell!{:}\" \/>\n<meta property=\"og:url\" content=\"https:\/\/ts.at\/de\/lp-urheberrecht-abmahnen\/\" \/>\n<meta property=\"og:site_name\" content=\"TS&amp;P\" \/>\n<meta property=\"article:modified_time\" content=\"2025-09-30T06:08:11+00:00\" \/>\n<meta property=\"og:image\" content=\"https:\/\/ts.at\/wp-content\/uploads\/2013\/05\/headerblank.jpg\" \/>\n\t<meta property=\"og:image:width\" content=\"914\" \/>\n\t<meta property=\"og:image:height\" content=\"108\" \/>\n\t<meta property=\"og:image:type\" content=\"image\/jpeg\" \/>\n<meta name=\"twitter:card\" content=\"summary_large_image\" \/>\n<meta name=\"twitter:label1\" content=\"Gesch\u00e4tzte Lesezeit\" \/>\n\t<meta name=\"twitter:data1\" content=\"2\u00a0Minuten\" \/>\n<script type=\"application\/ld+json\" class=\"yoast-schema-graph\">{\"@context\":\"https:\\\/\\\/schema.org\",\"@graph\":[{\"@type\":\"WebPage\",\"@id\":\"https:\\\/\\\/ts.at\\\/de\\\/lp-urheberrecht-abmahnen\\\/\",\"url\":\"https:\\\/\\\/ts.at\\\/de\\\/lp-urheberrecht-abmahnen\\\/\",\"name\":\"Urheberrechtsverletzung? &#8211; TS&amp;P\",\"isPartOf\":{\"@id\":\"https:\\\/\\\/ts.at\\\/de\\\/#website\"},\"primaryImageOfPage\":{\"@id\":\"https:\\\/\\\/ts.at\\\/de\\\/lp-urheberrecht-abmahnen\\\/#primaryimage\"},\"image\":{\"@id\":\"https:\\\/\\\/ts.at\\\/de\\\/lp-urheberrecht-abmahnen\\\/#primaryimage\"},\"thumbnailUrl\":\"https:\\\/\\\/ts.at\\\/wp-content\\\/uploads\\\/2013\\\/05\\\/headerblank.jpg\",\"datePublished\":\"2022-03-29T21:17:12+00:00\",\"dateModified\":\"2025-09-30T06:08:11+00:00\",\"description\":\"{:de}Wir k\u00f6nnen Sie unterst\u00fctzen, wenn Ihre Urheberrechte verletzt wurden! Was ist zu tun und was kostet es? Wir vertreten Sie professionell!{:}\",\"breadcrumb\":{\"@id\":\"https:\\\/\\\/ts.at\\\/de\\\/lp-urheberrecht-abmahnen\\\/#breadcrumb\"},\"inLanguage\":\"de\",\"potentialAction\":[{\"@type\":\"ReadAction\",\"target\":[\"https:\\\/\\\/ts.at\\\/de\\\/lp-urheberrecht-abmahnen\\\/\"]}]},{\"@type\":\"ImageObject\",\"inLanguage\":\"de\",\"@id\":\"https:\\\/\\\/ts.at\\\/de\\\/lp-urheberrecht-abmahnen\\\/#primaryimage\",\"url\":\"https:\\\/\\\/ts.at\\\/wp-content\\\/uploads\\\/2013\\\/05\\\/headerblank.jpg\",\"contentUrl\":\"https:\\\/\\\/ts.at\\\/wp-content\\\/uploads\\\/2013\\\/05\\\/headerblank.jpg\",\"width\":914,\"height\":108},{\"@type\":\"BreadcrumbList\",\"@id\":\"https:\\\/\\\/ts.at\\\/de\\\/lp-urheberrecht-abmahnen\\\/#breadcrumb\",\"itemListElement\":[{\"@type\":\"ListItem\",\"position\":1,\"name\":\"Home\",\"item\":\"https:\\\/\\\/ts.at\\\/de\\\/\"},{\"@type\":\"ListItem\",\"position\":2,\"name\":\"Urheberrechtsverletzung?\"}]},{\"@type\":\"WebSite\",\"@id\":\"https:\\\/\\\/ts.at\\\/de\\\/#website\",\"url\":\"https:\\\/\\\/ts.at\\\/de\\\/\",\"name\":\"Tonninger Schermaier & Partner\",\"description\":\"Rechtsanw\u00e4lte\",\"alternateName\":\"TS & P\",\"potentialAction\":[{\"@type\":\"SearchAction\",\"target\":{\"@type\":\"EntryPoint\",\"urlTemplate\":\"https:\\\/\\\/ts.at\\\/de\\\/?s={search_term_string}\"},\"query-input\":{\"@type\":\"PropertyValueSpecification\",\"valueRequired\":true,\"valueName\":\"search_term_string\"}}],\"inLanguage\":\"de\"}]}<\/script>\n<!-- \/ Yoast SEO plugin. -->","yoast_head_json":{"title":"Urheberrechtsverletzung? &#8211; TS&amp;P","description":"Wir k\u00f6nnen Sie unterst\u00fctzen, wenn Ihre Urheberrechte verletzt wurden! Was ist zu tun und was kostet es? Wir vertreten Sie professionell!","robots":{"index":"index","follow":"follow","max-snippet":"max-snippet:-1","max-image-preview":"max-image-preview:large","max-video-preview":"max-video-preview:-1"},"canonical":"https:\/\/ts.at\/de\/lp-urheberrecht-abmahnen\/","og_locale":"de_DE","og_type":"article","og_title":"Urheberrechtsverletzung? &#8211; TS&amp;P","og_description":"{:de}Wir k\u00f6nnen Sie unterst\u00fctzen, wenn Ihre Urheberrechte verletzt wurden! Was ist zu tun und was kostet es? Wir vertreten Sie professionell!{:}","og_url":"https:\/\/ts.at\/de\/lp-urheberrecht-abmahnen\/","og_site_name":"TS&amp;P","article_modified_time":"2025-09-30T06:08:11+00:00","og_image":[{"width":914,"height":108,"url":"https:\/\/ts.at\/wp-content\/uploads\/2013\/05\/headerblank.jpg","type":"image\/jpeg"}],"twitter_card":"summary_large_image","twitter_misc":{"Gesch\u00e4tzte Lesezeit":"2\u00a0Minuten"},"schema":{"@context":"https:\/\/schema.org","@graph":[{"@type":"WebPage","@id":"https:\/\/ts.at\/de\/lp-urheberrecht-abmahnen\/","url":"https:\/\/ts.at\/de\/lp-urheberrecht-abmahnen\/","name":"Urheberrechtsverletzung? &#8211; TS&amp;P","isPartOf":{"@id":"https:\/\/ts.at\/de\/#website"},"primaryImageOfPage":{"@id":"https:\/\/ts.at\/de\/lp-urheberrecht-abmahnen\/#primaryimage"},"image":{"@id":"https:\/\/ts.at\/de\/lp-urheberrecht-abmahnen\/#primaryimage"},"thumbnailUrl":"https:\/\/ts.at\/wp-content\/uploads\/2013\/05\/headerblank.jpg","datePublished":"2022-03-29T21:17:12+00:00","dateModified":"2025-09-30T06:08:11+00:00","description":"{:de}Wir k\u00f6nnen Sie unterst\u00fctzen, wenn Ihre Urheberrechte verletzt wurden! Was ist zu tun und was kostet es? Wir vertreten Sie professionell!{:}","breadcrumb":{"@id":"https:\/\/ts.at\/de\/lp-urheberrecht-abmahnen\/#breadcrumb"},"inLanguage":"de","potentialAction":[{"@type":"ReadAction","target":["https:\/\/ts.at\/de\/lp-urheberrecht-abmahnen\/"]}]},{"@type":"ImageObject","inLanguage":"de","@id":"https:\/\/ts.at\/de\/lp-urheberrecht-abmahnen\/#primaryimage","url":"https:\/\/ts.at\/wp-content\/uploads\/2013\/05\/headerblank.jpg","contentUrl":"https:\/\/ts.at\/wp-content\/uploads\/2013\/05\/headerblank.jpg","width":914,"height":108},{"@type":"BreadcrumbList","@id":"https:\/\/ts.at\/de\/lp-urheberrecht-abmahnen\/#breadcrumb","itemListElement":[{"@type":"ListItem","position":1,"name":"Home","item":"https:\/\/ts.at\/de\/"},{"@type":"ListItem","position":2,"name":"Urheberrechtsverletzung?"}]},{"@type":"WebSite","@id":"https:\/\/ts.at\/de\/#website","url":"https:\/\/ts.at\/de\/","name":"Tonninger Schermaier & Partner","description":"Rechtsanw\u00e4lte","alternateName":"TS & P","potentialAction":[{"@type":"SearchAction","target":{"@type":"EntryPoint","urlTemplate":"https:\/\/ts.at\/de\/?s={search_term_string}"},"query-input":{"@type":"PropertyValueSpecification","valueRequired":true,"valueName":"search_term_string"}}],"inLanguage":"de"}]}},"_links":{"self":[{"href":"https:\/\/ts.at\/de\/wp-json\/wp\/v2\/pages\/11629","targetHints":{"allow":["GET"]}}],"collection":[{"href":"https:\/\/ts.at\/de\/wp-json\/wp\/v2\/pages"}],"about":[{"href":"https:\/\/ts.at\/de\/wp-json\/wp\/v2\/types\/page"}],"author":[{"embeddable":true,"href":"https:\/\/ts.at\/de\/wp-json\/wp\/v2\/users\/9"}],"replies":[{"embeddable":true,"href":"https:\/\/ts.at\/de\/wp-json\/wp\/v2\/comments?post=11629"}],"version-history":[{"count":10,"href":"https:\/\/ts.at\/de\/wp-json\/wp\/v2\/pages\/11629\/revisions"}],"predecessor-version":[{"id":12522,"href":"https:\/\/ts.at\/de\/wp-json\/wp\/v2\/pages\/11629\/revisions\/12522"}],"wp:featuredmedia":[{"embeddable":true,"href":"https:\/\/ts.at\/de\/wp-json\/wp\/v2\/media\/296"}],"wp:attachment":[{"href":"https:\/\/ts.at\/de\/wp-json\/wp\/v2\/media?parent=11629"}],"curies":[{"name":"wp","href":"https:\/\/api.w.org\/{rel}","templated":true}]}}