{"id":11643,"date":"2022-03-29T23:25:53","date_gmt":"2022-03-29T21:25:53","guid":{"rendered":"https:\/\/ts.at\/de\/?page_id=11643"},"modified":"2025-09-30T08:11:08","modified_gmt":"2025-09-30T06:11:08","slug":"lp-uwg-abmahnung-erhalten","status":"publish","type":"page","link":"https:\/\/ts.at\/de\/lp-uwg-abmahnung-erhalten\/","title":{"rendered":"Vertretung bei UWG-Versto\u00df"},"content":{"rendered":"<p><\/p>\n<p>&nbsp;<\/p>\n<h2><strong>Professionelle Verteidigung angeblicher UWG-Verst\u00f6\u00dfe?<\/strong><\/h2>\n<p>Durch unsere langj\u00e4hrige Erfahrung wissen wir, worauf es ankommt, um mit Abmahnungen und Klagen wegen angeblicher UWG-Verst\u00f6\u00dfe umzugehen und dabei Ihre Interessen so zu vertreten, dass Sie m\u00f6glichst wenigen Einschr\u00e4nkungen in Ihrem zuk\u00fcnftigen wirtschaftlichen Handeln unterliegen.<\/p>\n<p style=\"text-align: center;\"><a class=\"maxbutton-7 maxbutton maxbutton-uwg-formular\" href=\"https:\/\/ts.at\/de\/erstberatung-uwg\/\"><span class='mb-text'>GRATIS R\u00dcCKRUF<\/span><\/a><\/p>\n<h2><strong>Was wird typischerweise als UWG-Versto\u00df abgemahnt oder eingeklagt?<\/strong><\/h2>\n<ul>\n<li>Rechtsbruch<\/li>\n<li>unmittelbare Leistungs\u00fcbernahme<\/li>\n<li>Irref\u00fchrende Werbung<\/li>\n<li>Verletzung von Gesch\u00e4ftsgeheimnissen<\/li>\n<li>unlauteres Abwerben von Mitarbeitern<\/li>\n<\/ul>\n<h2><strong>Wie k\u00f6nnen wir Sie unterst\u00fctzen, wenn Ihnen ein UWG-Versto\u00df von einem Mitbewerber vorgeworfen wird?<\/strong><\/h2>\n<ul>\n<li>Erstellen von ma\u00dfgeschneiderten Antwortbriefe auf Abmahnungen samt allf\u00e4lliger Verpflichtungserkl\u00e4rungen, die nicht \u00fcber den Anspruch des Gegen\u00fcbers hinausgehen<\/li>\n<li>Erstellen von ma\u00dfgeschneiderten Klagebeantwortungen und \u00c4u\u00dferungen, wenn au\u00dfergerichtlich keine Einigung erzielt werden konnte<\/li>\n<li>Vertretung in UWG-Prozessen vor den Handelsgerichten in ganz \u00d6sterreich<\/li>\n<\/ul>\n<h2><strong>Was kostet eine professionelle Vertretung wegen eines angeblichen UWG-Versto\u00dfes?<\/strong><\/h2>\n<p>Wir erbringen unsere Leistungen auf Basis eines Stundensatzes von netto \u20ac 380,-. Nachdem wir mit Ihnen in einem kostenlosen und unverbindlichen Erstgespr\u00e4ch er\u00f6rtert haben, was Ihnen konkret vorgeworfen wird und Ihnen aufgezeigt haben, was die typischen Schritte einer Auseinandersetzung auf Grundlage eines UWG-Anspruches sind, werden wir Ihnen eine Sch\u00e4tzung unseres ungef\u00e4hren Zeitaufwandes f\u00fcr die ersten Schritte der Vertretung bekanntgeben.<\/p>\n<h2><strong>Was ist zu tun?<\/strong><\/h2>\n<p>Rufen Sie uns an oder f\u00fcllen Sie unser Kontaktformular aus. Im Anschluss erhalten Sie einen kostenlosen R\u00fcckruf samt unverbindlicher Preisauskunft.<\/p>\n<p style=\"text-align: center;\"><a class=\"maxbutton-7 maxbutton maxbutton-uwg-formular\" href=\"https:\/\/ts.at\/de\/erstberatung-uwg\/\"><span class='mb-text'>GRATIS R\u00dcCKRUF<\/span><\/a><a class=\"maxbutton-2 maxbutton maxbutton-anruf-button\" title=\"Jetzt anrufen\" href=\"tel:+4312184440\"><span class='mb-text'>\u260e +43 1 218 44 40<\/span><\/a><\/p>\n<p>Wir freuen uns auf Ihre Kontaktaufnahme!<\/p>\n<p><strong>Dr. Bernhard Tonninger &amp; Mag. Dr. Markus Albrecht<\/strong><\/p>\n<p><a href=\"https:\/\/ts.at\/wp-content\/uploads\/2022\/03\/tonninger-albrecht-grafik.png\"><img loading=\"lazy\" decoding=\"async\" class=\"alignnone size-medium wp-image-11615\" src=\"https:\/\/ts.at\/wp-content\/uploads\/2022\/03\/tonninger-albrecht-grafik-300x85.png\" alt=\"Dr. Bernhard Tonninger und Dr. Markus Albrecht\" width=\"300\" height=\"85\" srcset=\"https:\/\/ts.at\/wp-content\/uploads\/2022\/03\/tonninger-albrecht-grafik-300x85.png 300w, https:\/\/ts.at\/wp-content\/uploads\/2022\/03\/tonninger-albrecht-grafik-768x217.png 768w, https:\/\/ts.at\/wp-content\/uploads\/2022\/03\/tonninger-albrecht-grafik-566x160.png 566w, https:\/\/ts.at\/wp-content\/uploads\/2022\/03\/tonninger-albrecht-grafik-260x74.png 260w, https:\/\/ts.at\/wp-content\/uploads\/2022\/03\/tonninger-albrecht-grafik-908x257.png 908w, https:\/\/ts.at\/wp-content\/uploads\/2022\/03\/tonninger-albrecht-grafik-296x84.png 296w, https:\/\/ts.at\/wp-content\/uploads\/2022\/03\/tonninger-albrecht-grafik-164x46.png 164w, https:\/\/ts.at\/wp-content\/uploads\/2022\/03\/tonninger-albrecht-grafik-602x170.png 602w, https:\/\/ts.at\/wp-content\/uploads\/2022\/03\/tonninger-albrecht-grafik.png 948w\" sizes=\"auto, (max-width: 300px) 100vw, 300px\" \/><\/a><\/p>\n<p style=\"text-align: center;\">\u00a0<\/p>\n<p>&nbsp;<\/p>\n<p>&nbsp;<\/p>\n<p><\/p>","protected":false},"excerpt":{"rendered":"<p>&nbsp; Professionelle Verteidigung angeblicher UWG-Verst\u00f6\u00dfe? Durch unsere langj\u00e4hrige Erfahrung wissen wir, worauf es ankommt, um mit Abmahnungen und Klagen wegen angeblicher UWG-Verst\u00f6\u00dfe umzugehen und dabei Ihre Interessen so zu vertreten, dass Sie m\u00f6glichst wenigen Einschr\u00e4nkungen in Ihrem zuk\u00fcnftigen wirtschaftlichen Handeln unterliegen. Was wird typischerweise als UWG-Versto\u00df abgemahnt oder eingeklagt? Rechtsbruch unmittelbare Leistungs\u00fcbernahme Irref\u00fchrende Werbung Verletzung<\/p>\n","protected":false},"author":9,"featured_media":296,"parent":0,"menu_order":0,"comment_status":"closed","ping_status":"closed","template":"","meta":{"_acf_changed":false,"footnotes":""},"class_list":["post-11643","page","type-page","status-publish","has-post-thumbnail","hentry"],"acf":[],"yoast_head":"<!-- This site is optimized with the Yoast SEO plugin v27.4 - https:\/\/yoast.com\/product\/yoast-seo-wordpress\/ -->\n<title>Vertretung bei UWG-Versto\u00df &#8211; TS&amp;P<\/title>\n<meta name=\"description\" content=\"Dr. Bernhard Tonninger &amp; Mag. Dr. Markus Albrecht: Professionelle Verteidigung bei UWG-Verst\u00f6\u00dfen in \u00d6sterreich\" \/>\n<meta name=\"robots\" content=\"index, follow, max-snippet:-1, max-image-preview:large, max-video-preview:-1\" \/>\n<link rel=\"canonical\" href=\"https:\/\/ts.at\/de\/lp-uwg-abmahnung-erhalten\/\" \/>\n<meta property=\"og:locale\" content=\"de_DE\" \/>\n<meta property=\"og:type\" content=\"article\" \/>\n<meta property=\"og:title\" content=\"Vertretung bei UWG-Versto\u00df &#8211; TS&amp;P\" \/>\n<meta property=\"og:description\" content=\"{:de}Dr. Bernhard Tonninger &amp; Mag. Dr. Markus Albrecht: Professionelle Verteidigung bei UWG-Verst\u00f6\u00dfen in \u00d6sterreich{:}\" \/>\n<meta property=\"og:url\" content=\"https:\/\/ts.at\/de\/lp-uwg-abmahnung-erhalten\/\" \/>\n<meta property=\"og:site_name\" content=\"TS&amp;P\" \/>\n<meta property=\"article:modified_time\" content=\"2025-09-30T06:11:08+00:00\" \/>\n<meta property=\"og:image\" content=\"https:\/\/ts.at\/wp-content\/uploads\/2013\/05\/headerblank.jpg\" \/>\n\t<meta property=\"og:image:width\" content=\"914\" \/>\n\t<meta property=\"og:image:height\" content=\"108\" \/>\n\t<meta property=\"og:image:type\" content=\"image\/jpeg\" \/>\n<meta name=\"twitter:card\" content=\"summary_large_image\" \/>\n<meta name=\"twitter:label1\" content=\"Gesch\u00e4tzte Lesezeit\" \/>\n\t<meta name=\"twitter:data1\" content=\"2\u00a0Minuten\" \/>\n<script type=\"application\/ld+json\" class=\"yoast-schema-graph\">{\"@context\":\"https:\\\/\\\/schema.org\",\"@graph\":[{\"@type\":\"WebPage\",\"@id\":\"https:\\\/\\\/ts.at\\\/de\\\/lp-uwg-abmahnung-erhalten\\\/\",\"url\":\"https:\\\/\\\/ts.at\\\/de\\\/lp-uwg-abmahnung-erhalten\\\/\",\"name\":\"Vertretung bei UWG-Versto\u00df &#8211; TS&amp;P\",\"isPartOf\":{\"@id\":\"https:\\\/\\\/ts.at\\\/de\\\/#website\"},\"primaryImageOfPage\":{\"@id\":\"https:\\\/\\\/ts.at\\\/de\\\/lp-uwg-abmahnung-erhalten\\\/#primaryimage\"},\"image\":{\"@id\":\"https:\\\/\\\/ts.at\\\/de\\\/lp-uwg-abmahnung-erhalten\\\/#primaryimage\"},\"thumbnailUrl\":\"https:\\\/\\\/ts.at\\\/wp-content\\\/uploads\\\/2013\\\/05\\\/headerblank.jpg\",\"datePublished\":\"2022-03-29T21:25:53+00:00\",\"dateModified\":\"2025-09-30T06:11:08+00:00\",\"description\":\"{:de}Dr. Bernhard Tonninger & Mag. Dr. Markus Albrecht: Professionelle Verteidigung bei UWG-Verst\u00f6\u00dfen in \u00d6sterreich{:}\",\"breadcrumb\":{\"@id\":\"https:\\\/\\\/ts.at\\\/de\\\/lp-uwg-abmahnung-erhalten\\\/#breadcrumb\"},\"inLanguage\":\"de\",\"potentialAction\":[{\"@type\":\"ReadAction\",\"target\":[\"https:\\\/\\\/ts.at\\\/de\\\/lp-uwg-abmahnung-erhalten\\\/\"]}]},{\"@type\":\"ImageObject\",\"inLanguage\":\"de\",\"@id\":\"https:\\\/\\\/ts.at\\\/de\\\/lp-uwg-abmahnung-erhalten\\\/#primaryimage\",\"url\":\"https:\\\/\\\/ts.at\\\/wp-content\\\/uploads\\\/2013\\\/05\\\/headerblank.jpg\",\"contentUrl\":\"https:\\\/\\\/ts.at\\\/wp-content\\\/uploads\\\/2013\\\/05\\\/headerblank.jpg\",\"width\":914,\"height\":108},{\"@type\":\"BreadcrumbList\",\"@id\":\"https:\\\/\\\/ts.at\\\/de\\\/lp-uwg-abmahnung-erhalten\\\/#breadcrumb\",\"itemListElement\":[{\"@type\":\"ListItem\",\"position\":1,\"name\":\"Home\",\"item\":\"https:\\\/\\\/ts.at\\\/de\\\/\"},{\"@type\":\"ListItem\",\"position\":2,\"name\":\"Vertretung bei UWG-Versto\u00df\"}]},{\"@type\":\"WebSite\",\"@id\":\"https:\\\/\\\/ts.at\\\/de\\\/#website\",\"url\":\"https:\\\/\\\/ts.at\\\/de\\\/\",\"name\":\"Tonninger Schermaier & Partner\",\"description\":\"Rechtsanw\u00e4lte\",\"alternateName\":\"TS & P\",\"potentialAction\":[{\"@type\":\"SearchAction\",\"target\":{\"@type\":\"EntryPoint\",\"urlTemplate\":\"https:\\\/\\\/ts.at\\\/de\\\/?s={search_term_string}\"},\"query-input\":{\"@type\":\"PropertyValueSpecification\",\"valueRequired\":true,\"valueName\":\"search_term_string\"}}],\"inLanguage\":\"de\"}]}<\/script>\n<!-- \/ Yoast SEO plugin. -->","yoast_head_json":{"title":"Vertretung bei UWG-Versto\u00df &#8211; TS&amp;P","description":"Dr. Bernhard Tonninger & Mag. Dr. Markus Albrecht: Professionelle Verteidigung bei UWG-Verst\u00f6\u00dfen in \u00d6sterreich","robots":{"index":"index","follow":"follow","max-snippet":"max-snippet:-1","max-image-preview":"max-image-preview:large","max-video-preview":"max-video-preview:-1"},"canonical":"https:\/\/ts.at\/de\/lp-uwg-abmahnung-erhalten\/","og_locale":"de_DE","og_type":"article","og_title":"Vertretung bei UWG-Versto\u00df &#8211; TS&amp;P","og_description":"{:de}Dr. Bernhard Tonninger & Mag. Dr. Markus Albrecht: Professionelle Verteidigung bei UWG-Verst\u00f6\u00dfen in \u00d6sterreich{:}","og_url":"https:\/\/ts.at\/de\/lp-uwg-abmahnung-erhalten\/","og_site_name":"TS&amp;P","article_modified_time":"2025-09-30T06:11:08+00:00","og_image":[{"width":914,"height":108,"url":"https:\/\/ts.at\/wp-content\/uploads\/2013\/05\/headerblank.jpg","type":"image\/jpeg"}],"twitter_card":"summary_large_image","twitter_misc":{"Gesch\u00e4tzte Lesezeit":"2\u00a0Minuten"},"schema":{"@context":"https:\/\/schema.org","@graph":[{"@type":"WebPage","@id":"https:\/\/ts.at\/de\/lp-uwg-abmahnung-erhalten\/","url":"https:\/\/ts.at\/de\/lp-uwg-abmahnung-erhalten\/","name":"Vertretung bei UWG-Versto\u00df &#8211; TS&amp;P","isPartOf":{"@id":"https:\/\/ts.at\/de\/#website"},"primaryImageOfPage":{"@id":"https:\/\/ts.at\/de\/lp-uwg-abmahnung-erhalten\/#primaryimage"},"image":{"@id":"https:\/\/ts.at\/de\/lp-uwg-abmahnung-erhalten\/#primaryimage"},"thumbnailUrl":"https:\/\/ts.at\/wp-content\/uploads\/2013\/05\/headerblank.jpg","datePublished":"2022-03-29T21:25:53+00:00","dateModified":"2025-09-30T06:11:08+00:00","description":"{:de}Dr. Bernhard Tonninger & Mag. Dr. Markus Albrecht: Professionelle Verteidigung bei UWG-Verst\u00f6\u00dfen in \u00d6sterreich{:}","breadcrumb":{"@id":"https:\/\/ts.at\/de\/lp-uwg-abmahnung-erhalten\/#breadcrumb"},"inLanguage":"de","potentialAction":[{"@type":"ReadAction","target":["https:\/\/ts.at\/de\/lp-uwg-abmahnung-erhalten\/"]}]},{"@type":"ImageObject","inLanguage":"de","@id":"https:\/\/ts.at\/de\/lp-uwg-abmahnung-erhalten\/#primaryimage","url":"https:\/\/ts.at\/wp-content\/uploads\/2013\/05\/headerblank.jpg","contentUrl":"https:\/\/ts.at\/wp-content\/uploads\/2013\/05\/headerblank.jpg","width":914,"height":108},{"@type":"BreadcrumbList","@id":"https:\/\/ts.at\/de\/lp-uwg-abmahnung-erhalten\/#breadcrumb","itemListElement":[{"@type":"ListItem","position":1,"name":"Home","item":"https:\/\/ts.at\/de\/"},{"@type":"ListItem","position":2,"name":"Vertretung bei UWG-Versto\u00df"}]},{"@type":"WebSite","@id":"https:\/\/ts.at\/de\/#website","url":"https:\/\/ts.at\/de\/","name":"Tonninger Schermaier & Partner","description":"Rechtsanw\u00e4lte","alternateName":"TS & P","potentialAction":[{"@type":"SearchAction","target":{"@type":"EntryPoint","urlTemplate":"https:\/\/ts.at\/de\/?s={search_term_string}"},"query-input":{"@type":"PropertyValueSpecification","valueRequired":true,"valueName":"search_term_string"}}],"inLanguage":"de"}]}},"_links":{"self":[{"href":"https:\/\/ts.at\/de\/wp-json\/wp\/v2\/pages\/11643","targetHints":{"allow":["GET"]}}],"collection":[{"href":"https:\/\/ts.at\/de\/wp-json\/wp\/v2\/pages"}],"about":[{"href":"https:\/\/ts.at\/de\/wp-json\/wp\/v2\/types\/page"}],"author":[{"embeddable":true,"href":"https:\/\/ts.at\/de\/wp-json\/wp\/v2\/users\/9"}],"replies":[{"embeddable":true,"href":"https:\/\/ts.at\/de\/wp-json\/wp\/v2\/comments?post=11643"}],"version-history":[{"count":11,"href":"https:\/\/ts.at\/de\/wp-json\/wp\/v2\/pages\/11643\/revisions"}],"predecessor-version":[{"id":12527,"href":"https:\/\/ts.at\/de\/wp-json\/wp\/v2\/pages\/11643\/revisions\/12527"}],"wp:featuredmedia":[{"embeddable":true,"href":"https:\/\/ts.at\/de\/wp-json\/wp\/v2\/media\/296"}],"wp:attachment":[{"href":"https:\/\/ts.at\/de\/wp-json\/wp\/v2\/media?parent=11643"}],"curies":[{"name":"wp","href":"https:\/\/api.w.org\/{rel}","templated":true}]}}