{"id":1194,"date":"2015-06-29T11:32:23","date_gmt":"2015-06-29T09:32:23","guid":{"rendered":"https:\/\/ts.at\/de\/?page_id=1194"},"modified":"2024-06-04T10:20:57","modified_gmt":"2024-06-04T08:20:57","slug":"urheberrecht","status":"publish","type":"page","link":"https:\/\/ts.at\/de\/urheberrecht\/","title":{"rendered":"Urheberrecht"},"content":{"rendered":"<p><\/p>\n<p>&nbsp;<\/p>\n<h2>Unsere Leistungen im Zusammenhang mit Urheberrecht:<\/h2>\n<p>Wir vertreten und beraten Sie umfassend in s\u00e4mtlichen Rechtsangelegenheiten des Urheberrechts. Unser Leistungsangebot beinhaltet dabei insbesondere<\/p>\n<ul>\n<li>Beratung \u00fcber die Zul\u00e4ssigkeit der Verwendung urheberrechtlich gesch\u00fctzter Werke von Dritten<\/li>\n<li>Abwehr von Anspr\u00fcchen (Abmahnungen), die gegen Sie gerichtet sind<\/li>\n<li>Vertretung und Beratung im zivilrechtlichen Vorgehen gegen unrechtm\u00e4\u00dfige Verwendung Ihres urheberrechtlich gesch\u00fctzten Werks<\/li>\n<li>Prozessbegleitung bei der schnellen Erlangung von Rechtsschutz mittels Einstweiliger Verf\u00fcgung<\/li>\n<li>Klagsweises Vorgehen gegen Eingriffshandlungen Dritter in Ihre Urheberrechte<\/li>\n<li>Unterst\u00fctzung und Vertretung im Zusammenhang mit der Verwertung und Lizenzierung Ihrer Urheberrechte (Verlagsvertrag etc.)<\/li>\n<\/ul>\n<h2>Ihre Ansprechpartner:<\/h2>\n<p><a href=\"https:\/\/ts.at\/de\/person\/tonninger\/\">RA Dr. Bernhard Tonninger<\/a><\/p>\n<p><a href=\"http:\/\/www.ts.at\/de\/person\/albrecht\">RA Mag. Dr. Markus Albrecht<\/a>  <a href=\"https:\/\/ts.at\/terminbuchung\" class=\"link-termin\">[zur Online-Terminbuchung]<\/a><a href=\"https:\/\/ts.at\/de\/person\/tonninger\/\"><br \/>\n<\/a><\/p>\n<p><strong><a href=\"tel:+4312184440\">T: +43 1 218 44 40<\/a><\/strong><\/p>\n<p style=\"text-align: center;\"><a class=\"maxbutton-10 maxbutton maxbutton-urheberrecht-fomular\" href=\"https:\/\/ts.at\/de\/gratis-rueckruf-urheberrecht\/\"><span class='mb-text'>GRATIS R\u00dcCKRUF<\/span><\/a><\/p>\n<p style=\"text-align: left;\">\u00a0<\/p>\n<ul>\n<li><a href=\"#b1\">Was ist das Urheberrecht?<\/a><\/li>\n<li><a href=\"#b2\">Was ist Gegenstand des urheberrechtlichen Schutzes?<\/a><\/li>\n<li><a href=\"#b3\">Von welcher Nutzung kann der Urheber Dritte ausschlie\u00dfen?<\/a><\/li>\n<li><a href=\"#b4\">Wie kann \u00fcber Urheberrechte verf\u00fcgt werden?<\/a><\/li>\n<li><a href=\"#b5\">Das Urheberrecht in \u00d6sterreich und seine Bedeutung f\u00fcr die digitalen Herausforderungen<\/a><\/li>\n<\/ul>\n<p>&nbsp;<\/p>\n<h2><a id=\"b1\"><\/a>Was ist das Urheberrecht?<\/h2>\n<p>Das Urheberrecht gew\u00e4hrt dem Sch\u00f6pfer eines Werks das Recht, Dritte von der Nutzung seiner Schaffensleistung auszuschlie\u00dfen. Neben den materiellen Interessen, die auf eine Beteiligung an prinzipiell jeder wirtschaftlichen Verwertung gerichtet sind, sch\u00fctzt das Urheberrecht auch die ideellen Beziehungen des Urhebers zu seinem Werk (sog. &#8222;Urheberpers\u00f6nlichkeitsrechte&#8220;).<\/p>\n<h2><a id=\"b2\"><\/a>Was ist Gegenstand des urheberrechtlichen Schutzes?<\/h2>\n<p>Das Urheberrecht sch\u00fctzt eigent\u00fcmliche geistige Sch\u00f6pfungen. Es entsteht kraft gesetzlicher Anordnung durch den Realakt der Sch\u00f6pfung, ohne dass es einer Registrierung oder \u00c4hnlichem bedarf. Neben Sprachwerken aller Art genie\u00dfen insbesondere Werke der Tonkunst, der bildenden K\u00fcnste sowie der Filmkunst urheberrechtlichen Schutz.<\/p>\n<h2><a id=\"b3\"><\/a>Von welcher Nutzung kann der Urheber Dritte ausschlie\u00dfen?<\/h2>\n<p>Die verm\u00f6gensrechtlichen Befugnisse des Urhebers sind gesetzlich geregelt und werden als &#8222;Verwertungsrechte&#8220; bezeichnet. Dem Urheber obliegt es insbesondere ausschlie\u00dflich, sein Werk zu vervielf\u00e4ltigen, zu verbreiten, zu senden, \u00f6ffentlich wiederzugeben und der \u00d6ffentlichkeit zur Verf\u00fcgung zu stellen. Durch die mannigfaltigen Nutzungsm\u00f6glichkeiten des Internets kommt es vermehrt zu unbefugten Eingriffen in urheberrechtliche Verwertungsrechte. Die Erlangung eines schnellen Rechtsschutzes gegen derartige Eingriffshandlungen ist f\u00fcr Rechteinhaber entsprechend von besonderer Bedeutung.<\/p>\n<h2><a id=\"b4\"><\/a>Wie kann \u00fcber Urheberrechte verf\u00fcgt werden?<\/h2>\n<p>Das Urheberrecht ist zwar unter Lebenden nicht \u00fcbertragbar, doch kann der Urheber Dritten ein Nutzungsrecht an seinem Werk einr\u00e4umen. Dies kann entweder in Form einer nicht-ausschlie\u00dflichen Werknutzungsbewilligung oder in Gestalt eines ausschlie\u00dflichen Werknutzungsrechts geschehen, durch dessen Einr\u00e4umung sich der Urheber auch selbst verpflichtet, von der Nutzung seines Werks im Umfang der erteilten Lizenz Abstand zu nehmen.<\/p>\n<h2><a id=\"b5\"><\/a>Das Urheberrecht in \u00d6sterreich und seine Bedeutung f\u00fcr die digitalen Herausforderungen<\/h2>\n<p>In einer zunehmend digitalisierten Welt stehen wir vor neuen Herausforderungen im Umgang mit kreativen Werken. Das Urheberrecht spielt dabei eine entscheidende Rolle, um die Rechte von Urhebern zu sch\u00fctzen und eine faire Nutzung ihrer Werke zu gew\u00e4hrleisten. <a href=\"https:\/\/ts.at\/de\/das-urheberrecht-in-oesterreich\/\">Hier<\/a> erfahren Sie mehr \u00fcber das Urheberrecht in \u00d6sterreich und seine Bedeutung in Zeiten des Internets.<\/p>\n<p>&nbsp;<\/p>\n<p><\/p>","protected":false},"excerpt":{"rendered":"<p>&nbsp; Unsere Leistungen im Zusammenhang mit Urheberrecht: Wir vertreten und beraten Sie umfassend in s\u00e4mtlichen Rechtsangelegenheiten des Urheberrechts. Unser Leistungsangebot beinhaltet dabei insbesondere Beratung \u00fcber die Zul\u00e4ssigkeit der Verwendung urheberrechtlich gesch\u00fctzter Werke von Dritten Abwehr von Anspr\u00fcchen (Abmahnungen), die gegen Sie gerichtet sind Vertretung und Beratung im zivilrechtlichen Vorgehen gegen unrechtm\u00e4\u00dfige Verwendung Ihres urheberrechtlich gesch\u00fctzten<\/p>\n","protected":false},"author":9,"featured_media":375,"parent":0,"menu_order":0,"comment_status":"closed","ping_status":"closed","template":"","meta":{"_acf_changed":false,"footnotes":""},"class_list":["post-1194","page","type-page","status-publish","has-post-thumbnail","hentry"],"acf":[],"yoast_head":"<!-- This site is optimized with the Yoast SEO plugin v27.4 - https:\/\/yoast.com\/product\/yoast-seo-wordpress\/ -->\n<title>Urheberrecht &#8211; TS&amp;P<\/title>\n<meta name=\"description\" content=\"Was ist das Urheberrecht und welchen Schutz bietet es? Unsere Leistungen im Zusammenhang mit Urheberrecht.\" \/>\n<meta name=\"robots\" content=\"index, follow, max-snippet:-1, max-image-preview:large, max-video-preview:-1\" \/>\n<link rel=\"canonical\" href=\"https:\/\/ts.at\/de\/urheberrecht\/\" \/>\n<meta property=\"og:locale\" content=\"de_DE\" \/>\n<meta property=\"og:type\" content=\"article\" \/>\n<meta property=\"og:title\" content=\"Urheberrecht &#8211; TS&amp;P\" \/>\n<meta property=\"og:description\" content=\"{:de}Was ist das Urheberrecht und welchen Schutz bietet es? Unsere Leistungen im Zusammenhang mit Urheberrecht.{:}\" \/>\n<meta property=\"og:url\" content=\"https:\/\/ts.at\/de\/urheberrecht\/\" \/>\n<meta property=\"og:site_name\" content=\"TS&amp;P\" \/>\n<meta property=\"article:modified_time\" content=\"2024-06-04T08:20:57+00:00\" \/>\n<meta property=\"og:image\" content=\"https:\/\/ts.at\/wp-content\/uploads\/2013\/05\/Network.jpg\" \/>\n\t<meta property=\"og:image:width\" content=\"1828\" \/>\n\t<meta property=\"og:image:height\" content=\"216\" \/>\n\t<meta property=\"og:image:type\" content=\"image\/jpeg\" \/>\n<meta name=\"twitter:card\" content=\"summary_large_image\" \/>\n<meta name=\"twitter:label1\" content=\"Gesch\u00e4tzte Lesezeit\" \/>\n\t<meta name=\"twitter:data1\" content=\"3\u00a0Minuten\" \/>\n<script type=\"application\/ld+json\" class=\"yoast-schema-graph\">{\"@context\":\"https:\\\/\\\/schema.org\",\"@graph\":[{\"@type\":\"WebPage\",\"@id\":\"https:\\\/\\\/ts.at\\\/de\\\/urheberrecht\\\/\",\"url\":\"https:\\\/\\\/ts.at\\\/de\\\/urheberrecht\\\/\",\"name\":\"Urheberrecht &#8211; TS&amp;P\",\"isPartOf\":{\"@id\":\"https:\\\/\\\/ts.at\\\/de\\\/#website\"},\"primaryImageOfPage\":{\"@id\":\"https:\\\/\\\/ts.at\\\/de\\\/urheberrecht\\\/#primaryimage\"},\"image\":{\"@id\":\"https:\\\/\\\/ts.at\\\/de\\\/urheberrecht\\\/#primaryimage\"},\"thumbnailUrl\":\"https:\\\/\\\/ts.at\\\/wp-content\\\/uploads\\\/2013\\\/05\\\/Network.jpg\",\"datePublished\":\"2015-06-29T09:32:23+00:00\",\"dateModified\":\"2024-06-04T08:20:57+00:00\",\"description\":\"{:de}Was ist das Urheberrecht und welchen Schutz bietet es? Unsere Leistungen im Zusammenhang mit Urheberrecht.{:}\",\"breadcrumb\":{\"@id\":\"https:\\\/\\\/ts.at\\\/de\\\/urheberrecht\\\/#breadcrumb\"},\"inLanguage\":\"de\",\"potentialAction\":[{\"@type\":\"ReadAction\",\"target\":[\"https:\\\/\\\/ts.at\\\/de\\\/urheberrecht\\\/\"]}]},{\"@type\":\"ImageObject\",\"inLanguage\":\"de\",\"@id\":\"https:\\\/\\\/ts.at\\\/de\\\/urheberrecht\\\/#primaryimage\",\"url\":\"https:\\\/\\\/ts.at\\\/wp-content\\\/uploads\\\/2013\\\/05\\\/Network.jpg\",\"contentUrl\":\"https:\\\/\\\/ts.at\\\/wp-content\\\/uploads\\\/2013\\\/05\\\/Network.jpg\",\"width\":1828,\"height\":216},{\"@type\":\"BreadcrumbList\",\"@id\":\"https:\\\/\\\/ts.at\\\/de\\\/urheberrecht\\\/#breadcrumb\",\"itemListElement\":[{\"@type\":\"ListItem\",\"position\":1,\"name\":\"Home\",\"item\":\"https:\\\/\\\/ts.at\\\/de\\\/\"},{\"@type\":\"ListItem\",\"position\":2,\"name\":\"Urheberrecht\"}]},{\"@type\":\"WebSite\",\"@id\":\"https:\\\/\\\/ts.at\\\/de\\\/#website\",\"url\":\"https:\\\/\\\/ts.at\\\/de\\\/\",\"name\":\"Tonninger Schermaier & Partner\",\"description\":\"Rechtsanw\u00e4lte\",\"alternateName\":\"TS & P\",\"potentialAction\":[{\"@type\":\"SearchAction\",\"target\":{\"@type\":\"EntryPoint\",\"urlTemplate\":\"https:\\\/\\\/ts.at\\\/de\\\/?s={search_term_string}\"},\"query-input\":{\"@type\":\"PropertyValueSpecification\",\"valueRequired\":true,\"valueName\":\"search_term_string\"}}],\"inLanguage\":\"de\"}]}<\/script>\n<!-- \/ Yoast SEO plugin. -->","yoast_head_json":{"title":"Urheberrecht &#8211; TS&amp;P","description":"Was ist das Urheberrecht und welchen Schutz bietet es? Unsere Leistungen im Zusammenhang mit Urheberrecht.","robots":{"index":"index","follow":"follow","max-snippet":"max-snippet:-1","max-image-preview":"max-image-preview:large","max-video-preview":"max-video-preview:-1"},"canonical":"https:\/\/ts.at\/de\/urheberrecht\/","og_locale":"de_DE","og_type":"article","og_title":"Urheberrecht &#8211; TS&amp;P","og_description":"{:de}Was ist das Urheberrecht und welchen Schutz bietet es? Unsere Leistungen im Zusammenhang mit Urheberrecht.{:}","og_url":"https:\/\/ts.at\/de\/urheberrecht\/","og_site_name":"TS&amp;P","article_modified_time":"2024-06-04T08:20:57+00:00","og_image":[{"width":1828,"height":216,"url":"https:\/\/ts.at\/wp-content\/uploads\/2013\/05\/Network.jpg","type":"image\/jpeg"}],"twitter_card":"summary_large_image","twitter_misc":{"Gesch\u00e4tzte Lesezeit":"3\u00a0Minuten"},"schema":{"@context":"https:\/\/schema.org","@graph":[{"@type":"WebPage","@id":"https:\/\/ts.at\/de\/urheberrecht\/","url":"https:\/\/ts.at\/de\/urheberrecht\/","name":"Urheberrecht &#8211; TS&amp;P","isPartOf":{"@id":"https:\/\/ts.at\/de\/#website"},"primaryImageOfPage":{"@id":"https:\/\/ts.at\/de\/urheberrecht\/#primaryimage"},"image":{"@id":"https:\/\/ts.at\/de\/urheberrecht\/#primaryimage"},"thumbnailUrl":"https:\/\/ts.at\/wp-content\/uploads\/2013\/05\/Network.jpg","datePublished":"2015-06-29T09:32:23+00:00","dateModified":"2024-06-04T08:20:57+00:00","description":"{:de}Was ist das Urheberrecht und welchen Schutz bietet es? Unsere Leistungen im Zusammenhang mit Urheberrecht.{:}","breadcrumb":{"@id":"https:\/\/ts.at\/de\/urheberrecht\/#breadcrumb"},"inLanguage":"de","potentialAction":[{"@type":"ReadAction","target":["https:\/\/ts.at\/de\/urheberrecht\/"]}]},{"@type":"ImageObject","inLanguage":"de","@id":"https:\/\/ts.at\/de\/urheberrecht\/#primaryimage","url":"https:\/\/ts.at\/wp-content\/uploads\/2013\/05\/Network.jpg","contentUrl":"https:\/\/ts.at\/wp-content\/uploads\/2013\/05\/Network.jpg","width":1828,"height":216},{"@type":"BreadcrumbList","@id":"https:\/\/ts.at\/de\/urheberrecht\/#breadcrumb","itemListElement":[{"@type":"ListItem","position":1,"name":"Home","item":"https:\/\/ts.at\/de\/"},{"@type":"ListItem","position":2,"name":"Urheberrecht"}]},{"@type":"WebSite","@id":"https:\/\/ts.at\/de\/#website","url":"https:\/\/ts.at\/de\/","name":"Tonninger Schermaier & Partner","description":"Rechtsanw\u00e4lte","alternateName":"TS & P","potentialAction":[{"@type":"SearchAction","target":{"@type":"EntryPoint","urlTemplate":"https:\/\/ts.at\/de\/?s={search_term_string}"},"query-input":{"@type":"PropertyValueSpecification","valueRequired":true,"valueName":"search_term_string"}}],"inLanguage":"de"}]}},"_links":{"self":[{"href":"https:\/\/ts.at\/de\/wp-json\/wp\/v2\/pages\/1194","targetHints":{"allow":["GET"]}}],"collection":[{"href":"https:\/\/ts.at\/de\/wp-json\/wp\/v2\/pages"}],"about":[{"href":"https:\/\/ts.at\/de\/wp-json\/wp\/v2\/types\/page"}],"author":[{"embeddable":true,"href":"https:\/\/ts.at\/de\/wp-json\/wp\/v2\/users\/9"}],"replies":[{"embeddable":true,"href":"https:\/\/ts.at\/de\/wp-json\/wp\/v2\/comments?post=1194"}],"version-history":[{"count":24,"href":"https:\/\/ts.at\/de\/wp-json\/wp\/v2\/pages\/1194\/revisions"}],"predecessor-version":[{"id":12251,"href":"https:\/\/ts.at\/de\/wp-json\/wp\/v2\/pages\/1194\/revisions\/12251"}],"wp:featuredmedia":[{"embeddable":true,"href":"https:\/\/ts.at\/de\/wp-json\/wp\/v2\/media\/375"}],"wp:attachment":[{"href":"https:\/\/ts.at\/de\/wp-json\/wp\/v2\/media?parent=1194"}],"curies":[{"name":"wp","href":"https:\/\/api.w.org\/{rel}","templated":true}]}}