{"id":12007,"date":"2023-11-21T08:42:58","date_gmt":"2023-11-21T07:42:58","guid":{"rendered":"https:\/\/ts.at\/de\/?page_id=12007"},"modified":"2025-09-30T08:13:25","modified_gmt":"2025-09-30T06:13:25","slug":"das-urheberrecht-in-oesterreich","status":"publish","type":"page","link":"https:\/\/ts.at\/de\/urheberrecht\/das-urheberrecht-in-oesterreich\/","title":{"rendered":"Das Urheberrecht in \u00d6sterreich"},"content":{"rendered":"<p><\/p>\n<p>&nbsp;<\/p>\n<p>Das Urheberrecht in \u00d6sterreich ist eine S\u00e4ule des Schutzes f\u00fcr Kreative. Es sichert das geistige Eigentum u.a. von Fotografen, Musikern und Autoren und stellt sicher, dass ihre Werke im Internet und in der analogen Welt respektiert und gesch\u00fctzt werden. Dieser Artikel beleuchtet die Grundlagen des \u00f6sterreichischen Urheberrechts, erkl\u00e4rt Nutzungsrechte und die Vorgehensweise bei Urheberrechtsverletzungen, sowie Abmahnungen und wie Sie ein spezialisierter Anwalt dabei unterst\u00fctzen kann.<\/p>\n<ul>\n<li><a href=\"#c1\">Was ist ein Werk und ab wann ist es gesch\u00fctzt?<\/a><\/li>\n<li><a href=\"#c2\">Urheberrecht f\u00fcr Fotografen, Musiker und Autoren in \u00d6sterreich<\/a><\/li>\n<li><a href=\"#c3\">Der Schutz des Urheberrechts im Internetzeitalter<\/a><\/li>\n<li><a href=\"#c4\">Abmahnungen als rechtliches Werkzeug<\/a><\/li>\n<li><a href=\"#c5\">Was tun, wenn Sie eine Abmahnung erhalten?<\/a><\/li>\n<li><a href=\"#c6\">Die Rolle eines Anwalts im Urheberrecht<\/a><\/li>\n<li><a href=\"#c7\">Fazit<\/a><\/li>\n<\/ul>\n<h2><strong><a id=\"c1\"><\/a>Was ist ein Werk und ab wann ist es gesch\u00fctzt?<\/strong><\/h2>\n<p>Schutzgegenstand sind eigent\u00fcmliche geistige Sch\u00f6pfungen, die dem menschlichen Intellekt entsprungen sind und der Gattung Literatur, Tonkunst, bildenden K\u00fcnste und der Filmkunst zuzuordnen sind. Die reine Idee ist nicht gesch\u00fctzt; sie muss in eine sinnlich wahrnehmbare Form gegossen sein. Im Urheberrecht nennt man diese Form <em>Werk<\/em>.<\/p>\n<p>Ein Werk im urheberrechtlichen Sinne muss eine gewisse <em>Einmaligkeit<\/em> im Sinne der Originalit\u00e4t aufweisen. Dieser Begriff wird in verschiedenen L\u00e4ndern unterschiedlich ausgelegt.\u00a0 Bis Ende der Achtzigerjahre verlangte die \u00f6sterreichische Rechtsprechung eine gewisse \u201eWerkh\u00f6he\u201c, die sp\u00e4ter zugunsten einer pers\u00f6nlichen Note im Sinne der <em>Unterscheidbarkeit<\/em> aufgegeben wurde.<\/p>\n<p>Das Urheberrecht hat den gro\u00dfen Vorteil, dass es seine Schutzwirkung bereits ab dem Zeitpunkt der Schaffung des Werkes entfaltet und man seine eigent\u00fcmliche geistige Sch\u00f6pfung nicht erst in irgendeiner Form registrieren lassen muss, wie dies bei vielen anderen Schutzrechten des geistigen Eigentums der Fall ist.<\/p>\n<h2><strong><a id=\"c2\"><\/a>Urheberrecht f\u00fcr Fotografen, Musiker und Autoren in \u00d6sterreich<\/strong><\/h2>\n<p>Fotografen, Musiker und Autoren genie\u00dfen durch das \u00f6sterreichische Urheberrecht umfangreichen Schutz. Das Urheberrecht gibt ihnen exklusive Kontrolle insbesondere \u00fcber die Vervielf\u00e4ltigung, Verbreitung und \u00f6ffentliche Wiedergabe ihrer Werke. Ein spezialisierter Anwalt hilft Ihnen, f\u00fcr die Einhaltung der Nutzungsrechte zu sorgen und Verg\u00fctungsanspr\u00fcche durchzusetzen. Dadurch kann die k\u00fcnstlerische Integrit\u00e4t und das Einkommen der Urheber gesichert werden.<\/p>\n<h2><strong><a id=\"c3\"><\/a>Der Schutz des Urheberrechts im Internetzeitalter<\/strong><\/h2>\n<p>Mit dem Aufkommen des Internets ist die Verbreitung von kreativen Werken schneller und weiter vorangeschritten als je zuvor. W\u00e4hrend dies enorme Chancen f\u00fcr K\u00fcnstler bietet, steigt damit auch das Risiko von Urheberrechtsverletzungen. \u00d6sterreichische Gesetze haben sich weiterentwickelt, um Kreative vor solchen Verletzungen im digitalen Raum zu sch\u00fctzen.<\/p>\n<h2><strong><a id=\"c4\"><\/a>Abmahnungen als rechtliches Werkzeug<\/strong><\/h2>\n<p>Eine Abmahnung mit einer Unterlassungsaufforderung ist ein rechtliches Mittel, das in \u00d6sterreich eingesetzt wird, um au\u00dfergerichtlich zu versuchen, vermeintliche Urheberrechtsverletzungen abzustellen. Wenn Kreative feststellen, dass ihre Nutzungsrechte verletzt wurden, ist in einem ersten Schritt die anwaltliche Abmahnung das Mittel der Wahl.<\/p>\n<h2><strong><a id=\"c5\"><\/a>Was tun, wenn Sie eine Abmahnung erhalten?<\/strong><\/h2>\n<p>Der Erhalt einer Abmahnung in \u00d6sterreich sollte nicht auf die leichte Schulter genommen werden. Es ist wichtig, schnell und sachkundig zu handeln. Der beste Ansatz ist, einen auf Urheberrecht spezialisierten Anwalt zu konsultieren. Der Anwalt kann Ihnen dabei helfen, vor dem Hintergrund des konkreten Sachverhalts die optimale Strategie f\u00fcr Sie zu entwickeln, um die Sache bestm\u00f6glich beizulegen.<\/p>\n<h2><a id=\"c6\"><\/a><strong>Die Rolle eines Anwalts im Urheberrecht<\/strong><\/h2>\n<p>Ein Anwalt ist unerl\u00e4sslich, wenn es um die Navigation durch die komplexen Regelungen des Urheberrechts geht. Er kann Sie nicht nur bei der Durchsetzung von Urheberrechtsanspr\u00fcchen und dem Umgang mit Abmahnungen unterst\u00fctzen, sondern kann f\u00fcr Sie auch Lizenzvertr\u00e4ge ausarbeiten und Sie bei Vertragsverhandlungen beraten.<\/p>\n<h2><strong><a id=\"c7\"><\/a>Fazit<\/strong><\/h2>\n<p>Das Urheberrecht in \u00d6sterreich bietet einen wesentlichen Schutz f\u00fcr Kreative und ihr geistiges Eigentum. Mit der richtigen rechtlichen Unterst\u00fctzung k\u00f6nnen K\u00fcnstler sicherstellen, dass ihre Werke auch im digitalen Zeitalter gesch\u00fctzt bleiben. Es ist einerseits entscheidend, dass Fotografen, Musiker und Autoren ihre Rechte kennen und verstehen, wie sie im Fall einer Verletzung reagieren k\u00f6nnen. Andererseits ist es wesentlich, dass auch von Urhebern Abgemahnte Ihre Rechte kennen, um bestm\u00f6glich darauf reagieren zu k\u00f6nnen.<\/p>\n<p>&nbsp;<\/p>\n<p><\/p>","protected":false},"excerpt":{"rendered":"<p>&nbsp; Das Urheberrecht in \u00d6sterreich ist eine S\u00e4ule des Schutzes f\u00fcr Kreative. Es sichert das geistige Eigentum u.a. von Fotografen, Musikern und Autoren und stellt sicher, dass ihre Werke im Internet und in der analogen Welt respektiert und gesch\u00fctzt werden. Dieser Artikel beleuchtet die Grundlagen des \u00f6sterreichischen Urheberrechts, erkl\u00e4rt Nutzungsrechte und die Vorgehensweise bei Urheberrechtsverletzungen,<\/p>\n","protected":false},"author":14,"featured_media":375,"parent":1194,"menu_order":0,"comment_status":"closed","ping_status":"closed","template":"","meta":{"_acf_changed":false,"footnotes":""},"class_list":["post-12007","page","type-page","status-publish","has-post-thumbnail","hentry"],"acf":[],"yoast_head":"<!-- This site is optimized with the Yoast SEO plugin v27.3 - https:\/\/yoast.com\/product\/yoast-seo-wordpress\/ -->\n<title>Das Urheberrecht in \u00d6sterreich &#8211; TS&amp;P<\/title>\n<meta name=\"description\" content=\"Das Urheberrecht in \u00d6sterreich und seine Bedeutung f\u00fcr die digitalen Herausforderungen. Schutz geistigen Eigentums f\u00fcr Kreative.\" \/>\n<meta name=\"robots\" content=\"index, follow, max-snippet:-1, max-image-preview:large, max-video-preview:-1\" \/>\n<link rel=\"canonical\" href=\"https:\/\/ts.at\/de\/urheberrecht\/\" \/>\n<meta property=\"og:locale\" content=\"de_DE\" \/>\n<meta property=\"og:type\" content=\"article\" \/>\n<meta property=\"og:title\" content=\"Das Urheberrecht in \u00d6sterreich &#8211; TS&amp;P\" \/>\n<meta property=\"og:description\" content=\"{:de}Das Urheberrecht in \u00d6sterreich und seine Bedeutung f\u00fcr die digitalen Herausforderungen. Schutz geistigen Eigentums f\u00fcr Kreative.{:en}Copyright law in Austria and its significance for the digital challenges. Protection of intellectual property for creatives.{:}\" \/>\n<meta property=\"og:url\" content=\"https:\/\/ts.at\/de\/urheberrecht\/\" \/>\n<meta property=\"og:site_name\" content=\"TS&amp;P\" \/>\n<meta property=\"article:modified_time\" content=\"2025-09-30T06:13:25+00:00\" \/>\n<meta property=\"og:image\" content=\"https:\/\/ts.at\/wp-content\/uploads\/2013\/05\/Network.jpg\" \/>\n\t<meta property=\"og:image:width\" content=\"1828\" \/>\n\t<meta property=\"og:image:height\" content=\"216\" \/>\n\t<meta property=\"og:image:type\" content=\"image\/jpeg\" \/>\n<meta name=\"twitter:card\" content=\"summary_large_image\" \/>\n<meta name=\"twitter:label1\" content=\"Gesch\u00e4tzte Lesezeit\" \/>\n\t<meta name=\"twitter:data1\" content=\"4\u00a0Minuten\" \/>\n<script type=\"application\/ld+json\" class=\"yoast-schema-graph\">{\"@context\":\"https:\\\/\\\/schema.org\",\"@graph\":[{\"@type\":\"WebPage\",\"@id\":\"https:\\\/\\\/ts.at\\\/de\\\/urheberrecht\\\/das-urheberrecht-in-oesterreich\\\/\",\"url\":\"https:\\\/\\\/ts.at\\\/de\\\/urheberrecht\\\/\",\"name\":\"Das Urheberrecht in \u00d6sterreich &#8211; TS&amp;P\",\"isPartOf\":{\"@id\":\"https:\\\/\\\/ts.at\\\/de\\\/#website\"},\"primaryImageOfPage\":{\"@id\":\"https:\\\/\\\/ts.at\\\/de\\\/urheberrecht\\\/#primaryimage\"},\"image\":{\"@id\":\"https:\\\/\\\/ts.at\\\/de\\\/urheberrecht\\\/#primaryimage\"},\"thumbnailUrl\":\"https:\\\/\\\/ts.at\\\/wp-content\\\/uploads\\\/2013\\\/05\\\/Network.jpg\",\"datePublished\":\"2023-11-21T07:42:58+00:00\",\"dateModified\":\"2025-09-30T06:13:25+00:00\",\"description\":\"{:de}Das Urheberrecht in \u00d6sterreich und seine Bedeutung f\u00fcr die digitalen Herausforderungen. Schutz geistigen Eigentums f\u00fcr Kreative.{:en}Copyright law in Austria and its significance for the digital challenges. Protection of intellectual property for creatives.{:}\",\"breadcrumb\":{\"@id\":\"https:\\\/\\\/ts.at\\\/de\\\/urheberrecht\\\/#breadcrumb\"},\"inLanguage\":\"de\",\"potentialAction\":[{\"@type\":\"ReadAction\",\"target\":[\"https:\\\/\\\/ts.at\\\/de\\\/urheberrecht\\\/\"]}]},{\"@type\":\"ImageObject\",\"inLanguage\":\"de\",\"@id\":\"https:\\\/\\\/ts.at\\\/de\\\/urheberrecht\\\/#primaryimage\",\"url\":\"https:\\\/\\\/ts.at\\\/wp-content\\\/uploads\\\/2013\\\/05\\\/Network.jpg\",\"contentUrl\":\"https:\\\/\\\/ts.at\\\/wp-content\\\/uploads\\\/2013\\\/05\\\/Network.jpg\",\"width\":1828,\"height\":216},{\"@type\":\"BreadcrumbList\",\"@id\":\"https:\\\/\\\/ts.at\\\/de\\\/urheberrecht\\\/#breadcrumb\",\"itemListElement\":[{\"@type\":\"ListItem\",\"position\":1,\"name\":\"Home\",\"item\":\"https:\\\/\\\/ts.at\\\/de\\\/\"},{\"@type\":\"ListItem\",\"position\":2,\"name\":\"Urheberrecht\",\"item\":\"https:\\\/\\\/ts.at\\\/de\\\/urheberrecht\\\/\"},{\"@type\":\"ListItem\",\"position\":3,\"name\":\"Das Urheberrecht in \u00d6sterreich\"}]},{\"@type\":\"WebSite\",\"@id\":\"https:\\\/\\\/ts.at\\\/de\\\/#website\",\"url\":\"https:\\\/\\\/ts.at\\\/de\\\/\",\"name\":\"Tonninger Schermaier & Partner\",\"description\":\"Rechtsanw\u00e4lte\",\"alternateName\":\"TS & P\",\"potentialAction\":[{\"@type\":\"SearchAction\",\"target\":{\"@type\":\"EntryPoint\",\"urlTemplate\":\"https:\\\/\\\/ts.at\\\/de\\\/?s={search_term_string}\"},\"query-input\":{\"@type\":\"PropertyValueSpecification\",\"valueRequired\":true,\"valueName\":\"search_term_string\"}}],\"inLanguage\":\"de\"}]}<\/script>\n<!-- \/ Yoast SEO plugin. -->","yoast_head_json":{"title":"Das Urheberrecht in \u00d6sterreich &#8211; TS&amp;P","description":"Das Urheberrecht in \u00d6sterreich und seine Bedeutung f\u00fcr die digitalen Herausforderungen. Schutz geistigen Eigentums f\u00fcr Kreative.","robots":{"index":"index","follow":"follow","max-snippet":"max-snippet:-1","max-image-preview":"max-image-preview:large","max-video-preview":"max-video-preview:-1"},"canonical":"https:\/\/ts.at\/de\/urheberrecht\/","og_locale":"de_DE","og_type":"article","og_title":"Das Urheberrecht in \u00d6sterreich &#8211; TS&amp;P","og_description":"{:de}Das Urheberrecht in \u00d6sterreich und seine Bedeutung f\u00fcr die digitalen Herausforderungen. Schutz geistigen Eigentums f\u00fcr Kreative.{:en}Copyright law in Austria and its significance for the digital challenges. Protection of intellectual property for creatives.{:}","og_url":"https:\/\/ts.at\/de\/urheberrecht\/","og_site_name":"TS&amp;P","article_modified_time":"2025-09-30T06:13:25+00:00","og_image":[{"width":1828,"height":216,"url":"https:\/\/ts.at\/wp-content\/uploads\/2013\/05\/Network.jpg","type":"image\/jpeg"}],"twitter_card":"summary_large_image","twitter_misc":{"Gesch\u00e4tzte Lesezeit":"4\u00a0Minuten"},"schema":{"@context":"https:\/\/schema.org","@graph":[{"@type":"WebPage","@id":"https:\/\/ts.at\/de\/urheberrecht\/das-urheberrecht-in-oesterreich\/","url":"https:\/\/ts.at\/de\/urheberrecht\/","name":"Das Urheberrecht in \u00d6sterreich &#8211; TS&amp;P","isPartOf":{"@id":"https:\/\/ts.at\/de\/#website"},"primaryImageOfPage":{"@id":"https:\/\/ts.at\/de\/urheberrecht\/#primaryimage"},"image":{"@id":"https:\/\/ts.at\/de\/urheberrecht\/#primaryimage"},"thumbnailUrl":"https:\/\/ts.at\/wp-content\/uploads\/2013\/05\/Network.jpg","datePublished":"2023-11-21T07:42:58+00:00","dateModified":"2025-09-30T06:13:25+00:00","description":"{:de}Das Urheberrecht in \u00d6sterreich und seine Bedeutung f\u00fcr die digitalen Herausforderungen. Schutz geistigen Eigentums f\u00fcr Kreative.{:en}Copyright law in Austria and its significance for the digital challenges. Protection of intellectual property for creatives.{:}","breadcrumb":{"@id":"https:\/\/ts.at\/de\/urheberrecht\/#breadcrumb"},"inLanguage":"de","potentialAction":[{"@type":"ReadAction","target":["https:\/\/ts.at\/de\/urheberrecht\/"]}]},{"@type":"ImageObject","inLanguage":"de","@id":"https:\/\/ts.at\/de\/urheberrecht\/#primaryimage","url":"https:\/\/ts.at\/wp-content\/uploads\/2013\/05\/Network.jpg","contentUrl":"https:\/\/ts.at\/wp-content\/uploads\/2013\/05\/Network.jpg","width":1828,"height":216},{"@type":"BreadcrumbList","@id":"https:\/\/ts.at\/de\/urheberrecht\/#breadcrumb","itemListElement":[{"@type":"ListItem","position":1,"name":"Home","item":"https:\/\/ts.at\/de\/"},{"@type":"ListItem","position":2,"name":"Urheberrecht","item":"https:\/\/ts.at\/de\/urheberrecht\/"},{"@type":"ListItem","position":3,"name":"Das Urheberrecht in \u00d6sterreich"}]},{"@type":"WebSite","@id":"https:\/\/ts.at\/de\/#website","url":"https:\/\/ts.at\/de\/","name":"Tonninger Schermaier & Partner","description":"Rechtsanw\u00e4lte","alternateName":"TS & P","potentialAction":[{"@type":"SearchAction","target":{"@type":"EntryPoint","urlTemplate":"https:\/\/ts.at\/de\/?s={search_term_string}"},"query-input":{"@type":"PropertyValueSpecification","valueRequired":true,"valueName":"search_term_string"}}],"inLanguage":"de"}]}},"_links":{"self":[{"href":"https:\/\/ts.at\/de\/wp-json\/wp\/v2\/pages\/12007","targetHints":{"allow":["GET"]}}],"collection":[{"href":"https:\/\/ts.at\/de\/wp-json\/wp\/v2\/pages"}],"about":[{"href":"https:\/\/ts.at\/de\/wp-json\/wp\/v2\/types\/page"}],"author":[{"embeddable":true,"href":"https:\/\/ts.at\/de\/wp-json\/wp\/v2\/users\/14"}],"replies":[{"embeddable":true,"href":"https:\/\/ts.at\/de\/wp-json\/wp\/v2\/comments?post=12007"}],"version-history":[{"count":13,"href":"https:\/\/ts.at\/de\/wp-json\/wp\/v2\/pages\/12007\/revisions"}],"predecessor-version":[{"id":12529,"href":"https:\/\/ts.at\/de\/wp-json\/wp\/v2\/pages\/12007\/revisions\/12529"}],"up":[{"embeddable":true,"href":"https:\/\/ts.at\/de\/wp-json\/wp\/v2\/pages\/1194"}],"wp:featuredmedia":[{"embeddable":true,"href":"https:\/\/ts.at\/de\/wp-json\/wp\/v2\/media\/375"}],"wp:attachment":[{"href":"https:\/\/ts.at\/de\/wp-json\/wp\/v2\/media?parent=12007"}],"curies":[{"name":"wp","href":"https:\/\/api.w.org\/{rel}","templated":true}]}}