{"id":12180,"date":"2024-01-30T11:34:12","date_gmt":"2024-01-30T10:34:12","guid":{"rendered":"https:\/\/ts.at\/de\/?page_id=12180"},"modified":"2025-09-30T08:09:01","modified_gmt":"2025-09-30T06:09:01","slug":"gratis-rueckruf-urheberrecht","status":"publish","type":"page","link":"https:\/\/ts.at\/de\/gratis-rueckruf-urheberrecht\/","title":{"rendered":"Gratis R\u00fcckruf Urheberrecht"},"content":{"rendered":"<p><\/p>\n<div class=\"frm_forms  with_frm_style frm_style_formidable-style\" id=\"frm_form_14_container\" data-token=\"05a73daf82781d3ec5fbe11baf853253\">\n<form enctype=\"multipart\/form-data\" method=\"post\" class=\"frm-show-form  frm_js_validate \" id=\"form_uwg22\" data-token=\"05a73daf82781d3ec5fbe11baf853253\">\n<div class=\"frm_form_fields \">\n<fieldset>\n<legend class=\"frm_screen_reader\">Urheberrecht<\/legend>\r\n\r\n<div class=\"frm_fields_container\">\n<input type=\"hidden\" name=\"frm_action\" value=\"create\" \/>\n<input type=\"hidden\" name=\"form_id\" value=\"14\" \/>\n<input type=\"hidden\" name=\"frm_hide_fields_14\" id=\"frm_hide_fields_14\" value=\"\" \/>\n<input type=\"hidden\" name=\"form_key\" value=\"uwg22\" \/>\n<input type=\"hidden\" name=\"item_meta[0]\" value=\"\" \/>\n<input type=\"hidden\" id=\"frm_submit_entry_14\" name=\"frm_submit_entry_14\" value=\"19aa5682f6\" \/><input type=\"hidden\" name=\"_wp_http_referer\" value=\"\/de\/wp-json\/wp\/v2\/pages\/12180\" \/><div id=\"frm_field_81_container\" class=\"frm_form_field form-field  frm_top_container vertical_radio\">\r\n    <div  id=\"field_af1yw2_label\" class=\"frm_primary_label\">Ich ben\u00f6tige Unterst\u00fctzung, weil\r\n        <span class=\"frm_required\" aria-hidden=\"true\"><\/span>\r\n    <\/div>\r\n    <div class=\"frm_opt_container\" aria-labelledby=\"field_af1yw2_label\" role=\"group\">\t\t<div class=\"frm_checkbox\" id=\"frm_checkbox_81-0\">\t\t\t<label  for=\"field_af1yw2-0\">\n\t\t\t<input type=\"checkbox\" name=\"item_meta[81][]\" id=\"field_af1yw2-0\" value=\"ich als Urheber in meinen Rechten verletzt worden bin\"  data-invmsg=\"Ich ben\u00f6tige Unterst\u00fctzung, weil ist ung\u00fcltig\"   \/> ich als Urheber in meinen Rechten verletzt worden bin<\/label><\/div>\n\t\t<div class=\"frm_checkbox\" id=\"frm_checkbox_81-1\">\t\t\t<label  for=\"field_af1yw2-1\">\n\t\t\t<input type=\"checkbox\" name=\"item_meta[81][]\" id=\"field_af1yw2-1\" value=\"ich angeblich fremde Urheberrechte verletzte habe\"  data-invmsg=\"Ich ben\u00f6tige Unterst\u00fctzung, weil ist ung\u00fcltig\"   \/> ich angeblich fremde Urheberrechte verletzte habe<\/label><\/div>\n\t\t<div class=\"frm_checkbox\" id=\"frm_checkbox_81-2\">\t\t\t<label  for=\"field_af1yw2-2\">\n\t\t\t<input type=\"checkbox\" name=\"item_meta[81][]\" id=\"field_af1yw2-2\" value=\"ich allg. Beratung zum Thema Urheberrecht brauche\"  data-invmsg=\"Ich ben\u00f6tige Unterst\u00fctzung, weil ist ung\u00fcltig\"   \/> ich allg. Beratung zum Thema Urheberrecht brauche<\/label><\/div>\n<\/div>\r\n    \r\n    \r\n<\/div>\n<div id=\"frm_field_82_container\" class=\"frm_form_field form-field  frm_top_container\">\r\n    <label for=\"field_5zodm2\" id=\"field_5zodm2_label\" class=\"frm_primary_label\">Name\r\n        <span class=\"frm_required\" aria-hidden=\"true\"><\/span>\r\n    <\/label>\r\n    <input type=\"text\" id=\"field_5zodm2\" name=\"item_meta[82]\" value=\"\"  data-invmsg=\"Text ist ung\u00fcltig\" aria-invalid=\"false\"  \/>\r\n    \r\n    \r\n<\/div>\n<div id=\"frm_field_83_container\" class=\"frm_form_field form-field  frm_required_field frm_top_container\">\r\n    <label for=\"field_4rzfy2\" id=\"field_4rzfy2_label\" class=\"frm_primary_label\">Telefon\r\n        <span class=\"frm_required\" aria-hidden=\"true\">*<\/span>\r\n    <\/label>\r\n    <input type=\"tel\" id=\"field_4rzfy2\" name=\"item_meta[83]\" value=\"\"  data-reqmsg=\"Dieses Feld darf nicht leer sein.\" aria-required=\"true\" data-invmsg=\"Telefonnummer ist ung\u00fcltig\" aria-invalid=\"false\" pattern=\"((\\+\\d{1,3}(-|.| )?\\(?\\d\\)?(-| |.)?\\d{1,5})|(\\(?\\d{2,6}\\)?))(-|.| )?(\\d{3,4})(-|.| )?(\\d{4})(( x| ext)\\d{1,5}){0,1}$\"  \/>\r\n    \r\n    \r\n<\/div>\n<div id=\"frm_field_94_container\" class=\"frm_form_field form-field \">\r\n\t<div class=\"frm_submit frm_flex\">\r\n<button class=\"frm_button_submit\" type=\"submit\"  >Senden<\/button>\r\n\r\n\r\n\r\n<\/div>\r\n<\/div>\n\t<input type=\"hidden\" name=\"item_key\" value=\"\" \/>\n\t\t\t<div id=\"frm_field_102_container\">\n\t\t\t<label for=\"field_73ddg\" >\n\t\t\t\tFalls Du menschlich bist, lasse dieses Feld leer.\t\t\t<\/label>\n\t\t\t<input  id=\"field_73ddg\" type=\"text\" class=\"frm_form_field form-field frm_verify\" name=\"item_meta[102]\" value=\"\"  \/>\n\t\t<\/div>\n\t\t<input name=\"frm_state\" type=\"hidden\" value=\"Zm8kSeKHJjw0asDiKZffSCoJKr7NkZlJYT4cMRECq6s=\" \/><\/div>\n<\/fieldset>\n<\/div>\n\n<\/form>\n<\/div>\n\n<p><!-- Google tag (gtag.js) --><\/p>\n<p><script async src=\"https:\/\/www.googletagmanager.com\/gtag\/js?id=G-N5SG4JNELJ\"><\/script> <script>\n  window.dataLayer = window.dataLayer || [];\n  function gtag(){dataLayer.push(arguments);}\n  gtag('js', new Date());<\/p>\n<p>  gtag('config', 'G-N5SG4JNELJ');\n<\/script><\/p>\n<p><\/p>","protected":false},"excerpt":{"rendered":"","protected":false},"author":14,"featured_media":0,"parent":0,"menu_order":0,"comment_status":"closed","ping_status":"closed","template":"","meta":{"_acf_changed":false,"footnotes":""},"class_list":["post-12180","page","type-page","status-publish","hentry"],"acf":[],"yoast_head":"<!-- This site is optimized with the Yoast SEO plugin v27.3 - https:\/\/yoast.com\/product\/yoast-seo-wordpress\/ -->\n<title>Gratis R\u00fcckruf Urheberrecht &#8211; TS&amp;P<\/title>\n<meta name=\"robots\" content=\"index, follow, max-snippet:-1, max-image-preview:large, max-video-preview:-1\" \/>\n<link rel=\"canonical\" href=\"https:\/\/ts.at\/de\/gratis-rueckruf-urheberrecht\/\" \/>\n<meta property=\"og:locale\" content=\"de_DE\" \/>\n<meta property=\"og:type\" content=\"article\" \/>\n<meta property=\"og:title\" content=\"Gratis R\u00fcckruf Urheberrecht &#8211; TS&amp;P\" \/>\n<meta property=\"og:url\" content=\"https:\/\/ts.at\/de\/gratis-rueckruf-urheberrecht\/\" \/>\n<meta property=\"og:site_name\" content=\"TS&amp;P\" \/>\n<meta property=\"article:modified_time\" content=\"2025-09-30T06:09:01+00:00\" \/>\n<meta name=\"twitter:card\" content=\"summary_large_image\" \/>\n<meta name=\"twitter:label1\" content=\"Gesch\u00e4tzte Lesezeit\" \/>\n\t<meta name=\"twitter:data1\" content=\"1\u00a0Minute\" \/>\n<script type=\"application\/ld+json\" class=\"yoast-schema-graph\">{\"@context\":\"https:\\\/\\\/schema.org\",\"@graph\":[{\"@type\":\"WebPage\",\"@id\":\"https:\\\/\\\/ts.at\\\/de\\\/gratis-rueckruf-urheberrecht\\\/\",\"url\":\"https:\\\/\\\/ts.at\\\/de\\\/gratis-rueckruf-urheberrecht\\\/\",\"name\":\"Gratis R\u00fcckruf Urheberrecht &#8211; TS&amp;P\",\"isPartOf\":{\"@id\":\"https:\\\/\\\/ts.at\\\/de\\\/#website\"},\"datePublished\":\"2024-01-30T10:34:12+00:00\",\"dateModified\":\"2025-09-30T06:09:01+00:00\",\"breadcrumb\":{\"@id\":\"https:\\\/\\\/ts.at\\\/de\\\/gratis-rueckruf-urheberrecht\\\/#breadcrumb\"},\"inLanguage\":\"de\",\"potentialAction\":[{\"@type\":\"ReadAction\",\"target\":[\"https:\\\/\\\/ts.at\\\/de\\\/gratis-rueckruf-urheberrecht\\\/\"]}]},{\"@type\":\"BreadcrumbList\",\"@id\":\"https:\\\/\\\/ts.at\\\/de\\\/gratis-rueckruf-urheberrecht\\\/#breadcrumb\",\"itemListElement\":[{\"@type\":\"ListItem\",\"position\":1,\"name\":\"Home\",\"item\":\"https:\\\/\\\/ts.at\\\/de\\\/\"},{\"@type\":\"ListItem\",\"position\":2,\"name\":\"Gratis R\u00fcckruf Urheberrecht\"}]},{\"@type\":\"WebSite\",\"@id\":\"https:\\\/\\\/ts.at\\\/de\\\/#website\",\"url\":\"https:\\\/\\\/ts.at\\\/de\\\/\",\"name\":\"Tonninger Schermaier & Partner\",\"description\":\"Rechtsanw\u00e4lte\",\"alternateName\":\"TS & P\",\"potentialAction\":[{\"@type\":\"SearchAction\",\"target\":{\"@type\":\"EntryPoint\",\"urlTemplate\":\"https:\\\/\\\/ts.at\\\/de\\\/?s={search_term_string}\"},\"query-input\":{\"@type\":\"PropertyValueSpecification\",\"valueRequired\":true,\"valueName\":\"search_term_string\"}}],\"inLanguage\":\"de\"}]}<\/script>\n<!-- \/ Yoast SEO plugin. -->","yoast_head_json":{"title":"Gratis R\u00fcckruf Urheberrecht &#8211; TS&amp;P","robots":{"index":"index","follow":"follow","max-snippet":"max-snippet:-1","max-image-preview":"max-image-preview:large","max-video-preview":"max-video-preview:-1"},"canonical":"https:\/\/ts.at\/de\/gratis-rueckruf-urheberrecht\/","og_locale":"de_DE","og_type":"article","og_title":"Gratis R\u00fcckruf Urheberrecht &#8211; TS&amp;P","og_url":"https:\/\/ts.at\/de\/gratis-rueckruf-urheberrecht\/","og_site_name":"TS&amp;P","article_modified_time":"2025-09-30T06:09:01+00:00","twitter_card":"summary_large_image","twitter_misc":{"Gesch\u00e4tzte Lesezeit":"1\u00a0Minute"},"schema":{"@context":"https:\/\/schema.org","@graph":[{"@type":"WebPage","@id":"https:\/\/ts.at\/de\/gratis-rueckruf-urheberrecht\/","url":"https:\/\/ts.at\/de\/gratis-rueckruf-urheberrecht\/","name":"Gratis R\u00fcckruf Urheberrecht &#8211; TS&amp;P","isPartOf":{"@id":"https:\/\/ts.at\/de\/#website"},"datePublished":"2024-01-30T10:34:12+00:00","dateModified":"2025-09-30T06:09:01+00:00","breadcrumb":{"@id":"https:\/\/ts.at\/de\/gratis-rueckruf-urheberrecht\/#breadcrumb"},"inLanguage":"de","potentialAction":[{"@type":"ReadAction","target":["https:\/\/ts.at\/de\/gratis-rueckruf-urheberrecht\/"]}]},{"@type":"BreadcrumbList","@id":"https:\/\/ts.at\/de\/gratis-rueckruf-urheberrecht\/#breadcrumb","itemListElement":[{"@type":"ListItem","position":1,"name":"Home","item":"https:\/\/ts.at\/de\/"},{"@type":"ListItem","position":2,"name":"Gratis R\u00fcckruf Urheberrecht"}]},{"@type":"WebSite","@id":"https:\/\/ts.at\/de\/#website","url":"https:\/\/ts.at\/de\/","name":"Tonninger Schermaier & Partner","description":"Rechtsanw\u00e4lte","alternateName":"TS & P","potentialAction":[{"@type":"SearchAction","target":{"@type":"EntryPoint","urlTemplate":"https:\/\/ts.at\/de\/?s={search_term_string}"},"query-input":{"@type":"PropertyValueSpecification","valueRequired":true,"valueName":"search_term_string"}}],"inLanguage":"de"}]}},"_links":{"self":[{"href":"https:\/\/ts.at\/de\/wp-json\/wp\/v2\/pages\/12180","targetHints":{"allow":["GET"]}}],"collection":[{"href":"https:\/\/ts.at\/de\/wp-json\/wp\/v2\/pages"}],"about":[{"href":"https:\/\/ts.at\/de\/wp-json\/wp\/v2\/types\/page"}],"author":[{"embeddable":true,"href":"https:\/\/ts.at\/de\/wp-json\/wp\/v2\/users\/14"}],"replies":[{"embeddable":true,"href":"https:\/\/ts.at\/de\/wp-json\/wp\/v2\/comments?post=12180"}],"version-history":[{"count":4,"href":"https:\/\/ts.at\/de\/wp-json\/wp\/v2\/pages\/12180\/revisions"}],"predecessor-version":[{"id":12524,"href":"https:\/\/ts.at\/de\/wp-json\/wp\/v2\/pages\/12180\/revisions\/12524"}],"wp:attachment":[{"href":"https:\/\/ts.at\/de\/wp-json\/wp\/v2\/media?parent=12180"}],"curies":[{"name":"wp","href":"https:\/\/api.w.org\/{rel}","templated":true}]}}