{"id":12237,"date":"2024-04-22T09:16:37","date_gmt":"2024-04-22T07:16:37","guid":{"rendered":"https:\/\/ts.at\/de\/?page_id=12237"},"modified":"2025-09-03T13:39:58","modified_gmt":"2025-09-03T11:39:58","slug":"gratis-rueckruf-markenrecht","status":"publish","type":"page","link":"https:\/\/ts.at\/de\/gratis-rueckruf-markenrecht\/","title":{"rendered":"Gratis R\u00fcckruf Markenrecht"},"content":{"rendered":"<p><\/p>\n<div class=\"frm_forms  with_frm_style frm_style_formidable-style\" id=\"frm_form_15_container\" data-token=\"3f8ae4655ce2205a4c661dfcabb9ce8d\">\n<form enctype=\"multipart\/form-data\" method=\"post\" class=\"frm-show-form  frm_js_validate \" id=\"form_markenrecht\" data-token=\"3f8ae4655ce2205a4c661dfcabb9ce8d\">\n<div class=\"frm_form_fields \">\n<fieldset>\n<legend class=\"frm_screen_reader\">Markenrecht<\/legend>\r\n\r\n<div class=\"frm_fields_container\">\n<input type=\"hidden\" name=\"frm_action\" value=\"create\" \/>\n<input type=\"hidden\" name=\"form_id\" value=\"15\" \/>\n<input type=\"hidden\" name=\"frm_hide_fields_15\" id=\"frm_hide_fields_15\" value=\"\" \/>\n<input type=\"hidden\" name=\"form_key\" value=\"markenrecht\" \/>\n<input type=\"hidden\" name=\"item_meta[0]\" value=\"\" \/>\n<input type=\"hidden\" id=\"frm_submit_entry_15\" name=\"frm_submit_entry_15\" value=\"7cadcfe019\" \/><input type=\"hidden\" name=\"_wp_http_referer\" value=\"\/de\/wp-json\/wp\/v2\/pages\/12237\" \/><div id=\"frm_field_86_container\" class=\"frm_form_field form-field  frm_top_container frm12 frm_first vertical_radio\">\r\n    <div  id=\"field_g4r0n_label\" class=\"frm_primary_label\">Ich ben\u00f6tige Unterst\u00fctzung, weil\r\n        <span class=\"frm_required\" aria-hidden=\"true\"><\/span>\r\n    <\/div>\r\n    <div class=\"frm_opt_container\" aria-labelledby=\"field_g4r0n_label\" role=\"group\">\t\t<div class=\"frm_checkbox\" id=\"frm_checkbox_86-0\">\t\t\t<label  for=\"field_g4r0n-0\">\n\t\t\t<input type=\"checkbox\" name=\"item_meta[86][]\" id=\"field_g4r0n-0\" value=\"ich angeblich eine Marke verletzt habe.\"  data-invmsg=\"Ich ben\u00f6tige Unterst\u00fctzung, weil ist ung\u00fcltig\"   \/> ich angeblich eine Marke verletzt habe.<\/label><\/div>\n\t\t<div class=\"frm_checkbox\" id=\"frm_checkbox_86-1\">\t\t\t<label  for=\"field_g4r0n-1\">\n\t\t\t<input type=\"checkbox\" name=\"item_meta[86][]\" id=\"field_g4r0n-1\" value=\"meine Markenrechte verletzt wurden.\"  data-invmsg=\"Ich ben\u00f6tige Unterst\u00fctzung, weil ist ung\u00fcltig\"   \/> meine Markenrechte verletzt wurden.<\/label><\/div>\n\t\t<div class=\"frm_checkbox\" id=\"frm_checkbox_86-2\">\t\t\t<label  for=\"field_g4r0n-2\">\n\t\t\t<input type=\"checkbox\" name=\"item_meta[86][]\" id=\"field_g4r0n-2\" value=\"ich allgemeine Hilfe zum Markenrecht brauche.\"  data-invmsg=\"Ich ben\u00f6tige Unterst\u00fctzung, weil ist ung\u00fcltig\"   \/> ich allgemeine Hilfe zum Markenrecht brauche.<\/label><\/div>\n<\/div>\r\n    \r\n    \r\n<\/div>\n<div id=\"frm_field_88_container\" class=\"frm_form_field form-field  frm_top_container frm12 frm_first\">\r\n    <label for=\"field_cmri\" id=\"field_cmri_label\" class=\"frm_primary_label\">Name\r\n        <span class=\"frm_required\" aria-hidden=\"true\"><\/span>\r\n    <\/label>\r\n    <input type=\"text\" id=\"field_cmri\" name=\"item_meta[88]\" value=\"\"  data-invmsg=\"Name ist ung\u00fcltig\" aria-invalid=\"false\"  \/>\r\n    \r\n    \r\n<\/div>\n<div id=\"frm_field_89_container\" class=\"frm_form_field form-field  frm_required_field frm_top_container\">\r\n    <label for=\"field_x0bci\" id=\"field_x0bci_label\" class=\"frm_primary_label\">Telefon\r\n        <span class=\"frm_required\" aria-hidden=\"true\">*<\/span>\r\n    <\/label>\r\n    <input type=\"tel\" id=\"field_x0bci\" name=\"item_meta[89]\" value=\"\"  data-reqmsg=\"Dieses Feld darf nicht leer sein.\" aria-required=\"true\" data-invmsg=\"Telefon ist ung\u00fcltig\" aria-invalid=\"false\" pattern=\"((\\+\\d{1,3}(-|.| )?\\(?\\d\\)?(-| |.)?\\d{1,5})|(\\(?\\d{2,6}\\)?))(-|.| )?(\\d{3,4})(-|.| )?(\\d{4})(( x| ext)\\d{1,5}){0,1}$\"  \/>\r\n    \r\n    \r\n<\/div>\n<div id=\"frm_field_95_container\" class=\"frm_form_field form-field \">\r\n\t<div class=\"frm_submit frm_flex\">\r\n<button class=\"frm_button_submit\" type=\"submit\"  >Senden<\/button>\r\n\r\n\r\n\r\n<\/div>\r\n<\/div>\n\t<input type=\"hidden\" name=\"item_key\" value=\"\" \/>\n\t\t\t<div id=\"frm_field_102_container\">\n\t\t\t<label for=\"field_5sbkd\" >\n\t\t\t\tFalls Du menschlich bist, lasse dieses Feld leer.\t\t\t<\/label>\n\t\t\t<input  id=\"field_5sbkd\" type=\"text\" class=\"frm_form_field form-field frm_verify\" name=\"item_meta[102]\" value=\"\"  \/>\n\t\t<\/div>\n\t\t<input name=\"frm_state\" type=\"hidden\" value=\"Zm8kSeKHJjw0asDiKZffSCoJKr7NkZlJYT4cMRECq6s=\" \/><\/div>\n<\/fieldset>\n<\/div>\n\n<\/form>\n<\/div>\n\n<p><!-- Google tag (gtag.js) --><\/p>\n<p><script async src=\"https:\/\/www.googletagmanager.com\/gtag\/js?id=G-N5SG4JNELJ\"><\/script> <script>\n  window.dataLayer = window.dataLayer || [];\n  function gtag(){dataLayer.push(arguments);}\n  gtag('js', new Date());<\/p>\n<p>  gtag('config', 'G-N5SG4JNELJ');\n<\/script><\/p>\n<p><\/p>","protected":false},"excerpt":{"rendered":"","protected":false},"author":14,"featured_media":0,"parent":0,"menu_order":0,"comment_status":"closed","ping_status":"closed","template":"","meta":{"_acf_changed":false,"footnotes":""},"class_list":["post-12237","page","type-page","status-publish","hentry"],"acf":[],"yoast_head":"<!-- This site is optimized with the Yoast SEO plugin v27.4 - https:\/\/yoast.com\/product\/yoast-seo-wordpress\/ -->\n<title>Gratis R\u00fcckruf Markenrecht &#8211; TS&amp;P<\/title>\n<meta name=\"robots\" content=\"index, follow, max-snippet:-1, max-image-preview:large, max-video-preview:-1\" \/>\n<link rel=\"canonical\" href=\"https:\/\/ts.at\/de\/gratis-rueckruf-markenrecht\/\" \/>\n<meta property=\"og:locale\" content=\"de_DE\" \/>\n<meta property=\"og:type\" content=\"article\" \/>\n<meta property=\"og:title\" content=\"Gratis R\u00fcckruf Markenrecht &#8211; TS&amp;P\" \/>\n<meta property=\"og:url\" content=\"https:\/\/ts.at\/de\/gratis-rueckruf-markenrecht\/\" \/>\n<meta property=\"og:site_name\" content=\"TS&amp;P\" \/>\n<meta property=\"article:modified_time\" content=\"2025-09-03T11:39:58+00:00\" \/>\n<meta name=\"twitter:card\" content=\"summary_large_image\" \/>\n<meta name=\"twitter:label1\" content=\"Gesch\u00e4tzte Lesezeit\" \/>\n\t<meta name=\"twitter:data1\" content=\"1\u00a0Minute\" \/>\n<script type=\"application\/ld+json\" class=\"yoast-schema-graph\">{\"@context\":\"https:\\\/\\\/schema.org\",\"@graph\":[{\"@type\":\"WebPage\",\"@id\":\"https:\\\/\\\/ts.at\\\/de\\\/gratis-rueckruf-markenrecht\\\/\",\"url\":\"https:\\\/\\\/ts.at\\\/de\\\/gratis-rueckruf-markenrecht\\\/\",\"name\":\"Gratis R\u00fcckruf Markenrecht &#8211; TS&amp;P\",\"isPartOf\":{\"@id\":\"https:\\\/\\\/ts.at\\\/de\\\/#website\"},\"datePublished\":\"2024-04-22T07:16:37+00:00\",\"dateModified\":\"2025-09-03T11:39:58+00:00\",\"breadcrumb\":{\"@id\":\"https:\\\/\\\/ts.at\\\/de\\\/gratis-rueckruf-markenrecht\\\/#breadcrumb\"},\"inLanguage\":\"de\",\"potentialAction\":[{\"@type\":\"ReadAction\",\"target\":[\"https:\\\/\\\/ts.at\\\/de\\\/gratis-rueckruf-markenrecht\\\/\"]}]},{\"@type\":\"BreadcrumbList\",\"@id\":\"https:\\\/\\\/ts.at\\\/de\\\/gratis-rueckruf-markenrecht\\\/#breadcrumb\",\"itemListElement\":[{\"@type\":\"ListItem\",\"position\":1,\"name\":\"Home\",\"item\":\"https:\\\/\\\/ts.at\\\/de\\\/\"},{\"@type\":\"ListItem\",\"position\":2,\"name\":\"Gratis R\u00fcckruf Markenrecht\"}]},{\"@type\":\"WebSite\",\"@id\":\"https:\\\/\\\/ts.at\\\/de\\\/#website\",\"url\":\"https:\\\/\\\/ts.at\\\/de\\\/\",\"name\":\"Tonninger Schermaier & Partner\",\"description\":\"Rechtsanw\u00e4lte\",\"alternateName\":\"TS & P\",\"potentialAction\":[{\"@type\":\"SearchAction\",\"target\":{\"@type\":\"EntryPoint\",\"urlTemplate\":\"https:\\\/\\\/ts.at\\\/de\\\/?s={search_term_string}\"},\"query-input\":{\"@type\":\"PropertyValueSpecification\",\"valueRequired\":true,\"valueName\":\"search_term_string\"}}],\"inLanguage\":\"de\"}]}<\/script>\n<!-- \/ Yoast SEO plugin. -->","yoast_head_json":{"title":"Gratis R\u00fcckruf Markenrecht &#8211; TS&amp;P","robots":{"index":"index","follow":"follow","max-snippet":"max-snippet:-1","max-image-preview":"max-image-preview:large","max-video-preview":"max-video-preview:-1"},"canonical":"https:\/\/ts.at\/de\/gratis-rueckruf-markenrecht\/","og_locale":"de_DE","og_type":"article","og_title":"Gratis R\u00fcckruf Markenrecht &#8211; TS&amp;P","og_url":"https:\/\/ts.at\/de\/gratis-rueckruf-markenrecht\/","og_site_name":"TS&amp;P","article_modified_time":"2025-09-03T11:39:58+00:00","twitter_card":"summary_large_image","twitter_misc":{"Gesch\u00e4tzte Lesezeit":"1\u00a0Minute"},"schema":{"@context":"https:\/\/schema.org","@graph":[{"@type":"WebPage","@id":"https:\/\/ts.at\/de\/gratis-rueckruf-markenrecht\/","url":"https:\/\/ts.at\/de\/gratis-rueckruf-markenrecht\/","name":"Gratis R\u00fcckruf Markenrecht &#8211; TS&amp;P","isPartOf":{"@id":"https:\/\/ts.at\/de\/#website"},"datePublished":"2024-04-22T07:16:37+00:00","dateModified":"2025-09-03T11:39:58+00:00","breadcrumb":{"@id":"https:\/\/ts.at\/de\/gratis-rueckruf-markenrecht\/#breadcrumb"},"inLanguage":"de","potentialAction":[{"@type":"ReadAction","target":["https:\/\/ts.at\/de\/gratis-rueckruf-markenrecht\/"]}]},{"@type":"BreadcrumbList","@id":"https:\/\/ts.at\/de\/gratis-rueckruf-markenrecht\/#breadcrumb","itemListElement":[{"@type":"ListItem","position":1,"name":"Home","item":"https:\/\/ts.at\/de\/"},{"@type":"ListItem","position":2,"name":"Gratis R\u00fcckruf Markenrecht"}]},{"@type":"WebSite","@id":"https:\/\/ts.at\/de\/#website","url":"https:\/\/ts.at\/de\/","name":"Tonninger Schermaier & Partner","description":"Rechtsanw\u00e4lte","alternateName":"TS & P","potentialAction":[{"@type":"SearchAction","target":{"@type":"EntryPoint","urlTemplate":"https:\/\/ts.at\/de\/?s={search_term_string}"},"query-input":{"@type":"PropertyValueSpecification","valueRequired":true,"valueName":"search_term_string"}}],"inLanguage":"de"}]}},"_links":{"self":[{"href":"https:\/\/ts.at\/de\/wp-json\/wp\/v2\/pages\/12237","targetHints":{"allow":["GET"]}}],"collection":[{"href":"https:\/\/ts.at\/de\/wp-json\/wp\/v2\/pages"}],"about":[{"href":"https:\/\/ts.at\/de\/wp-json\/wp\/v2\/types\/page"}],"author":[{"embeddable":true,"href":"https:\/\/ts.at\/de\/wp-json\/wp\/v2\/users\/14"}],"replies":[{"embeddable":true,"href":"https:\/\/ts.at\/de\/wp-json\/wp\/v2\/comments?post=12237"}],"version-history":[{"count":4,"href":"https:\/\/ts.at\/de\/wp-json\/wp\/v2\/pages\/12237\/revisions"}],"predecessor-version":[{"id":12511,"href":"https:\/\/ts.at\/de\/wp-json\/wp\/v2\/pages\/12237\/revisions\/12511"}],"wp:attachment":[{"href":"https:\/\/ts.at\/de\/wp-json\/wp\/v2\/media?parent=12237"}],"curies":[{"name":"wp","href":"https:\/\/api.w.org\/{rel}","templated":true}]}}