{"id":261,"date":"2013-06-10T16:08:36","date_gmt":"2013-06-10T14:08:36","guid":{"rendered":"https:\/\/ts.at\/en\/?page_id=261"},"modified":"2024-02-08T09:15:26","modified_gmt":"2024-02-08T08:15:26","slug":"the-firm","status":"publish","type":"page","link":"https:\/\/ts.at\/de\/kanzlei\/","title":{"rendered":"Kanzlei"},"content":{"rendered":"<p><\/p>\n<p>&nbsp;<\/p>\n<p>Tonninger Schermaier &amp; Partner, eine etablierte Anwaltskanzlei in Wien, steht f\u00fcr herausragende Expertise in den Kernbereichen des gewerblichen Rechtsschutzes sowie des Unternehmensrechts. Besonderes Know-how haben wir dabei im Lauterkeitsrecht (UWG), Markenrecht und Urheberrecht. sowie in den Bereichen des Gesellschafts- und Unternehmensrechts, einschlie\u00dflich Mergers &amp; Acquisitions, Umstrukturierung und Compliance, des Kapitalmarktrechts und Real Estate. Wir beraten unsere Mandanten strategisch und rechtlich allumfassend und unterst\u00fctzen sie beim Aufbau, der Verteidigung und Durchsetzung ihrer Rechtspositionen.<\/p>\n<p>Dar\u00fcber hinaus sind wir in einer Vielzahl weiterer Rechtsgebiete t\u00e4tig und bieten unseren Mandanten umfassende rechtliche Unterst\u00fctzung. Mit unserer langj\u00e4hrigen Erfahrung und tiefgreifenden Branchenkenntnis gew\u00e4hrleisten wir, dass wir auch komplexe und interdisziplin\u00e4re Herausforderungen meistern.<\/p>\n<p>Unsere Kanzlei kombiniert die Erfahrung und Spezialisierung einer Gro\u00dfkanzlei mit der Flexibilit\u00e4t und pers\u00f6nlichen Betreuung, die nur ein engagiertes, effizientes Team bieten kann. Unsere schlanke Struktur erlaubt es uns, individuelle L\u00f6sungen zu entwickeln, die sowohl kostenoptimiert als auch exakt auf die Bed\u00fcrfnisse unserer Mandanten zugeschnitten sind.<\/p>\n<p>Unsere Mandanten profitieren auch von unseren ausgezeichneten internationalen Kontakten zu anderen Anwaltskanzleien. Unsere aktive Rolle in Organisationen verschafft uns zudem wichtige Einblicke und Verbindungen zu Entscheidungstr\u00e4gern in Wirtschaft und Politik.<\/p>\n<p>Bei Tonninger Schermaier &amp; Partner sind wir stets bestrebt, innovative Wege f\u00fcr und mit unseren Mandanten zu gehen und sie in allen Phasen ihrer Projekte zu unterst\u00fctzen. Unser t\u00e4gliches Ziel ist es, das uns entgegengebrachte Vertrauen weiter zu st\u00e4rken.<\/p>\n<p>&nbsp;<\/p>\n<p><\/p>","protected":false},"excerpt":{"rendered":"<p>&nbsp; Tonninger Schermaier &amp; Partner, eine etablierte Anwaltskanzlei in Wien, steht f\u00fcr herausragende Expertise in den Kernbereichen des gewerblichen Rechtsschutzes sowie des Unternehmensrechts. Besonderes Know-how haben wir dabei im Lauterkeitsrecht (UWG), Markenrecht und Urheberrecht. sowie in den Bereichen des Gesellschafts- und Unternehmensrechts, einschlie\u00dflich Mergers &amp; Acquisitions, Umstrukturierung und Compliance, des Kapitalmarktrechts und Real Estate. Wir<\/p>\n","protected":false},"author":7,"featured_media":10601,"parent":0,"menu_order":0,"comment_status":"closed","ping_status":"closed","template":"","meta":{"_acf_changed":false,"footnotes":""},"class_list":["post-261","page","type-page","status-publish","has-post-thumbnail","hentry"],"acf":[],"yoast_head":"<!-- This site is optimized with the Yoast SEO plugin v27.4 - https:\/\/yoast.com\/product\/yoast-seo-wordpress\/ -->\n<title>Kanzlei &#8211; TS&amp;P<\/title>\n<meta name=\"description\" content=\"Tonninger Schermaier &amp; Partner - Ihre Experten f\u00fcr juristische Beratung in Wien bei Fragen des Zivil- und Wirtschaftsrechts.\" \/>\n<meta name=\"robots\" content=\"index, follow, max-snippet:-1, max-image-preview:large, max-video-preview:-1\" \/>\n<link rel=\"canonical\" href=\"https:\/\/ts.at\/de\/kanzlei\/\" \/>\n<meta property=\"og:locale\" content=\"de_DE\" \/>\n<meta property=\"og:type\" content=\"article\" \/>\n<meta property=\"og:title\" content=\"Kanzlei &#8211; TS&amp;P\" \/>\n<meta property=\"og:description\" content=\"{:de}Tonninger Schermaier &amp; Partner - Ihre Experten f\u00fcr juristische Beratung in Wien bei Fragen des Zivil- und Wirtschaftsrechts.{:}\" \/>\n<meta property=\"og:url\" content=\"https:\/\/ts.at\/de\/kanzlei\/\" \/>\n<meta property=\"og:site_name\" content=\"TS&amp;P\" \/>\n<meta property=\"article:modified_time\" content=\"2024-02-08T08:15:26+00:00\" \/>\n<meta property=\"og:image\" content=\"https:\/\/ts.at\/wp-content\/uploads\/2013\/06\/kanzlei.jpg\" \/>\n\t<meta property=\"og:image:width\" content=\"2893\" \/>\n\t<meta property=\"og:image:height\" content=\"1947\" \/>\n\t<meta property=\"og:image:type\" content=\"image\/jpeg\" \/>\n<meta name=\"twitter:card\" content=\"summary_large_image\" \/>\n<meta name=\"twitter:label1\" content=\"Gesch\u00e4tzte Lesezeit\" \/>\n\t<meta name=\"twitter:data1\" content=\"2\u00a0Minuten\" \/>\n<script type=\"application\/ld+json\" class=\"yoast-schema-graph\">{\"@context\":\"https:\\\/\\\/schema.org\",\"@graph\":[{\"@type\":\"WebPage\",\"@id\":\"https:\\\/\\\/ts.at\\\/de\\\/kanzlei\\\/\",\"url\":\"https:\\\/\\\/ts.at\\\/de\\\/kanzlei\\\/\",\"name\":\"Kanzlei &#8211; TS&amp;P\",\"isPartOf\":{\"@id\":\"https:\\\/\\\/ts.at\\\/de\\\/#website\"},\"primaryImageOfPage\":{\"@id\":\"https:\\\/\\\/ts.at\\\/de\\\/kanzlei\\\/#primaryimage\"},\"image\":{\"@id\":\"https:\\\/\\\/ts.at\\\/de\\\/kanzlei\\\/#primaryimage\"},\"thumbnailUrl\":\"https:\\\/\\\/ts.at\\\/wp-content\\\/uploads\\\/2013\\\/06\\\/kanzlei.jpg\",\"datePublished\":\"2013-06-10T14:08:36+00:00\",\"dateModified\":\"2024-02-08T08:15:26+00:00\",\"description\":\"{:de}Tonninger Schermaier & Partner - Ihre Experten f\u00fcr juristische Beratung in Wien bei Fragen des Zivil- und Wirtschaftsrechts.{:}\",\"breadcrumb\":{\"@id\":\"https:\\\/\\\/ts.at\\\/de\\\/kanzlei\\\/#breadcrumb\"},\"inLanguage\":\"de\",\"potentialAction\":[{\"@type\":\"ReadAction\",\"target\":[\"https:\\\/\\\/ts.at\\\/de\\\/kanzlei\\\/\"]}]},{\"@type\":\"ImageObject\",\"inLanguage\":\"de\",\"@id\":\"https:\\\/\\\/ts.at\\\/de\\\/kanzlei\\\/#primaryimage\",\"url\":\"https:\\\/\\\/ts.at\\\/wp-content\\\/uploads\\\/2013\\\/06\\\/kanzlei.jpg\",\"contentUrl\":\"https:\\\/\\\/ts.at\\\/wp-content\\\/uploads\\\/2013\\\/06\\\/kanzlei.jpg\",\"width\":2893,\"height\":1947,\"caption\":\"Foto Kanzlei\"},{\"@type\":\"BreadcrumbList\",\"@id\":\"https:\\\/\\\/ts.at\\\/de\\\/kanzlei\\\/#breadcrumb\",\"itemListElement\":[{\"@type\":\"ListItem\",\"position\":1,\"name\":\"Home\",\"item\":\"https:\\\/\\\/ts.at\\\/de\\\/\"},{\"@type\":\"ListItem\",\"position\":2,\"name\":\"Kanzlei\"}]},{\"@type\":\"WebSite\",\"@id\":\"https:\\\/\\\/ts.at\\\/de\\\/#website\",\"url\":\"https:\\\/\\\/ts.at\\\/de\\\/\",\"name\":\"Tonninger Schermaier & Partner\",\"description\":\"Rechtsanw\u00e4lte\",\"alternateName\":\"TS & P\",\"potentialAction\":[{\"@type\":\"SearchAction\",\"target\":{\"@type\":\"EntryPoint\",\"urlTemplate\":\"https:\\\/\\\/ts.at\\\/de\\\/?s={search_term_string}\"},\"query-input\":{\"@type\":\"PropertyValueSpecification\",\"valueRequired\":true,\"valueName\":\"search_term_string\"}}],\"inLanguage\":\"de\"}]}<\/script>\n<!-- \/ Yoast SEO plugin. -->","yoast_head_json":{"title":"Kanzlei &#8211; TS&amp;P","description":"Tonninger Schermaier & Partner - Ihre Experten f\u00fcr juristische Beratung in Wien bei Fragen des Zivil- und Wirtschaftsrechts.","robots":{"index":"index","follow":"follow","max-snippet":"max-snippet:-1","max-image-preview":"max-image-preview:large","max-video-preview":"max-video-preview:-1"},"canonical":"https:\/\/ts.at\/de\/kanzlei\/","og_locale":"de_DE","og_type":"article","og_title":"Kanzlei &#8211; TS&amp;P","og_description":"{:de}Tonninger Schermaier & Partner - Ihre Experten f\u00fcr juristische Beratung in Wien bei Fragen des Zivil- und Wirtschaftsrechts.{:}","og_url":"https:\/\/ts.at\/de\/kanzlei\/","og_site_name":"TS&amp;P","article_modified_time":"2024-02-08T08:15:26+00:00","og_image":[{"width":2893,"height":1947,"url":"https:\/\/ts.at\/wp-content\/uploads\/2013\/06\/kanzlei.jpg","type":"image\/jpeg"}],"twitter_card":"summary_large_image","twitter_misc":{"Gesch\u00e4tzte Lesezeit":"2\u00a0Minuten"},"schema":{"@context":"https:\/\/schema.org","@graph":[{"@type":"WebPage","@id":"https:\/\/ts.at\/de\/kanzlei\/","url":"https:\/\/ts.at\/de\/kanzlei\/","name":"Kanzlei &#8211; TS&amp;P","isPartOf":{"@id":"https:\/\/ts.at\/de\/#website"},"primaryImageOfPage":{"@id":"https:\/\/ts.at\/de\/kanzlei\/#primaryimage"},"image":{"@id":"https:\/\/ts.at\/de\/kanzlei\/#primaryimage"},"thumbnailUrl":"https:\/\/ts.at\/wp-content\/uploads\/2013\/06\/kanzlei.jpg","datePublished":"2013-06-10T14:08:36+00:00","dateModified":"2024-02-08T08:15:26+00:00","description":"{:de}Tonninger Schermaier & Partner - Ihre Experten f\u00fcr juristische Beratung in Wien bei Fragen des Zivil- und Wirtschaftsrechts.{:}","breadcrumb":{"@id":"https:\/\/ts.at\/de\/kanzlei\/#breadcrumb"},"inLanguage":"de","potentialAction":[{"@type":"ReadAction","target":["https:\/\/ts.at\/de\/kanzlei\/"]}]},{"@type":"ImageObject","inLanguage":"de","@id":"https:\/\/ts.at\/de\/kanzlei\/#primaryimage","url":"https:\/\/ts.at\/wp-content\/uploads\/2013\/06\/kanzlei.jpg","contentUrl":"https:\/\/ts.at\/wp-content\/uploads\/2013\/06\/kanzlei.jpg","width":2893,"height":1947,"caption":"Foto Kanzlei"},{"@type":"BreadcrumbList","@id":"https:\/\/ts.at\/de\/kanzlei\/#breadcrumb","itemListElement":[{"@type":"ListItem","position":1,"name":"Home","item":"https:\/\/ts.at\/de\/"},{"@type":"ListItem","position":2,"name":"Kanzlei"}]},{"@type":"WebSite","@id":"https:\/\/ts.at\/de\/#website","url":"https:\/\/ts.at\/de\/","name":"Tonninger Schermaier & Partner","description":"Rechtsanw\u00e4lte","alternateName":"TS & P","potentialAction":[{"@type":"SearchAction","target":{"@type":"EntryPoint","urlTemplate":"https:\/\/ts.at\/de\/?s={search_term_string}"},"query-input":{"@type":"PropertyValueSpecification","valueRequired":true,"valueName":"search_term_string"}}],"inLanguage":"de"}]}},"_links":{"self":[{"href":"https:\/\/ts.at\/de\/wp-json\/wp\/v2\/pages\/261","targetHints":{"allow":["GET"]}}],"collection":[{"href":"https:\/\/ts.at\/de\/wp-json\/wp\/v2\/pages"}],"about":[{"href":"https:\/\/ts.at\/de\/wp-json\/wp\/v2\/types\/page"}],"author":[{"embeddable":true,"href":"https:\/\/ts.at\/de\/wp-json\/wp\/v2\/users\/7"}],"replies":[{"embeddable":true,"href":"https:\/\/ts.at\/de\/wp-json\/wp\/v2\/comments?post=261"}],"version-history":[{"count":40,"href":"https:\/\/ts.at\/de\/wp-json\/wp\/v2\/pages\/261\/revisions"}],"predecessor-version":[{"id":12203,"href":"https:\/\/ts.at\/de\/wp-json\/wp\/v2\/pages\/261\/revisions\/12203"}],"wp:featuredmedia":[{"embeddable":true,"href":"https:\/\/ts.at\/de\/wp-json\/wp\/v2\/media\/10601"}],"wp:attachment":[{"href":"https:\/\/ts.at\/de\/wp-json\/wp\/v2\/media?parent=261"}],"curies":[{"name":"wp","href":"https:\/\/api.w.org\/{rel}","templated":true}]}}