{"id":502,"date":"2014-08-02T21:07:10","date_gmt":"2014-08-02T19:07:10","guid":{"rendered":"https:\/\/ts.at\/en\/?page_id=502"},"modified":"2026-01-07T16:06:08","modified_gmt":"2026-01-07T15:06:08","slug":"markenrecht","status":"publish","type":"page","link":"https:\/\/ts.at\/de\/markenrecht\/","title":{"rendered":"Markenrecht"},"content":{"rendered":"<p><\/p>\n<p>&nbsp;<\/p>\n<p>Eine Marke ist ein Zeichen, das Waren oder Dienstleistungen eines Unternehmens von jenen anderer Unternehmen unterscheidbar macht. Eine starke Marke gibt daher Verbrauchern unmittelbar Auskunft \u00fcber die unternehmerische Herkunft eines Produktes.<\/p>\n<p>Grunds\u00e4tzlich k\u00f6nnen fast alle Zeichen als Marke gelten, vorausgesetzt sie sind grafisch darstellbar und besitzen eine Unterscheidungskraft. Dazu z\u00e4hlen:<\/p>\n<p>&#8211; Wortmarken<\/p>\n<p>&#8211; Wort-Bild-Marken<\/p>\n<p>&#8211; Bildmarken<\/p>\n<p>Um Dritte vom Gebrauch eines (j\u00fcngeren) gleichen oder \u00e4hnlichen Zeichens f\u00fcr gleiche oder \u00e4hnliche Waren oder Dienstleistungen ausschlie\u00dfen zu k\u00f6nnen, sollte ein Zeichen als Marke registriert werden. Da Sie erst ab dem Tag der Eintragung des Zeichens als Marke im Markenregister ein ausschlie\u00dfliches Recht gegen\u00fcber Dritten erlangen, sollten Sie die Eintragung m\u00f6glichst rasch vornehmen.<\/p>\n<p>&nbsp;<\/p>\n<h2>Ihre Ansprechpartner:<\/h2>\n<p><a href=\"https:\/\/ts.at\/de\/person\/tonninger\/\">RA Dr. Bernhard Tonninger<\/a><\/p>\n<p><a href=\"http:\/\/www.ts.at\/de\/person\/albrecht\">RA Mag. Dr. Markus Albrecht<\/a>  <a href=\"https:\/\/ts.at\/terminbuchung\" class=\"link-termin\">[zur Online-Terminbuchung]<\/a><\/p>\n<p><strong><a href=\"tel:+4312184440\">T: +43 1 218 44 40<\/a><br \/>\n<\/strong><\/p>\n<p style=\"text-align: center;\"><a class=\"maxbutton-8 maxbutton maxbutton-markenanmeldung-formular\" href=\"https:\/\/ts.at\/de\/kostenfreier-rueckruf-markenanmeldung\/\"><span class='mb-text'>GRATIS R\u00dcCKRUF<\/span><\/a><\/p>\n<p>&nbsp;<\/p>\n<p>Wir sind Ihre vertrauensw\u00fcrdigen Partner im Bereich Markenrecht. Unsere Dienstleistungen umfassen:<\/p>\n<p>&#8211; \u00c4hnlichkeitsrecherche f\u00fcr Marken auf nationaler, europ\u00e4ischer und internationaler Ebene.<\/p>\n<p>&#8211; Beratung bei der Auswahl und Design einer effektiven Marke.<\/p>\n<p>&#8211; Unterst\u00fctzung bei Markenanmeldung und -registrierung (nationale Marke, Unionsmarke, internationale Marke).<\/p>\n<p>&#8211; Verwaltung und \u00dcberwachung eingetragener Marken.<\/p>\n<p>&#8211; Strategische Beratung zum Markenschutz.<\/p>\n<p>&nbsp;<\/p>\n<p>Dar\u00fcber hinaus unterst\u00fctzen wir Sie bei Markenrechtsverletzungen, von der Bewertung von Markenkollisionen bis zur Prozessbegleitung in aktiven und passiven Verletzungsverfahren.<\/p>\n<p>&nbsp;<\/p>\n<p>Zus\u00e4tzlich bieten wir:<\/p>\n<p>&#8211; Beratung bei Markenlizenzvertr\u00e4gen.<\/p>\n<p>&#8211; Unterst\u00fctzung bei Marken\u00fcbertragungsvertr\u00e4gen.<\/p>\n<p>&#8211; Durchf\u00fchrung von Marken\u00fcbertragungen im \u00f6sterreichischen, internationalen und EU-Markenregister.<\/p>\n<p>&nbsp;<\/p>\n<p><strong><a href=\"https:\/\/ts.at\/de\/markenrecht\/markenrecht-in-oesterreich\/\">N\u00e4here Informationen zur Markenanmeldung in \u00d6sterreich finden Sie hier<\/a>.<\/strong><\/p>\n<p>&nbsp;<\/p>\n<h2>Kosten einer Markenanmeldung<\/h2>\n<p>Die Geb\u00fchren f\u00fcr eine Markenanmeldung variieren je nach territorialem Schutzumfang und der Anzahl der Waren oder Dienstleistungen. Zus\u00e4tzlich zu den Beh\u00f6rdengeb\u00fchren bieten wir transparente Pauschalhonorare an, welche Sie in unserer Preisliste einsehen k\u00f6nnen.<\/p>\n<p style=\"text-align: justify;\"><a href=\"https:\/\/ts.at\/wp-content\/uploads\/2026\/01\/Preisliste-Markenschutz-TS-P-01_01_2026.pdf\" target=\"_blank\" rel=\"noopener noreferrer\">Markenanmeldung und -management \u2013 Honorare und Geb\u00fchren (g\u00fcltig ab 01.01.2026)<\/a><\/p>\n<p>&nbsp;<\/p>\n<p><\/p>","protected":false},"excerpt":{"rendered":"<p>&nbsp; Eine Marke ist ein Zeichen, das Waren oder Dienstleistungen eines Unternehmens von jenen anderer Unternehmen unterscheidbar macht. Eine starke Marke gibt daher Verbrauchern unmittelbar Auskunft \u00fcber die unternehmerische Herkunft eines Produktes. Grunds\u00e4tzlich k\u00f6nnen fast alle Zeichen als Marke gelten, vorausgesetzt sie sind grafisch darstellbar und besitzen eine Unterscheidungskraft. Dazu z\u00e4hlen: &#8211; Wortmarken &#8211; Wort-Bild-Marken<\/p>\n","protected":false},"author":9,"featured_media":375,"parent":0,"menu_order":0,"comment_status":"closed","ping_status":"closed","template":"","meta":{"_acf_changed":false,"footnotes":""},"class_list":["post-502","page","type-page","status-publish","has-post-thumbnail","hentry"],"acf":[],"yoast_head":"<!-- This site is optimized with the Yoast SEO plugin v27.4 - https:\/\/yoast.com\/product\/yoast-seo-wordpress\/ -->\n<title>Markenrecht &#8211; TS&amp;P<\/title>\n<meta name=\"description\" content=\"Markenanmeldung in \u00d6sterreich, EU und international mit professioneller Unterst\u00fctzung? Wir beraten Sie umfassend zu allen Fragen des Markenrechts!\" \/>\n<meta name=\"robots\" content=\"index, follow, max-snippet:-1, max-image-preview:large, max-video-preview:-1\" \/>\n<link rel=\"canonical\" href=\"https:\/\/ts.at\/de\/markenrecht\/\" \/>\n<meta property=\"og:locale\" content=\"de_DE\" \/>\n<meta property=\"og:type\" content=\"article\" \/>\n<meta property=\"og:title\" content=\"Markenrecht &#8211; TS&amp;P\" \/>\n<meta property=\"og:description\" content=\"{:de}Markenanmeldung in \u00d6sterreich, EU und international mit professioneller Unterst\u00fctzung? Wir beraten Sie umfassend zu allen Fragen des Markenrechts!{:}\" \/>\n<meta property=\"og:url\" content=\"https:\/\/ts.at\/de\/markenrecht\/\" \/>\n<meta property=\"og:site_name\" content=\"TS&amp;P\" \/>\n<meta property=\"article:modified_time\" content=\"2026-01-07T15:06:08+00:00\" \/>\n<meta property=\"og:image\" content=\"https:\/\/ts.at\/wp-content\/uploads\/2013\/05\/Network.jpg\" \/>\n\t<meta property=\"og:image:width\" content=\"1828\" \/>\n\t<meta property=\"og:image:height\" content=\"216\" \/>\n\t<meta property=\"og:image:type\" content=\"image\/jpeg\" \/>\n<meta name=\"twitter:card\" content=\"summary_large_image\" \/>\n<meta name=\"twitter:label1\" content=\"Gesch\u00e4tzte Lesezeit\" \/>\n\t<meta name=\"twitter:data1\" content=\"2\u00a0Minuten\" \/>\n<script type=\"application\/ld+json\" class=\"yoast-schema-graph\">{\"@context\":\"https:\\\/\\\/schema.org\",\"@graph\":[{\"@type\":\"WebPage\",\"@id\":\"https:\\\/\\\/ts.at\\\/de\\\/markenrecht\\\/\",\"url\":\"https:\\\/\\\/ts.at\\\/de\\\/markenrecht\\\/\",\"name\":\"Markenrecht &#8211; TS&amp;P\",\"isPartOf\":{\"@id\":\"https:\\\/\\\/ts.at\\\/de\\\/#website\"},\"primaryImageOfPage\":{\"@id\":\"https:\\\/\\\/ts.at\\\/de\\\/markenrecht\\\/#primaryimage\"},\"image\":{\"@id\":\"https:\\\/\\\/ts.at\\\/de\\\/markenrecht\\\/#primaryimage\"},\"thumbnailUrl\":\"https:\\\/\\\/ts.at\\\/wp-content\\\/uploads\\\/2013\\\/05\\\/Network.jpg\",\"datePublished\":\"2014-08-02T19:07:10+00:00\",\"dateModified\":\"2026-01-07T15:06:08+00:00\",\"description\":\"{:de}Markenanmeldung in \u00d6sterreich, EU und international mit professioneller Unterst\u00fctzung? Wir beraten Sie umfassend zu allen Fragen des Markenrechts!{:}\",\"breadcrumb\":{\"@id\":\"https:\\\/\\\/ts.at\\\/de\\\/markenrecht\\\/#breadcrumb\"},\"inLanguage\":\"de\",\"potentialAction\":[{\"@type\":\"ReadAction\",\"target\":[\"https:\\\/\\\/ts.at\\\/de\\\/markenrecht\\\/\"]}]},{\"@type\":\"ImageObject\",\"inLanguage\":\"de\",\"@id\":\"https:\\\/\\\/ts.at\\\/de\\\/markenrecht\\\/#primaryimage\",\"url\":\"https:\\\/\\\/ts.at\\\/wp-content\\\/uploads\\\/2013\\\/05\\\/Network.jpg\",\"contentUrl\":\"https:\\\/\\\/ts.at\\\/wp-content\\\/uploads\\\/2013\\\/05\\\/Network.jpg\",\"width\":1828,\"height\":216},{\"@type\":\"BreadcrumbList\",\"@id\":\"https:\\\/\\\/ts.at\\\/de\\\/markenrecht\\\/#breadcrumb\",\"itemListElement\":[{\"@type\":\"ListItem\",\"position\":1,\"name\":\"Home\",\"item\":\"https:\\\/\\\/ts.at\\\/de\\\/\"},{\"@type\":\"ListItem\",\"position\":2,\"name\":\"Markenrecht\"}]},{\"@type\":\"WebSite\",\"@id\":\"https:\\\/\\\/ts.at\\\/de\\\/#website\",\"url\":\"https:\\\/\\\/ts.at\\\/de\\\/\",\"name\":\"Tonninger Schermaier & Partner\",\"description\":\"Rechtsanw\u00e4lte\",\"alternateName\":\"TS & P\",\"potentialAction\":[{\"@type\":\"SearchAction\",\"target\":{\"@type\":\"EntryPoint\",\"urlTemplate\":\"https:\\\/\\\/ts.at\\\/de\\\/?s={search_term_string}\"},\"query-input\":{\"@type\":\"PropertyValueSpecification\",\"valueRequired\":true,\"valueName\":\"search_term_string\"}}],\"inLanguage\":\"de\"}]}<\/script>\n<!-- \/ Yoast SEO plugin. -->","yoast_head_json":{"title":"Markenrecht &#8211; TS&amp;P","description":"Markenanmeldung in \u00d6sterreich, EU und international mit professioneller Unterst\u00fctzung? Wir beraten Sie umfassend zu allen Fragen des Markenrechts!","robots":{"index":"index","follow":"follow","max-snippet":"max-snippet:-1","max-image-preview":"max-image-preview:large","max-video-preview":"max-video-preview:-1"},"canonical":"https:\/\/ts.at\/de\/markenrecht\/","og_locale":"de_DE","og_type":"article","og_title":"Markenrecht &#8211; TS&amp;P","og_description":"{:de}Markenanmeldung in \u00d6sterreich, EU und international mit professioneller Unterst\u00fctzung? Wir beraten Sie umfassend zu allen Fragen des Markenrechts!{:}","og_url":"https:\/\/ts.at\/de\/markenrecht\/","og_site_name":"TS&amp;P","article_modified_time":"2026-01-07T15:06:08+00:00","og_image":[{"width":1828,"height":216,"url":"https:\/\/ts.at\/wp-content\/uploads\/2013\/05\/Network.jpg","type":"image\/jpeg"}],"twitter_card":"summary_large_image","twitter_misc":{"Gesch\u00e4tzte Lesezeit":"2\u00a0Minuten"},"schema":{"@context":"https:\/\/schema.org","@graph":[{"@type":"WebPage","@id":"https:\/\/ts.at\/de\/markenrecht\/","url":"https:\/\/ts.at\/de\/markenrecht\/","name":"Markenrecht &#8211; TS&amp;P","isPartOf":{"@id":"https:\/\/ts.at\/de\/#website"},"primaryImageOfPage":{"@id":"https:\/\/ts.at\/de\/markenrecht\/#primaryimage"},"image":{"@id":"https:\/\/ts.at\/de\/markenrecht\/#primaryimage"},"thumbnailUrl":"https:\/\/ts.at\/wp-content\/uploads\/2013\/05\/Network.jpg","datePublished":"2014-08-02T19:07:10+00:00","dateModified":"2026-01-07T15:06:08+00:00","description":"{:de}Markenanmeldung in \u00d6sterreich, EU und international mit professioneller Unterst\u00fctzung? Wir beraten Sie umfassend zu allen Fragen des Markenrechts!{:}","breadcrumb":{"@id":"https:\/\/ts.at\/de\/markenrecht\/#breadcrumb"},"inLanguage":"de","potentialAction":[{"@type":"ReadAction","target":["https:\/\/ts.at\/de\/markenrecht\/"]}]},{"@type":"ImageObject","inLanguage":"de","@id":"https:\/\/ts.at\/de\/markenrecht\/#primaryimage","url":"https:\/\/ts.at\/wp-content\/uploads\/2013\/05\/Network.jpg","contentUrl":"https:\/\/ts.at\/wp-content\/uploads\/2013\/05\/Network.jpg","width":1828,"height":216},{"@type":"BreadcrumbList","@id":"https:\/\/ts.at\/de\/markenrecht\/#breadcrumb","itemListElement":[{"@type":"ListItem","position":1,"name":"Home","item":"https:\/\/ts.at\/de\/"},{"@type":"ListItem","position":2,"name":"Markenrecht"}]},{"@type":"WebSite","@id":"https:\/\/ts.at\/de\/#website","url":"https:\/\/ts.at\/de\/","name":"Tonninger Schermaier & Partner","description":"Rechtsanw\u00e4lte","alternateName":"TS & P","potentialAction":[{"@type":"SearchAction","target":{"@type":"EntryPoint","urlTemplate":"https:\/\/ts.at\/de\/?s={search_term_string}"},"query-input":{"@type":"PropertyValueSpecification","valueRequired":true,"valueName":"search_term_string"}}],"inLanguage":"de"}]}},"_links":{"self":[{"href":"https:\/\/ts.at\/de\/wp-json\/wp\/v2\/pages\/502","targetHints":{"allow":["GET"]}}],"collection":[{"href":"https:\/\/ts.at\/de\/wp-json\/wp\/v2\/pages"}],"about":[{"href":"https:\/\/ts.at\/de\/wp-json\/wp\/v2\/types\/page"}],"author":[{"embeddable":true,"href":"https:\/\/ts.at\/de\/wp-json\/wp\/v2\/users\/9"}],"replies":[{"embeddable":true,"href":"https:\/\/ts.at\/de\/wp-json\/wp\/v2\/comments?post=502"}],"version-history":[{"count":77,"href":"https:\/\/ts.at\/de\/wp-json\/wp\/v2\/pages\/502\/revisions"}],"predecessor-version":[{"id":12551,"href":"https:\/\/ts.at\/de\/wp-json\/wp\/v2\/pages\/502\/revisions\/12551"}],"wp:featuredmedia":[{"embeddable":true,"href":"https:\/\/ts.at\/de\/wp-json\/wp\/v2\/media\/375"}],"wp:attachment":[{"href":"https:\/\/ts.at\/de\/wp-json\/wp\/v2\/media?parent=502"}],"curies":[{"name":"wp","href":"https:\/\/api.w.org\/{rel}","templated":true}]}}