{"id":506,"date":"2014-08-02T21:10:15","date_gmt":"2014-08-02T19:10:15","guid":{"rendered":"https:\/\/ts.at\/en\/?page_id=506"},"modified":"2025-04-04T09:04:56","modified_gmt":"2025-04-04T07:04:56","slug":"lauterkeitsrecht-uwg","status":"publish","type":"page","link":"https:\/\/ts.at\/de\/lauterkeitsrecht-uwg\/","title":{"rendered":"Lauterkeitsrecht (UWG)"},"content":{"rendered":"<p><\/p>\n<p>&nbsp;<\/p>\n<h2 style=\"text-align: justify;\">Unsere Leistungen:<b><br \/>\n<\/b><\/h2>\n<p style=\"text-align: justify;\">Wir vertreten und beraten Sie umfassend in s\u00e4mtlichen Rechtsangelegenheiten des Lauterkeitsrechts als eine unserer absoluten Kernkompetenzen und bieten Ihnen insbesondere<\/p>\n<ul>\n<li style=\"text-align: justify;\">Beratung \u00fcber die Zul\u00e4ssigkeit von Werbe- und Vertriebsma\u00dfnahmen<\/li>\n<li style=\"text-align: justify;\">Pr\u00fcfung von kritischen Sachverhalten auf Verst\u00f6\u00dfe gegen das Gesetz gegen unlauteren Wettbewerb (UWG)<\/li>\n<li style=\"text-align: justify;\">Kontrolle von Werbema\u00dfnahmen, Gesch\u00e4ftspraktiken oder sonstiger m\u00f6glicherweise unlauterer Handlungen von Konkurrenten<\/li>\n<li style=\"text-align: justify;\">Geltendmachung Ihrer Rechte im Fall von sittenwidriger Nachahmung Ihrer eigenen Leistungen und Produktpiraterie<\/li>\n<li style=\"text-align: justify;\">Abmahnung unlauterer Verhaltensweisen von Mitbewerbern<\/li>\n<li style=\"text-align: justify;\">Vertretung bei der schnellen Erlangung von Rechtsschutz mittels Einstweiliger Verf\u00fcgungen und deren Durchsetzung<\/li>\n<li style=\"text-align: justify;\">Abwehr von Anspr\u00fcchen, die gegen Ihr Unternehmen gerichtet sind<\/li>\n<\/ul>\n<h2>Ihre Ansprechpartner:<\/h2>\n<p><a href=\"https:\/\/ts.at\/de\/person\/tonninger\/\">RA Dr. Bernhard Tonninger<\/a><\/p>\n<p><a href=\"http:\/\/www.ts.at\/de\/person\/albrecht\">RA Mag. Dr. Markus Albrecht<\/a>  <a href=\"https:\/\/ts.at\/terminbuchung\" class=\"link-termin\">[zur Online-Terminbuchung]<\/a><strong><a href=\"https:\/\/ts.at\/de\/person\/tonninger\/\"><br \/>\n<\/a><\/strong><\/p>\n<p style=\"text-align: center;\"><a class=\"maxbutton-7 maxbutton maxbutton-uwg-formular\" href=\"https:\/\/ts.at\/de\/erstberatung-uwg\/\"><span class='mb-text'>GRATIS R\u00dcCKRUF<\/span><\/a><\/p>\n<p>&nbsp;<\/p>\n<ul>\n<li style=\"text-align: justify;\"><a href=\"#d1\">Was ist Lauterkeitsrecht und wo ist es geregelt?<\/a><\/li>\n<li style=\"text-align: justify;\"><a href=\"#d2\">Welchen Schutz bietet das UWG?<\/a><\/li>\n<li style=\"text-align: justify;\"><a href=\"#d3\">Welche Strafe droht bei Verst\u00f6\u00dfen gegen das UWG?<\/a><\/li>\n<li style=\"text-align: justify;\"><a href=\"#d4\">Wie wir Sie im Rahmen des UWG unterst\u00fctzen k\u00f6nnen<\/a><\/li>\n<li style=\"text-align: justify;\"><a href=\"#d5\">Beispiele unlauteren Wettbewerbs<\/a><\/li>\n<\/ul>\n<h2>\u00a0<\/h2>\n<h2><a id=\"d1\"><\/a>Was ist Lauterkeitsrecht und wo ist es geregelt?<\/h2>\n<p>Zweck des Lauterkeitsrechtes ist der Schutz des \u201clauteren Wettbewerbs\u201d und somit die Verhinderung unlauterer Gesch\u00e4ftspraktiken. Geregelt ist das Lauterkeitsrecht im Bundesgesetz gegen den unlauteren Wettbewerb (UWG), das sich tagt\u00e4glich als \u00fcberaus effizientes Werkzeug zur Regelung des Wettbewerbs zwischen Unternehmen bew\u00e4hrt.<\/p>\n<h2><a id=\"d2\"><\/a>Welchen Schutz bietet das UWG?<\/h2>\n<p>Das UWG verbietet generell alle \u201cunlauteren Handlungen\u201d, die geeignet sind, den Wettbewerb zum Nachteil von Unternehmen nicht nur unerheblich zu beeinflussen. Bei Wettbewerbsverst\u00f6\u00dfen von Mitbewerbern bietet das UWG Unternehmern einen verschuldensunabh\u00e4ngigen Unterlassungsanspruch, der zur schnellen Erlangung von Rechtsschutz mittels Einstweiliger Verf\u00fcgung durchgesetzt werden kann.<\/p>\n<h2><a id=\"d3\"><\/a>Welche Strafe droht bei Verst\u00f6\u00dfen gegen das UWG?<\/h2>\n<p>Stellt ein Mitbewerber sein wettbewerbswidriges Verhalten trotz Einstweiliger Verf\u00fcgung nicht ein, droht ihm eine Exekutionsstrafe von t\u00e4glich bis zu \u20ac 100.000,\u2013.<\/p>\n<h2><a id=\"d4\"><\/a>Wie wir Sie im Rahmen des UWG unterst\u00fctzen k\u00f6nnen:<\/h2>\n<p>Einerseits wagen wir uns bei der Beratung \u00fcber die Zul\u00e4ssigkeit von Werbe- und Vertriebsma\u00dfnahmen mit Ihnen bis an die Grenzen des Zul\u00e4ssigen hinaus. Wir stimmen mit Ihnen Ihre Werbema\u00dfnahmen dergestalt ab, dass Ihre Werbema\u00dfnahmen bei h\u00f6chstm\u00f6glicher Werbewirkung nur schlecht angreifbar sind. Dabei ber\u00fccksichtigen wir nat\u00fcrlich Ihre Risikopr\u00e4ferenzen.<\/p>\n<p>Andererseits legen wir f\u00fcr Sie einen strengen Ma\u00dfstab an, um m\u00f6glicherweise unlautere Handlungen wie Werbema\u00dfnahmen oder sonstige Gesch\u00e4ftspraktiken von Konkurrenten zu beurteilen. Kommen wir dabei zum Ergebnis, dass eine Rechtsverletzung vorliegt, entscheiden Sie, ob Sie es vorerst bei einer Abmahnung mit einer Verpflichtungserkl\u00e4rung belassen wollen oder umgehend Klage mit Antrag auf Einstweilige Verf\u00fcgung erheben wollen.<\/p>\n<h2><a id=\"d5\"><\/a>Beispiele unlauteren Wettbewerbs:<\/h2>\n<ol>\n<li>Wettbewerbsrechtlich unzul\u00e4ssig ist beispielsweise die Verwendung irref\u00fchrender Angaben in der Werbung, die letztlich geeignet sind, Marktteilnehmer zu einer Kaufentscheidung zu veranlassen, die sie ansonsten nicht getroffen h\u00e4tten.<\/li>\n<li>Untersagen kann man entsprechend auch, wenn Mitbewerber mit nicht verliehenen G\u00fcte- und Qualit\u00e4tszertifikaten oder Produkteigenschaften werben, welche ihren Produkten tats\u00e4chlich nicht zukommen.<\/li>\n<li>Vorgehen kann man auch, wenn sich Mitbewerber an fremde Marken- und Unternehmenskennzeichen anlehnen, um so den guten Ruf eines anderen Unternehmens f\u00fcr ihre Produkte auszunutzen.<\/li>\n<li>Aber auch Verletzungen von gesetzlichen Bestimmungen, die dazu geeignet sind, dem gesetzwidrig Handelnden einen Wettbewerbsvorsprung gegen\u00fcber seinen Konkurrenten zu verschaffen, k\u00f6nnen wirksam mit dem UWG verfolgt werden (Fallgruppe: Wettbewerbsvorsprung durch Rechtsbruch).<\/li>\n<li>Weiters ist unlauter, die Entscheidungsfreiheit von Kunden unter Aus\u00fcbung von psychischem Kaufzwang derart zu beeintr\u00e4chtigen, dass sich diese nur mehr schwer einem Gesch\u00e4ftsabschluss entziehen k\u00f6nnen. Aber auch direkte Aufforderungen an Kinder, Produkte zu kaufen, sind unlauter. Die Liste dieser Beispiele lie\u00dfe sich fast beliebig erweitern.<\/li>\n<\/ol>\n<p><strong>Wenn Sie der Meinung sind, dass Ihnen ein Mitbewerber mit unlauteren Mitteln Konkurrenz macht, beraten wir Sie gerne, ob und was Sie dagegen unternehmen k\u00f6nnen.<\/strong><\/p>\n<p>&nbsp;<\/p>\n<p><!-- \/* 15pJQhrPh3XJCUOiaQCa62html *\/ --><!-- 8ViZ7udkKL --><!-- \/* 1uqjsQSyWVhmOHAEVa1i62html *\/ --><\/p>\n<p>&nbsp;<\/p>\n<p>&nbsp;<\/p>\n<p>&nbsp;<\/p>\n<p><\/p>","protected":false},"excerpt":{"rendered":"<p>&nbsp; Unsere Leistungen: Wir vertreten und beraten Sie umfassend in s\u00e4mtlichen Rechtsangelegenheiten des Lauterkeitsrechts als eine unserer absoluten Kernkompetenzen und bieten Ihnen insbesondere Beratung \u00fcber die Zul\u00e4ssigkeit von Werbe- und Vertriebsma\u00dfnahmen Pr\u00fcfung von kritischen Sachverhalten auf Verst\u00f6\u00dfe gegen das Gesetz gegen unlauteren Wettbewerb (UWG) Kontrolle von Werbema\u00dfnahmen, Gesch\u00e4ftspraktiken oder sonstiger m\u00f6glicherweise unlauterer Handlungen von Konkurrenten<\/p>\n","protected":false},"author":9,"featured_media":375,"parent":0,"menu_order":0,"comment_status":"closed","ping_status":"closed","template":"","meta":{"_acf_changed":false,"footnotes":""},"class_list":["post-506","page","type-page","status-publish","has-post-thumbnail","hentry"],"acf":[],"yoast_head":"<!-- This site is optimized with the Yoast SEO plugin v27.4 - https:\/\/yoast.com\/product\/yoast-seo-wordpress\/ -->\n<title>Lauterkeitsrecht (UWG) &#8211; TS&amp;P<\/title>\n<meta name=\"description\" content=\"Wir vertreten und beraten Sie umfassend in s\u00e4mtlichen Rechtsangelegenheiten des Lauterkeitsrechts in \u00d6sterreich. We represent and advise you comprehensively in all legal matters relating to unfair competition law in Austria.\" \/>\n<meta name=\"robots\" content=\"index, follow, max-snippet:-1, max-image-preview:large, max-video-preview:-1\" \/>\n<link rel=\"canonical\" href=\"https:\/\/ts.at\/de\/lauterkeitsrecht-uwg\/\" \/>\n<meta property=\"og:locale\" content=\"de_DE\" \/>\n<meta property=\"og:type\" content=\"article\" \/>\n<meta property=\"og:title\" content=\"Lauterkeitsrecht (UWG) &#8211; TS&amp;P\" \/>\n<meta property=\"og:description\" content=\"{:de}Wir vertreten und beraten Sie umfassend in s\u00e4mtlichen Rechtsangelegenheiten des Lauterkeitsrechts in \u00d6sterreich.{:} {:de}We represent and advise you comprehensively in all legal matters relating to unfair competition law in Austria.{:}\" \/>\n<meta property=\"og:url\" content=\"https:\/\/ts.at\/de\/lauterkeitsrecht-uwg\/\" \/>\n<meta property=\"og:site_name\" content=\"TS&amp;P\" \/>\n<meta property=\"article:modified_time\" content=\"2025-04-04T07:04:56+00:00\" \/>\n<meta property=\"og:image\" content=\"https:\/\/ts.at\/wp-content\/uploads\/2013\/05\/Network.jpg\" \/>\n\t<meta property=\"og:image:width\" content=\"1828\" \/>\n\t<meta property=\"og:image:height\" content=\"216\" \/>\n\t<meta property=\"og:image:type\" content=\"image\/jpeg\" \/>\n<meta name=\"twitter:card\" content=\"summary_large_image\" \/>\n<meta name=\"twitter:label1\" content=\"Gesch\u00e4tzte Lesezeit\" \/>\n\t<meta name=\"twitter:data1\" content=\"4\u00a0Minuten\" \/>\n<script type=\"application\/ld+json\" class=\"yoast-schema-graph\">{\"@context\":\"https:\\\/\\\/schema.org\",\"@graph\":[{\"@type\":\"WebPage\",\"@id\":\"https:\\\/\\\/ts.at\\\/de\\\/lauterkeitsrecht-uwg\\\/\",\"url\":\"https:\\\/\\\/ts.at\\\/de\\\/lauterkeitsrecht-uwg\\\/\",\"name\":\"Lauterkeitsrecht (UWG) &#8211; TS&amp;P\",\"isPartOf\":{\"@id\":\"https:\\\/\\\/ts.at\\\/de\\\/#website\"},\"primaryImageOfPage\":{\"@id\":\"https:\\\/\\\/ts.at\\\/de\\\/lauterkeitsrecht-uwg\\\/#primaryimage\"},\"image\":{\"@id\":\"https:\\\/\\\/ts.at\\\/de\\\/lauterkeitsrecht-uwg\\\/#primaryimage\"},\"thumbnailUrl\":\"https:\\\/\\\/ts.at\\\/wp-content\\\/uploads\\\/2013\\\/05\\\/Network.jpg\",\"datePublished\":\"2014-08-02T19:10:15+00:00\",\"dateModified\":\"2025-04-04T07:04:56+00:00\",\"description\":\"{:de}Wir vertreten und beraten Sie umfassend in s\u00e4mtlichen Rechtsangelegenheiten des Lauterkeitsrechts in \u00d6sterreich.{:} {:de}We represent and advise you comprehensively in all legal matters relating to unfair competition law in Austria.{:}\",\"breadcrumb\":{\"@id\":\"https:\\\/\\\/ts.at\\\/de\\\/lauterkeitsrecht-uwg\\\/#breadcrumb\"},\"inLanguage\":\"de\",\"potentialAction\":[{\"@type\":\"ReadAction\",\"target\":[\"https:\\\/\\\/ts.at\\\/de\\\/lauterkeitsrecht-uwg\\\/\"]}]},{\"@type\":\"ImageObject\",\"inLanguage\":\"de\",\"@id\":\"https:\\\/\\\/ts.at\\\/de\\\/lauterkeitsrecht-uwg\\\/#primaryimage\",\"url\":\"https:\\\/\\\/ts.at\\\/wp-content\\\/uploads\\\/2013\\\/05\\\/Network.jpg\",\"contentUrl\":\"https:\\\/\\\/ts.at\\\/wp-content\\\/uploads\\\/2013\\\/05\\\/Network.jpg\",\"width\":1828,\"height\":216},{\"@type\":\"BreadcrumbList\",\"@id\":\"https:\\\/\\\/ts.at\\\/de\\\/lauterkeitsrecht-uwg\\\/#breadcrumb\",\"itemListElement\":[{\"@type\":\"ListItem\",\"position\":1,\"name\":\"Home\",\"item\":\"https:\\\/\\\/ts.at\\\/de\\\/\"},{\"@type\":\"ListItem\",\"position\":2,\"name\":\"Lauterkeitsrecht (UWG)\"}]},{\"@type\":\"WebSite\",\"@id\":\"https:\\\/\\\/ts.at\\\/de\\\/#website\",\"url\":\"https:\\\/\\\/ts.at\\\/de\\\/\",\"name\":\"Tonninger Schermaier & Partner\",\"description\":\"Rechtsanw\u00e4lte\",\"alternateName\":\"TS & P\",\"potentialAction\":[{\"@type\":\"SearchAction\",\"target\":{\"@type\":\"EntryPoint\",\"urlTemplate\":\"https:\\\/\\\/ts.at\\\/de\\\/?s={search_term_string}\"},\"query-input\":{\"@type\":\"PropertyValueSpecification\",\"valueRequired\":true,\"valueName\":\"search_term_string\"}}],\"inLanguage\":\"de\"}]}<\/script>\n<!-- \/ Yoast SEO plugin. -->","yoast_head_json":{"title":"Lauterkeitsrecht (UWG) &#8211; TS&amp;P","description":"Wir vertreten und beraten Sie umfassend in s\u00e4mtlichen Rechtsangelegenheiten des Lauterkeitsrechts in \u00d6sterreich. We represent and advise you comprehensively in all legal matters relating to unfair competition law in Austria.","robots":{"index":"index","follow":"follow","max-snippet":"max-snippet:-1","max-image-preview":"max-image-preview:large","max-video-preview":"max-video-preview:-1"},"canonical":"https:\/\/ts.at\/de\/lauterkeitsrecht-uwg\/","og_locale":"de_DE","og_type":"article","og_title":"Lauterkeitsrecht (UWG) &#8211; TS&amp;P","og_description":"{:de}Wir vertreten und beraten Sie umfassend in s\u00e4mtlichen Rechtsangelegenheiten des Lauterkeitsrechts in \u00d6sterreich.{:} {:de}We represent and advise you comprehensively in all legal matters relating to unfair competition law in Austria.{:}","og_url":"https:\/\/ts.at\/de\/lauterkeitsrecht-uwg\/","og_site_name":"TS&amp;P","article_modified_time":"2025-04-04T07:04:56+00:00","og_image":[{"width":1828,"height":216,"url":"https:\/\/ts.at\/wp-content\/uploads\/2013\/05\/Network.jpg","type":"image\/jpeg"}],"twitter_card":"summary_large_image","twitter_misc":{"Gesch\u00e4tzte Lesezeit":"4\u00a0Minuten"},"schema":{"@context":"https:\/\/schema.org","@graph":[{"@type":"WebPage","@id":"https:\/\/ts.at\/de\/lauterkeitsrecht-uwg\/","url":"https:\/\/ts.at\/de\/lauterkeitsrecht-uwg\/","name":"Lauterkeitsrecht (UWG) &#8211; TS&amp;P","isPartOf":{"@id":"https:\/\/ts.at\/de\/#website"},"primaryImageOfPage":{"@id":"https:\/\/ts.at\/de\/lauterkeitsrecht-uwg\/#primaryimage"},"image":{"@id":"https:\/\/ts.at\/de\/lauterkeitsrecht-uwg\/#primaryimage"},"thumbnailUrl":"https:\/\/ts.at\/wp-content\/uploads\/2013\/05\/Network.jpg","datePublished":"2014-08-02T19:10:15+00:00","dateModified":"2025-04-04T07:04:56+00:00","description":"{:de}Wir vertreten und beraten Sie umfassend in s\u00e4mtlichen Rechtsangelegenheiten des Lauterkeitsrechts in \u00d6sterreich.{:} {:de}We represent and advise you comprehensively in all legal matters relating to unfair competition law in Austria.{:}","breadcrumb":{"@id":"https:\/\/ts.at\/de\/lauterkeitsrecht-uwg\/#breadcrumb"},"inLanguage":"de","potentialAction":[{"@type":"ReadAction","target":["https:\/\/ts.at\/de\/lauterkeitsrecht-uwg\/"]}]},{"@type":"ImageObject","inLanguage":"de","@id":"https:\/\/ts.at\/de\/lauterkeitsrecht-uwg\/#primaryimage","url":"https:\/\/ts.at\/wp-content\/uploads\/2013\/05\/Network.jpg","contentUrl":"https:\/\/ts.at\/wp-content\/uploads\/2013\/05\/Network.jpg","width":1828,"height":216},{"@type":"BreadcrumbList","@id":"https:\/\/ts.at\/de\/lauterkeitsrecht-uwg\/#breadcrumb","itemListElement":[{"@type":"ListItem","position":1,"name":"Home","item":"https:\/\/ts.at\/de\/"},{"@type":"ListItem","position":2,"name":"Lauterkeitsrecht (UWG)"}]},{"@type":"WebSite","@id":"https:\/\/ts.at\/de\/#website","url":"https:\/\/ts.at\/de\/","name":"Tonninger Schermaier & Partner","description":"Rechtsanw\u00e4lte","alternateName":"TS & P","potentialAction":[{"@type":"SearchAction","target":{"@type":"EntryPoint","urlTemplate":"https:\/\/ts.at\/de\/?s={search_term_string}"},"query-input":{"@type":"PropertyValueSpecification","valueRequired":true,"valueName":"search_term_string"}}],"inLanguage":"de"}]}},"_links":{"self":[{"href":"https:\/\/ts.at\/de\/wp-json\/wp\/v2\/pages\/506","targetHints":{"allow":["GET"]}}],"collection":[{"href":"https:\/\/ts.at\/de\/wp-json\/wp\/v2\/pages"}],"about":[{"href":"https:\/\/ts.at\/de\/wp-json\/wp\/v2\/types\/page"}],"author":[{"embeddable":true,"href":"https:\/\/ts.at\/de\/wp-json\/wp\/v2\/users\/9"}],"replies":[{"embeddable":true,"href":"https:\/\/ts.at\/de\/wp-json\/wp\/v2\/comments?post=506"}],"version-history":[{"count":27,"href":"https:\/\/ts.at\/de\/wp-json\/wp\/v2\/pages\/506\/revisions"}],"predecessor-version":[{"id":12347,"href":"https:\/\/ts.at\/de\/wp-json\/wp\/v2\/pages\/506\/revisions\/12347"}],"wp:featuredmedia":[{"embeddable":true,"href":"https:\/\/ts.at\/de\/wp-json\/wp\/v2\/media\/375"}],"wp:attachment":[{"href":"https:\/\/ts.at\/de\/wp-json\/wp\/v2\/media?parent=506"}],"curies":[{"name":"wp","href":"https:\/\/api.w.org\/{rel}","templated":true}]}}