{"id":8,"date":"2013-05-23T15:58:29","date_gmt":"2013-05-23T13:58:29","guid":{"rendered":"https:\/\/ts.at\/en\/?page_id=8"},"modified":"2023-10-30T19:13:01","modified_gmt":"2023-10-30T18:13:01","slug":"career","status":"publish","type":"page","link":"https:\/\/ts.at\/de\/karriere\/","title":{"rendered":"Karriere"},"content":{"rendered":"<p><\/p>\n<p>Tonninger Schermaier &amp; Partner ist in jeder Hinsicht eine au\u00dfergew\u00f6hnliche Kanzlei. Wir haben das Know-How und die Qualit\u00e4t einer Gro\u00dfkanzlei bei einer gleichzeitig \u00fcberschaubaren Gr\u00f6\u00dfenstruktur, durch die wir uns rasch und pers\u00f6nlich auf die W\u00fcnsche unserer Mandanten einstellen k\u00f6nnen. Das professionelle und pers\u00f6nliche Verh\u00e4ltnis, das wir zu unseren Klienten pflegen, spiegelt sich auch beim Umgang mit unseren Mitarbeiter wieder. Neben Arbeiten auf fachlich h\u00f6chstem Niveau ist es uns wichtig, dass sich die Mitarbeiter bei uns wohl f\u00fchlen.<\/p>\n<p>Wir setzen auf langj\u00e4hrige Zusammenarbeit und bieten eine Partnerperspektive f\u00fcr jeden bei uns t\u00e4tigen Juristen. Dabei nehmen wir uns f\u00fcr die Ausbildung jedes einzelnen Mitarbeiters pers\u00f6nlich Zeit. Das Interesse an einer langfristigen Zusammenarbeit hat uns auch dazu bewegt, nicht nur Konzipienten auszubilden, sondern auch Lehrlinge, die bei uns den Beruf des Rechtsanwaltskanzleiassistenten erlernen.<\/p>\n<p>Um den Zusammenhalt in unserem Team zu st\u00e4rken, veranstalten wir regelm\u00e4\u00dfig <i>social events<\/i>. Denn nur in harmonierenden Teams k\u00f6nnen wir unsere Mandanten bestm\u00f6glich und effizient betreuen. Frei nach dem Motto: <em>&#8222;We grow relationships&#8220;<\/em>.<\/p>\n<p>Von Mitarbeitern bzw von Personen, die es werden wollen, erwarten wir Verantwortungsgef\u00fchl und die Eigenschaft mit Menschen umgehen zu k\u00f6nnen. Wir bieten eine fundierte Ausbildung und ein besonderes Arbeitsklima, das f\u00fcr eine Rechtsanwaltskanzlei sicherlich ungew\u00f6hnlich ist.<\/p>\n<p>Wenn Sie glauben, dass Sie in unser Team passen, dann senden Sie Ihre Bewerbung bitte an:<\/p>\n<h2><b>Tonninger Schermaier &amp; Partner Rechtsanw\u00e4lte<\/b><\/h2>\n<p>Rilkeplatz 8, 1010 Wien<br \/>\nE-mail: <a href=\"mailto:hr@ts.at\">hr@ts.at<\/a><\/p>\n<p><\/p>","protected":false},"excerpt":{"rendered":"<p>Tonninger Schermaier &amp; Partner ist in jeder Hinsicht eine au\u00dfergew\u00f6hnliche Kanzlei. Wir haben das Know-How und die Qualit\u00e4t einer Gro\u00dfkanzlei bei einer gleichzeitig \u00fcberschaubaren Gr\u00f6\u00dfenstruktur, durch die wir uns rasch und pers\u00f6nlich auf die W\u00fcnsche unserer Mandanten einstellen k\u00f6nnen. Das professionelle und pers\u00f6nliche Verh\u00e4ltnis, das wir zu unseren Klienten pflegen, spiegelt sich auch beim Umgang<\/p>\n","protected":false},"author":7,"featured_media":357,"parent":0,"menu_order":0,"comment_status":"closed","ping_status":"open","template":"","meta":{"_acf_changed":false,"footnotes":""},"class_list":["post-8","page","type-page","status-publish","has-post-thumbnail","hentry"],"acf":[],"yoast_head":"<!-- This site is optimized with the Yoast SEO plugin v27.4 - https:\/\/yoast.com\/product\/yoast-seo-wordpress\/ -->\n<title>Karriere &#8211; TS&amp;P<\/title>\n<meta name=\"robots\" content=\"index, follow, max-snippet:-1, max-image-preview:large, max-video-preview:-1\" \/>\n<link rel=\"canonical\" href=\"https:\/\/ts.at\/de\/karriere\/\" \/>\n<meta property=\"og:locale\" content=\"de_DE\" \/>\n<meta property=\"og:type\" content=\"article\" \/>\n<meta property=\"og:title\" content=\"Karriere &#8211; TS&amp;P\" \/>\n<meta property=\"og:description\" content=\"Tonninger Schermaier &amp; Partner ist in jeder Hinsicht eine au\u00dfergew\u00f6hnliche Kanzlei. Wir haben das Know-How und die Qualit\u00e4t einer Gro\u00dfkanzlei bei einer gleichzeitig \u00fcberschaubaren Gr\u00f6\u00dfenstruktur, durch die wir uns rasch und pers\u00f6nlich auf die W\u00fcnsche unserer Mandanten einstellen k\u00f6nnen. Das professionelle und pers\u00f6nliche Verh\u00e4ltnis, das wir zu unseren Klienten pflegen, spiegelt sich auch beim Umgang\" \/>\n<meta property=\"og:url\" content=\"https:\/\/ts.at\/de\/karriere\/\" \/>\n<meta property=\"og:site_name\" content=\"TS&amp;P\" \/>\n<meta property=\"article:modified_time\" content=\"2023-10-30T18:13:01+00:00\" \/>\n<meta property=\"og:image\" content=\"https:\/\/ts.at\/wp-content\/uploads\/2013\/05\/Headerstripe-carrier.jpg\" \/>\n\t<meta property=\"og:image:width\" content=\"1828\" \/>\n\t<meta property=\"og:image:height\" content=\"216\" \/>\n\t<meta property=\"og:image:type\" content=\"image\/jpeg\" \/>\n<meta name=\"twitter:card\" content=\"summary_large_image\" \/>\n<meta name=\"twitter:label1\" content=\"Gesch\u00e4tzte Lesezeit\" \/>\n\t<meta name=\"twitter:data1\" content=\"2\u00a0Minuten\" \/>\n<script type=\"application\/ld+json\" class=\"yoast-schema-graph\">{\"@context\":\"https:\\\/\\\/schema.org\",\"@graph\":[{\"@type\":\"WebPage\",\"@id\":\"https:\\\/\\\/ts.at\\\/de\\\/karriere\\\/\",\"url\":\"https:\\\/\\\/ts.at\\\/de\\\/karriere\\\/\",\"name\":\"Karriere &#8211; TS&amp;P\",\"isPartOf\":{\"@id\":\"https:\\\/\\\/ts.at\\\/de\\\/#website\"},\"primaryImageOfPage\":{\"@id\":\"https:\\\/\\\/ts.at\\\/de\\\/karriere\\\/#primaryimage\"},\"image\":{\"@id\":\"https:\\\/\\\/ts.at\\\/de\\\/karriere\\\/#primaryimage\"},\"thumbnailUrl\":\"https:\\\/\\\/ts.at\\\/wp-content\\\/uploads\\\/2013\\\/05\\\/Headerstripe-carrier.jpg\",\"datePublished\":\"2013-05-23T13:58:29+00:00\",\"dateModified\":\"2023-10-30T18:13:01+00:00\",\"breadcrumb\":{\"@id\":\"https:\\\/\\\/ts.at\\\/de\\\/karriere\\\/#breadcrumb\"},\"inLanguage\":\"de\",\"potentialAction\":[{\"@type\":\"ReadAction\",\"target\":[\"https:\\\/\\\/ts.at\\\/de\\\/karriere\\\/\"]}]},{\"@type\":\"ImageObject\",\"inLanguage\":\"de\",\"@id\":\"https:\\\/\\\/ts.at\\\/de\\\/karriere\\\/#primaryimage\",\"url\":\"https:\\\/\\\/ts.at\\\/wp-content\\\/uploads\\\/2013\\\/05\\\/Headerstripe-carrier.jpg\",\"contentUrl\":\"https:\\\/\\\/ts.at\\\/wp-content\\\/uploads\\\/2013\\\/05\\\/Headerstripe-carrier.jpg\",\"width\":1828,\"height\":216},{\"@type\":\"BreadcrumbList\",\"@id\":\"https:\\\/\\\/ts.at\\\/de\\\/karriere\\\/#breadcrumb\",\"itemListElement\":[{\"@type\":\"ListItem\",\"position\":1,\"name\":\"Home\",\"item\":\"https:\\\/\\\/ts.at\\\/de\\\/\"},{\"@type\":\"ListItem\",\"position\":2,\"name\":\"Karriere\"}]},{\"@type\":\"WebSite\",\"@id\":\"https:\\\/\\\/ts.at\\\/de\\\/#website\",\"url\":\"https:\\\/\\\/ts.at\\\/de\\\/\",\"name\":\"Tonninger Schermaier & Partner\",\"description\":\"Rechtsanw\u00e4lte\",\"alternateName\":\"TS & P\",\"potentialAction\":[{\"@type\":\"SearchAction\",\"target\":{\"@type\":\"EntryPoint\",\"urlTemplate\":\"https:\\\/\\\/ts.at\\\/de\\\/?s={search_term_string}\"},\"query-input\":{\"@type\":\"PropertyValueSpecification\",\"valueRequired\":true,\"valueName\":\"search_term_string\"}}],\"inLanguage\":\"de\"}]}<\/script>\n<!-- \/ Yoast SEO plugin. -->","yoast_head_json":{"title":"Karriere &#8211; TS&amp;P","robots":{"index":"index","follow":"follow","max-snippet":"max-snippet:-1","max-image-preview":"max-image-preview:large","max-video-preview":"max-video-preview:-1"},"canonical":"https:\/\/ts.at\/de\/karriere\/","og_locale":"de_DE","og_type":"article","og_title":"Karriere &#8211; TS&amp;P","og_description":"Tonninger Schermaier &amp; Partner ist in jeder Hinsicht eine au\u00dfergew\u00f6hnliche Kanzlei. Wir haben das Know-How und die Qualit\u00e4t einer Gro\u00dfkanzlei bei einer gleichzeitig \u00fcberschaubaren Gr\u00f6\u00dfenstruktur, durch die wir uns rasch und pers\u00f6nlich auf die W\u00fcnsche unserer Mandanten einstellen k\u00f6nnen. Das professionelle und pers\u00f6nliche Verh\u00e4ltnis, das wir zu unseren Klienten pflegen, spiegelt sich auch beim Umgang","og_url":"https:\/\/ts.at\/de\/karriere\/","og_site_name":"TS&amp;P","article_modified_time":"2023-10-30T18:13:01+00:00","og_image":[{"width":1828,"height":216,"url":"https:\/\/ts.at\/wp-content\/uploads\/2013\/05\/Headerstripe-carrier.jpg","type":"image\/jpeg"}],"twitter_card":"summary_large_image","twitter_misc":{"Gesch\u00e4tzte Lesezeit":"2\u00a0Minuten"},"schema":{"@context":"https:\/\/schema.org","@graph":[{"@type":"WebPage","@id":"https:\/\/ts.at\/de\/karriere\/","url":"https:\/\/ts.at\/de\/karriere\/","name":"Karriere &#8211; TS&amp;P","isPartOf":{"@id":"https:\/\/ts.at\/de\/#website"},"primaryImageOfPage":{"@id":"https:\/\/ts.at\/de\/karriere\/#primaryimage"},"image":{"@id":"https:\/\/ts.at\/de\/karriere\/#primaryimage"},"thumbnailUrl":"https:\/\/ts.at\/wp-content\/uploads\/2013\/05\/Headerstripe-carrier.jpg","datePublished":"2013-05-23T13:58:29+00:00","dateModified":"2023-10-30T18:13:01+00:00","breadcrumb":{"@id":"https:\/\/ts.at\/de\/karriere\/#breadcrumb"},"inLanguage":"de","potentialAction":[{"@type":"ReadAction","target":["https:\/\/ts.at\/de\/karriere\/"]}]},{"@type":"ImageObject","inLanguage":"de","@id":"https:\/\/ts.at\/de\/karriere\/#primaryimage","url":"https:\/\/ts.at\/wp-content\/uploads\/2013\/05\/Headerstripe-carrier.jpg","contentUrl":"https:\/\/ts.at\/wp-content\/uploads\/2013\/05\/Headerstripe-carrier.jpg","width":1828,"height":216},{"@type":"BreadcrumbList","@id":"https:\/\/ts.at\/de\/karriere\/#breadcrumb","itemListElement":[{"@type":"ListItem","position":1,"name":"Home","item":"https:\/\/ts.at\/de\/"},{"@type":"ListItem","position":2,"name":"Karriere"}]},{"@type":"WebSite","@id":"https:\/\/ts.at\/de\/#website","url":"https:\/\/ts.at\/de\/","name":"Tonninger Schermaier & Partner","description":"Rechtsanw\u00e4lte","alternateName":"TS & P","potentialAction":[{"@type":"SearchAction","target":{"@type":"EntryPoint","urlTemplate":"https:\/\/ts.at\/de\/?s={search_term_string}"},"query-input":{"@type":"PropertyValueSpecification","valueRequired":true,"valueName":"search_term_string"}}],"inLanguage":"de"}]}},"_links":{"self":[{"href":"https:\/\/ts.at\/de\/wp-json\/wp\/v2\/pages\/8","targetHints":{"allow":["GET"]}}],"collection":[{"href":"https:\/\/ts.at\/de\/wp-json\/wp\/v2\/pages"}],"about":[{"href":"https:\/\/ts.at\/de\/wp-json\/wp\/v2\/types\/page"}],"author":[{"embeddable":true,"href":"https:\/\/ts.at\/de\/wp-json\/wp\/v2\/users\/7"}],"replies":[{"embeddable":true,"href":"https:\/\/ts.at\/de\/wp-json\/wp\/v2\/comments?post=8"}],"version-history":[{"count":5,"href":"https:\/\/ts.at\/de\/wp-json\/wp\/v2\/pages\/8\/revisions"}],"predecessor-version":[{"id":12001,"href":"https:\/\/ts.at\/de\/wp-json\/wp\/v2\/pages\/8\/revisions\/12001"}],"wp:featuredmedia":[{"embeddable":true,"href":"https:\/\/ts.at\/de\/wp-json\/wp\/v2\/media\/357"}],"wp:attachment":[{"href":"https:\/\/ts.at\/de\/wp-json\/wp\/v2\/media?parent=8"}],"curies":[{"name":"wp","href":"https:\/\/api.w.org\/{rel}","templated":true}]}}